{"id":1155,"date":"2020-02-05T09:52:29","date_gmt":"2020-02-05T08:52:29","guid":{"rendered":"https:\/\/borascamping.se\/kontakt-2\/"},"modified":"2022-06-08T10:13:30","modified_gmt":"2022-06-08T08:13:30","slug":"contact","status":"publish","type":"page","link":"https:\/\/borascamping.se\/en\/contact\/","title":{"rendered":"Contact"},"content":{"rendered":"\n<a href=\"https:\/\/www.google.com\/maps\/place\/Bor%C3%A5s+camping\/@57.7392916,12.9332355,15z\/data=!4m5!3m4!1s0x0:0x98d42cab41c4c37!8m2!3d57.7392916!4d12.9332355\" target=\"_blank\" rel=\"noreferrer noopener\">\n<img class=\"img-fluid d-block d-md-none mx-auto\" src=\"\/wp-content\/uploads\/2019\/04\/karta-mobile.png\" alt=\"\">\n\n<img class=\"img-fluid d-none d-md-block d-lg-none mx-auto\" src=\"\/wp-content\/uploads\/2019\/04\/karta-landscape.png\" alt=\"\">\n\n<img class=\"img-fluid d-none d-lg-block d-xl-none mb-3\" src=\"\/wp-content\/uploads\/2019\/04\/karta-landscape.png\" alt=\"\">\n\n<img class=\"img-fluid d-none d-xl-block mx-auto mb-3\" src=\"\/wp-content\/uploads\/2019\/04\/karta-desktop-2.png\" alt=\"\">\n<\/a>\n","protected":false},"excerpt":{"rendered":"","protected":false},"author":1,"featured_media":0,"parent":0,"menu_order":0,"comment_status":"closed","ping_status":"closed","template":"page-kontakt.php","meta":[],"yoast_head":"<!-- This site is optimized with the Yoast SEO plugin v18.3 - https:\/\/yoast.com\/wordpress\/plugins\/seo\/ -->\n<title>Contact - Bor\u00e5s Camping &amp; Vandrarhem<\/title>\n<meta name=\"robots\" content=\"index, follow, max-snippet:-1, max-image-preview:large, max-video-preview:-1\" \/>\n<link rel=\"canonical\" href=\"https:\/\/borascamping.se\/en\/contact\/\" \/>\n<meta property=\"og:locale\" content=\"en_US\" \/>\n<meta property=\"og:type\" content=\"article\" \/>\n<meta property=\"og:title\" content=\"Contact - Bor\u00e5s Camping &amp; Vandrarhem\" \/>\n<meta property=\"og:url\" content=\"https:\/\/borascamping.se\/en\/contact\/\" \/>\n<meta property=\"og:site_name\" content=\"Bor\u00e5s Camping &amp; Vandrarhem\" \/>\n<meta property=\"article:publisher\" content=\"https:\/\/www.facebook.com\/pages\/Bor%c3%a5s-Camping-Saltemad\/184385568239128?__tn__=%2cdkC-R-R&amp;amp%3bamp%3bamp%3bamp%3beid=ARAOyHCpAD0iAON-5UiBjd5J7ifAMMkrFLI7-EYOT2rsfELHShnvOFGP89MbBj6SIvb-j2nW9V2j9Amp&amp;amp%3bamp%3bamp%3bamp%3bhc_ref=ART0GRqRQn90XnrISo2cTV4UDe3jxMV9dotJ1G7bhZI0Ba1R4LGrSFc0wXIBiptbEsI&amp;amp%3bamp%3bamp%3bamp%3bfref=tag\" \/>\n<meta property=\"article:modified_time\" content=\"2022-06-08T08:13:30+00:00\" \/>\n<meta property=\"og:image\" content=\"https:\/\/borascamping.se\/wp-content\/uploads\/2019\/04\/karta-mobile.png\" \/>\n<meta name=\"twitter:card\" content=\"summary_large_image\" \/>\n<meta name=\"twitter:label1\" content=\"Est. reading time\" \/>\n\t<meta name=\"twitter:data1\" content=\"1 minute\" \/>\n<script type=\"application\/ld+json\" class=\"yoast-schema-graph\">{\"@context\":\"https:\/\/schema.org\",\"@graph\":[{\"@type\":\"WebSite\",\"@id\":\"https:\/\/www.borascamping.se\/#website\",\"url\":\"https:\/\/www.borascamping.se\/\",\"name\":\"Bor\u00e5s Camping &amp; Vandrarhem\",\"description\":\"Bor\u00e5s roligaste camping med \u00c4ventyrsomr\u00e5de, restaurang, butik, kiosk, relax med bastu, \u00c4ventyrsgolf, kanoter, trampb\u00e5t, SUP, biljard, konferens, frisbeegolf, boule, badplats och mycket mer\",\"potentialAction\":[{\"@type\":\"SearchAction\",\"target\":{\"@type\":\"EntryPoint\",\"urlTemplate\":\"https:\/\/www.borascamping.se\/?s={search_term_string}\"},\"query-input\":\"required name=search_term_string\"}],\"inLanguage\":\"en-US\"},{\"@type\":\"ImageObject\",\"@id\":\"https:\/\/borascamping.se\/en\/contact\/#primaryimage\",\"inLanguage\":\"en-US\",\"url\":\"\/wp-content\/uploads\/2019\/04\/karta-mobile.png\",\"contentUrl\":\"\/wp-content\/uploads\/2019\/04\/karta-mobile.png\"},{\"@type\":\"WebPage\",\"@id\":\"https:\/\/borascamping.se\/en\/contact\/#webpage\",\"url\":\"https:\/\/borascamping.se\/en\/contact\/\",\"name\":\"Contact - Bor\u00e5s Camping &amp; Vandrarhem\",\"isPartOf\":{\"@id\":\"https:\/\/www.borascamping.se\/#website\"},\"primaryImageOfPage\":{\"@id\":\"https:\/\/borascamping.se\/en\/contact\/#primaryimage\"},\"datePublished\":\"2020-02-05T08:52:29+00:00\",\"dateModified\":\"2022-06-08T08:13:30+00:00\",\"breadcrumb\":{\"@id\":\"https:\/\/borascamping.se\/en\/contact\/#breadcrumb\"},\"inLanguage\":\"en-US\",\"potentialAction\":[{\"@type\":\"ReadAction\",\"target\":[\"https:\/\/borascamping.se\/en\/contact\/\"]}]},{\"@type\":\"BreadcrumbList\",\"@id\":\"https:\/\/borascamping.se\/en\/contact\/#breadcrumb\",\"itemListElement\":[{\"@type\":\"ListItem\",\"position\":1,\"name\":\"Contact\"}]}]}<\/script>\n<!-- \/ Yoast SEO plugin. -->","yoast_head_json":{"title":"Contact - Bor\u00e5s Camping &amp; Vandrarhem","robots":{"index":"index","follow":"follow","max-snippet":"max-snippet:-1","max-image-preview":"max-image-preview:large","max-video-preview":"max-video-preview:-1"},"canonical":"https:\/\/borascamping.se\/en\/contact\/","og_locale":"en_US","og_type":"article","og_title":"Contact - Bor\u00e5s Camping &amp; Vandrarhem","og_url":"https:\/\/borascamping.se\/en\/contact\/","og_site_name":"Bor\u00e5s Camping &amp; Vandrarhem","article_publisher":"https:\/\/www.facebook.com\/pages\/Bor%c3%a5s-Camping-Saltemad\/184385568239128?__tn__=%2cdkC-R-R&amp%3bamp%3bamp%3bamp%3beid=ARAOyHCpAD0iAON-5UiBjd5J7ifAMMkrFLI7-EYOT2rsfELHShnvOFGP89MbBj6SIvb-j2nW9V2j9Amp&amp%3bamp%3bamp%3bamp%3bhc_ref=ART0GRqRQn90XnrISo2cTV4UDe3jxMV9dotJ1G7bhZI0Ba1R4LGrSFc0wXIBiptbEsI&amp%3bamp%3bamp%3bamp%3bfref=tag","article_modified_time":"2022-06-08T08:13:30+00:00","og_image":[{"url":"https:\/\/borascamping.se\/wp-content\/uploads\/2019\/04\/karta-mobile.png"}],"twitter_card":"summary_large_image","twitter_misc":{"Est. reading time":"1 minute"},"schema":{"@context":"https:\/\/schema.org","@graph":[{"@type":"WebSite","@id":"https:\/\/www.borascamping.se\/#website","url":"https:\/\/www.borascamping.se\/","name":"Bor\u00e5s Camping &amp; Vandrarhem","description":"Bor\u00e5s roligaste camping med \u00c4ventyrsomr\u00e5de, restaurang, butik, kiosk, relax med bastu, \u00c4ventyrsgolf, kanoter, trampb\u00e5t, SUP, biljard, konferens, frisbeegolf, boule, badplats och mycket mer","potentialAction":[{"@type":"SearchAction","target":{"@type":"EntryPoint","urlTemplate":"https:\/\/www.borascamping.se\/?s={search_term_string}"},"query-input":"required name=search_term_string"}],"inLanguage":"en-US"},{"@type":"ImageObject","@id":"https:\/\/borascamping.se\/en\/contact\/#primaryimage","inLanguage":"en-US","url":"\/wp-content\/uploads\/2019\/04\/karta-mobile.png","contentUrl":"\/wp-content\/uploads\/2019\/04\/karta-mobile.png"},{"@type":"WebPage","@id":"https:\/\/borascamping.se\/en\/contact\/#webpage","url":"https:\/\/borascamping.se\/en\/contact\/","name":"Contact - Bor\u00e5s Camping &amp; Vandrarhem","isPartOf":{"@id":"https:\/\/www.borascamping.se\/#website"},"primaryImageOfPage":{"@id":"https:\/\/borascamping.se\/en\/contact\/#primaryimage"},"datePublished":"2020-02-05T08:52:29+00:00","dateModified":"2022-06-08T08:13:30+00:00","breadcrumb":{"@id":"https:\/\/borascamping.se\/en\/contact\/#breadcrumb"},"inLanguage":"en-US","potentialAction":[{"@type":"ReadAction","target":["https:\/\/borascamping.se\/en\/contact\/"]}]},{"@type":"BreadcrumbList","@id":"https:\/\/borascamping.se\/en\/contact\/#breadcrumb","itemListElement":[{"@type":"ListItem","position":1,"name":"Contact"}]}]}},"acf":[],"_links":{"self":[{"href":"https:\/\/borascamping.se\/en\/wp-json\/wp\/v2\/pages\/1155"}],"collection":[{"href":"https:\/\/borascamping.se\/en\/wp-json\/wp\/v2\/pages"}],"about":[{"href":"https:\/\/borascamping.se\/en\/wp-json\/wp\/v2\/types\/page"}],"author":[{"embeddable":true,"href":"https:\/\/borascamping.se\/en\/wp-json\/wp\/v2\/users\/1"}],"replies":[{"embeddable":true,"href":"https:\/\/borascamping.se\/en\/wp-json\/wp\/v2\/comments?post=1155"}],"version-history":[{"count":4,"href":"https:\/\/borascamping.se\/en\/wp-json\/wp\/v2\/pages\/1155\/revisions"}],"predecessor-version":[{"id":1226,"href":"https:\/\/borascamping.se\/en\/wp-json\/wp\/v2\/pages\/1155\/revisions\/1226"}],"wp:attachment":[{"href":"https:\/\/borascamping.se\/en\/wp-json\/wp\/v2\/media?parent=1155"}],"curies":[{"name":"wp","href":"https:\/\/api.w.org\/{rel}","templated":true}]}}