{"id":1163,"date":"2018-12-17T14:09:51","date_gmt":"2018-12-17T13:09:51","guid":{"rendered":"https:\/\/borascamping.se\/boende-2\/vandrarhem\/"},"modified":"2023-01-03T15:42:12","modified_gmt":"2023-01-03T14:42:12","slug":"vandrarhem","status":"publish","type":"page","link":"https:\/\/borascamping.se\/en\/accommodations\/vandrarhem\/","title":{"rendered":"Hostel"},"content":{"rendered":"\n<p>Bor\u00e5s Camping also offers hostel accommodation. You will stay either in a double room or a four-bed room. The hostel is located near reception, the store and bistro. Book the entire hostel or book a room.<\/p>\n\n\n\n<p>Book via reception <a href=\"mailto:info@borascamping.se\">info@borascamping.se<\/a><\/p>\n","protected":false},"excerpt":{"rendered":"<p>Bor\u00e5s Camping also offers hostel accommodation. You will stay either in a double room or a four-bed room. The hostel\u2026<\/p>\n","protected":false},"author":1,"featured_media":0,"parent":1159,"menu_order":0,"comment_status":"closed","ping_status":"closed","template":"page-vandrarhem.php","meta":[],"yoast_head":"<!-- This site is optimized with the Yoast SEO plugin v18.3 - https:\/\/yoast.com\/wordpress\/plugins\/seo\/ -->\n<title>Hostel - Bor\u00e5s Camping &amp; Vandrarhem<\/title>\n<meta name=\"robots\" content=\"index, follow, max-snippet:-1, max-image-preview:large, max-video-preview:-1\" \/>\n<link rel=\"canonical\" href=\"https:\/\/borascamping.se\/en\/accommodations\/vandrarhem\/\" \/>\n<meta property=\"og:locale\" content=\"en_US\" \/>\n<meta property=\"og:type\" content=\"article\" \/>\n<meta property=\"og:title\" content=\"Hostel - Bor\u00e5s Camping &amp; Vandrarhem\" \/>\n<meta property=\"og:description\" content=\"Bor\u00e5s Camping also offers hostel accommodation. You will stay either in a double room or a four-bed room. The hostel\u2026\" \/>\n<meta property=\"og:url\" content=\"https:\/\/borascamping.se\/en\/accommodations\/vandrarhem\/\" \/>\n<meta property=\"og:site_name\" content=\"Bor\u00e5s Camping &amp; Vandrarhem\" \/>\n<meta property=\"article:publisher\" content=\"https:\/\/www.facebook.com\/pages\/Bor%c3%a5s-Camping-Saltemad\/184385568239128?__tn__=%2cdkC-R-R&amp;amp%3bamp%3bamp%3bamp%3beid=ARAOyHCpAD0iAON-5UiBjd5J7ifAMMkrFLI7-EYOT2rsfELHShnvOFGP89MbBj6SIvb-j2nW9V2j9Amp&amp;amp%3bamp%3bamp%3bamp%3bhc_ref=ART0GRqRQn90XnrISo2cTV4UDe3jxMV9dotJ1G7bhZI0Ba1R4LGrSFc0wXIBiptbEsI&amp;amp%3bamp%3bamp%3bamp%3bfref=tag\" \/>\n<meta property=\"article:modified_time\" content=\"2023-01-03T14:42:12+00:00\" \/>\n<meta name=\"twitter:card\" content=\"summary_large_image\" \/>\n<meta name=\"twitter:label1\" content=\"Est. reading time\" \/>\n\t<meta name=\"twitter:data1\" content=\"1 minute\" \/>\n<script type=\"application\/ld+json\" class=\"yoast-schema-graph\">{\"@context\":\"https:\/\/schema.org\",\"@graph\":[{\"@type\":\"WebSite\",\"@id\":\"https:\/\/www.borascamping.se\/#website\",\"url\":\"https:\/\/www.borascamping.se\/\",\"name\":\"Bor\u00e5s Camping &amp; Vandrarhem\",\"description\":\"Bor\u00e5s roligaste camping med \u00c4ventyrsomr\u00e5de, restaurang, butik, kiosk, relax med bastu, \u00c4ventyrsgolf, kanoter, trampb\u00e5t, SUP, biljard, konferens, frisbeegolf, boule, badplats och mycket mer\",\"potentialAction\":[{\"@type\":\"SearchAction\",\"target\":{\"@type\":\"EntryPoint\",\"urlTemplate\":\"https:\/\/www.borascamping.se\/?s={search_term_string}\"},\"query-input\":\"required name=search_term_string\"}],\"inLanguage\":\"en-US\"},{\"@type\":\"WebPage\",\"@id\":\"https:\/\/borascamping.se\/en\/accommodations\/vandrarhem\/#webpage\",\"url\":\"https:\/\/borascamping.se\/en\/accommodations\/vandrarhem\/\",\"name\":\"Hostel - Bor\u00e5s Camping &amp; Vandrarhem\",\"isPartOf\":{\"@id\":\"https:\/\/www.borascamping.se\/#website\"},\"datePublished\":\"2018-12-17T13:09:51+00:00\",\"dateModified\":\"2023-01-03T14:42:12+00:00\",\"breadcrumb\":{\"@id\":\"https:\/\/borascamping.se\/en\/accommodations\/vandrarhem\/#breadcrumb\"},\"inLanguage\":\"en-US\",\"potentialAction\":[{\"@type\":\"ReadAction\",\"target\":[\"https:\/\/borascamping.se\/en\/accommodations\/vandrarhem\/\"]}]},{\"@type\":\"BreadcrumbList\",\"@id\":\"https:\/\/borascamping.se\/en\/accommodations\/vandrarhem\/#breadcrumb\",\"itemListElement\":[{\"@type\":\"ListItem\",\"position\":1,\"name\":\"Accommodations\",\"item\":\"https:\/\/borascamping.se\/en\/accommodations\/\"},{\"@type\":\"ListItem\",\"position\":2,\"name\":\"Hostel\"}]}]}<\/script>\n<!-- \/ Yoast SEO plugin. -->","yoast_head_json":{"title":"Hostel - Bor\u00e5s Camping &amp; Vandrarhem","robots":{"index":"index","follow":"follow","max-snippet":"max-snippet:-1","max-image-preview":"max-image-preview:large","max-video-preview":"max-video-preview:-1"},"canonical":"https:\/\/borascamping.se\/en\/accommodations\/vandrarhem\/","og_locale":"en_US","og_type":"article","og_title":"Hostel - Bor\u00e5s Camping &amp; Vandrarhem","og_description":"Bor\u00e5s Camping also offers hostel accommodation. You will stay either in a double room or a four-bed room. The hostel\u2026","og_url":"https:\/\/borascamping.se\/en\/accommodations\/vandrarhem\/","og_site_name":"Bor\u00e5s Camping &amp; Vandrarhem","article_publisher":"https:\/\/www.facebook.com\/pages\/Bor%c3%a5s-Camping-Saltemad\/184385568239128?__tn__=%2cdkC-R-R&amp%3bamp%3bamp%3bamp%3beid=ARAOyHCpAD0iAON-5UiBjd5J7ifAMMkrFLI7-EYOT2rsfELHShnvOFGP89MbBj6SIvb-j2nW9V2j9Amp&amp%3bamp%3bamp%3bamp%3bhc_ref=ART0GRqRQn90XnrISo2cTV4UDe3jxMV9dotJ1G7bhZI0Ba1R4LGrSFc0wXIBiptbEsI&amp%3bamp%3bamp%3bamp%3bfref=tag","article_modified_time":"2023-01-03T14:42:12+00:00","twitter_card":"summary_large_image","twitter_misc":{"Est. reading time":"1 minute"},"schema":{"@context":"https:\/\/schema.org","@graph":[{"@type":"WebSite","@id":"https:\/\/www.borascamping.se\/#website","url":"https:\/\/www.borascamping.se\/","name":"Bor\u00e5s Camping &amp; Vandrarhem","description":"Bor\u00e5s roligaste camping med \u00c4ventyrsomr\u00e5de, restaurang, butik, kiosk, relax med bastu, \u00c4ventyrsgolf, kanoter, trampb\u00e5t, SUP, biljard, konferens, frisbeegolf, boule, badplats och mycket mer","potentialAction":[{"@type":"SearchAction","target":{"@type":"EntryPoint","urlTemplate":"https:\/\/www.borascamping.se\/?s={search_term_string}"},"query-input":"required name=search_term_string"}],"inLanguage":"en-US"},{"@type":"WebPage","@id":"https:\/\/borascamping.se\/en\/accommodations\/vandrarhem\/#webpage","url":"https:\/\/borascamping.se\/en\/accommodations\/vandrarhem\/","name":"Hostel - Bor\u00e5s Camping &amp; Vandrarhem","isPartOf":{"@id":"https:\/\/www.borascamping.se\/#website"},"datePublished":"2018-12-17T13:09:51+00:00","dateModified":"2023-01-03T14:42:12+00:00","breadcrumb":{"@id":"https:\/\/borascamping.se\/en\/accommodations\/vandrarhem\/#breadcrumb"},"inLanguage":"en-US","potentialAction":[{"@type":"ReadAction","target":["https:\/\/borascamping.se\/en\/accommodations\/vandrarhem\/"]}]},{"@type":"BreadcrumbList","@id":"https:\/\/borascamping.se\/en\/accommodations\/vandrarhem\/#breadcrumb","itemListElement":[{"@type":"ListItem","position":1,"name":"Accommodations","item":"https:\/\/borascamping.se\/en\/accommodations\/"},{"@type":"ListItem","position":2,"name":"Hostel"}]}]}},"acf":[],"_links":{"self":[{"href":"https:\/\/borascamping.se\/en\/wp-json\/wp\/v2\/pages\/1163"}],"collection":[{"href":"https:\/\/borascamping.se\/en\/wp-json\/wp\/v2\/pages"}],"about":[{"href":"https:\/\/borascamping.se\/en\/wp-json\/wp\/v2\/types\/page"}],"author":[{"embeddable":true,"href":"https:\/\/borascamping.se\/en\/wp-json\/wp\/v2\/users\/1"}],"replies":[{"embeddable":true,"href":"https:\/\/borascamping.se\/en\/wp-json\/wp\/v2\/comments?post=1163"}],"version-history":[{"count":14,"href":"https:\/\/borascamping.se\/en\/wp-json\/wp\/v2\/pages\/1163\/revisions"}],"predecessor-version":[{"id":3530,"href":"https:\/\/borascamping.se\/en\/wp-json\/wp\/v2\/pages\/1163\/revisions\/3530"}],"up":[{"embeddable":true,"href":"https:\/\/borascamping.se\/en\/wp-json\/wp\/v2\/pages\/1159"}],"wp:attachment":[{"href":"https:\/\/borascamping.se\/en\/wp-json\/wp\/v2\/media?parent=1163"}],"curies":[{"name":"wp","href":"https:\/\/api.w.org\/{rel}","templated":true}]}}