{"id":1167,"date":"2022-06-08T08:31:58","date_gmt":"2022-06-08T06:31:58","guid":{"rendered":"https:\/\/borascamping.se\/?page_id=1167"},"modified":"2022-06-08T08:32:41","modified_gmt":"2022-06-08T06:32:41","slug":"find-us","status":"publish","type":"page","link":"https:\/\/borascamping.se\/en\/contact\/find-us\/","title":{"rendered":"Find us"},"content":{"rendered":"\n<p>Bor\u00e5s Camping is just north of the city centre. A stone\u2019s throw from the campgrounds are: Bor\u00e5s Zoo, Upzone adventure park, Alidebergsbadet swimming centre and Tropikhuset tropical centre. 500 metres north of Bor\u00e5s Arena, Knalleland shopping centre, the ice skating rink, tennis courts etc.<\/p>\n\n\n\n<p><strong>DIRECTIONS If you are arriving by car from the south\/east\/west:<\/strong><br>Take road 42 towards Trollh\u00e4ttan when you arrive to Bor\u00e5s. Follow the Knalleland sign. After passing Knalleland and Bor\u00e5s Arena, take the third exit off the roundabout. The zoo is to the right, the campgrounds are to the left. Sign: Saltemad.<\/p>\n\n\n\n<p><strong>DIRECTIONS If you are arriving from the north on road 42,<\/strong><br>Bor\u00e5s Camping is on the way towards downtown Bor\u00e5s. You will come down a hill from the new road 42. At the second roundabout, take the first exit (right). The zoo is to the left from the roundabout. The campgrounds are to the right. Sign: Saltemad.<\/p>\n\n\n\n<p><strong>PUBLIC TRANSPORT<\/strong><br><strong>If you are arriving by bus\/train to the Knalleland stop<\/strong><br>If your train stops at Knalleland, choose this stop. Walk about 800 m to the campgrounds. Walk through the Knalleland shopping centre to the arterial road. Follow it north. At the roundabout, cross the street. Follow Campinggatan to its conclusion and you have arrived.<\/p>\n\n\n\n<p><strong>If you are arriving by bus\/train to Resecentrum\/S\u00f6dra Torget<\/strong><br>Take bus no. 1 towards Sj\u00f6bo. Ride through Knalleland. Get off at the Erikslund stop.<br>Ask the driver which is the right stop if you are uncertain. From the stop, walk towards the roundabout. Cross the arterial road, follow Campinggatan to its conclusion and you have arrived.<\/p>\n\n\n\n<p>For detailed information about buses and schedules, visit www.vasttrafik.se<\/p>\n\n\n\n<p>Welcome!<\/p>\n\n\n\n<p class=\"has-text-align-center\"><strong>GPS <strong>coordinates<\/strong><\/strong><\/p>\n\n\n\n<div class=\"wp-block-image\"><figure class=\"aligncenter\"><img loading=\"lazy\" width=\"36\" height=\"35\" src=\"https:\/\/borascamping.se\/wp-content\/uploads\/2018\/12\/icon-map.png\" alt=\"\" class=\"wp-image-253\"\/><figcaption><br><\/figcaption><\/figure><\/div>\n\n\n\n<p class=\"has-text-align-center\">N 57. 93883<\/p>\n\n\n\n<p class=\"has-text-align-center\">E 012,93153<\/p>\n\n\n\n<p class=\"has-text-align-center\"><strong>WGS84<\/strong><strong><br><\/strong>57\u00b044\u201920.6\u2033N 12\u00b055\u201957.3\u2033E<\/p>\n\n\n\n<p class=\"has-text-align-center\"><strong>WGS84 DDM<\/strong><strong><br><\/strong>57\u00b044.344\u2019N 12\u00b055.955\u2019E<\/p>\n\n\n\n<p class=\"has-text-align-center\"><strong>WGS84 decimal (lat, lon)<\/strong><strong><br><\/strong>57.739063, 12.932582<\/p>\n\n\n\n<p class=\"has-text-align-center\"><strong>RT90<\/strong><br>6405219, 1328930<\/p>\n\n\n\n<p class=\"has-text-align-center\"><strong>SWEREF99 TM<\/strong><strong><br><\/strong>6401538, 376920<\/p>\n","protected":false},"excerpt":{"rendered":"<p>Bor\u00e5s Camping is just north of the city centre. A stone\u2019s throw from the campgrounds are: Bor\u00e5s Zoo, Upzone adventure\u2026<\/p>\n","protected":false},"author":1,"featured_media":0,"parent":1155,"menu_order":0,"comment_status":"closed","ping_status":"closed","template":"","meta":[],"yoast_head":"<!-- This site is optimized with the Yoast SEO plugin v18.3 - https:\/\/yoast.com\/wordpress\/plugins\/seo\/ -->\n<title>Find us - Bor\u00e5s Camping &amp; Vandrarhem<\/title>\n<meta name=\"robots\" content=\"index, follow, max-snippet:-1, max-image-preview:large, max-video-preview:-1\" \/>\n<link rel=\"canonical\" href=\"https:\/\/164.92.144.183\/en\/contact\/find-us\/\" \/>\n<meta property=\"og:locale\" content=\"en_US\" \/>\n<meta property=\"og:type\" content=\"article\" \/>\n<meta property=\"og:title\" content=\"Find us - Bor\u00e5s Camping &amp; Vandrarhem\" \/>\n<meta property=\"og:description\" content=\"Bor\u00e5s Camping is just north of the city centre. A stone\u2019s throw from the campgrounds are: Bor\u00e5s Zoo, Upzone adventure\u2026\" \/>\n<meta property=\"og:url\" content=\"https:\/\/164.92.144.183\/en\/contact\/find-us\/\" \/>\n<meta property=\"og:site_name\" content=\"Bor\u00e5s Camping &amp; Vandrarhem\" \/>\n<meta property=\"article:publisher\" content=\"https:\/\/www.facebook.com\/pages\/Bor%c3%a5s-Camping-Saltemad\/184385568239128?__tn__=%2cdkC-R-R&amp;amp%3bamp%3bamp%3bamp%3beid=ARAOyHCpAD0iAON-5UiBjd5J7ifAMMkrFLI7-EYOT2rsfELHShnvOFGP89MbBj6SIvb-j2nW9V2j9Amp&amp;amp%3bamp%3bamp%3bamp%3bhc_ref=ART0GRqRQn90XnrISo2cTV4UDe3jxMV9dotJ1G7bhZI0Ba1R4LGrSFc0wXIBiptbEsI&amp;amp%3bamp%3bamp%3bamp%3bfref=tag\" \/>\n<meta property=\"article:modified_time\" content=\"2022-06-08T06:32:41+00:00\" \/>\n<meta property=\"og:image\" content=\"https:\/\/borascamping.se\/wp-content\/uploads\/2018\/12\/icon-map.png\" \/>\n<meta name=\"twitter:card\" content=\"summary_large_image\" \/>\n<meta name=\"twitter:label1\" content=\"Est. reading time\" \/>\n\t<meta name=\"twitter:data1\" content=\"2 minutes\" \/>\n<script type=\"application\/ld+json\" class=\"yoast-schema-graph\">{\"@context\":\"https:\/\/schema.org\",\"@graph\":[{\"@type\":\"WebSite\",\"@id\":\"https:\/\/borascamping.se\/#website\",\"url\":\"https:\/\/borascamping.se\/\",\"name\":\"Bor\u00e5s Camping &amp; Vandrarhem\",\"description\":\"Bor\u00e5s roligaste camping med \u00c4ventyrsomr\u00e5de, restaurang, butik, kiosk, relax med bastu, \u00c4ventyrsgolf, kanoter, trampb\u00e5t, SUP, biljard, konferens, frisbeegolf, boule, badplats och mycket mer\",\"potentialAction\":[{\"@type\":\"SearchAction\",\"target\":{\"@type\":\"EntryPoint\",\"urlTemplate\":\"https:\/\/borascamping.se\/?s={search_term_string}\"},\"query-input\":\"required name=search_term_string\"}],\"inLanguage\":\"en-US\"},{\"@type\":\"ImageObject\",\"@id\":\"https:\/\/164.92.144.183\/en\/contact\/find-us\/#primaryimage\",\"inLanguage\":\"en-US\",\"url\":\"https:\/\/borascamping.se\/wp-content\/uploads\/2018\/12\/icon-map.png\",\"contentUrl\":\"https:\/\/borascamping.se\/wp-content\/uploads\/2018\/12\/icon-map.png\",\"width\":36,\"height\":35},{\"@type\":\"WebPage\",\"@id\":\"https:\/\/164.92.144.183\/en\/contact\/find-us\/#webpage\",\"url\":\"https:\/\/164.92.144.183\/en\/contact\/find-us\/\",\"name\":\"Find us - Bor\u00e5s Camping &amp; Vandrarhem\",\"isPartOf\":{\"@id\":\"https:\/\/borascamping.se\/#website\"},\"primaryImageOfPage\":{\"@id\":\"https:\/\/164.92.144.183\/en\/contact\/find-us\/#primaryimage\"},\"datePublished\":\"2022-06-08T06:31:58+00:00\",\"dateModified\":\"2022-06-08T06:32:41+00:00\",\"breadcrumb\":{\"@id\":\"https:\/\/164.92.144.183\/en\/contact\/find-us\/#breadcrumb\"},\"inLanguage\":\"en-US\",\"potentialAction\":[{\"@type\":\"ReadAction\",\"target\":[\"https:\/\/164.92.144.183\/en\/contact\/find-us\/\"]}]},{\"@type\":\"BreadcrumbList\",\"@id\":\"https:\/\/164.92.144.183\/en\/contact\/find-us\/#breadcrumb\",\"itemListElement\":[{\"@type\":\"ListItem\",\"position\":1,\"name\":\"Contact\",\"item\":\"https:\/\/mail.borascamping.se\/en\/contact\/\"},{\"@type\":\"ListItem\",\"position\":2,\"name\":\"Find us\"}]}]}<\/script>\n<!-- \/ Yoast SEO plugin. -->","yoast_head_json":{"title":"Find us - Bor\u00e5s Camping &amp; Vandrarhem","robots":{"index":"index","follow":"follow","max-snippet":"max-snippet:-1","max-image-preview":"max-image-preview:large","max-video-preview":"max-video-preview:-1"},"canonical":"https:\/\/164.92.144.183\/en\/contact\/find-us\/","og_locale":"en_US","og_type":"article","og_title":"Find us - Bor\u00e5s Camping &amp; Vandrarhem","og_description":"Bor\u00e5s Camping is just north of the city centre. A stone\u2019s throw from the campgrounds are: Bor\u00e5s Zoo, Upzone adventure\u2026","og_url":"https:\/\/164.92.144.183\/en\/contact\/find-us\/","og_site_name":"Bor\u00e5s Camping &amp; Vandrarhem","article_publisher":"https:\/\/www.facebook.com\/pages\/Bor%c3%a5s-Camping-Saltemad\/184385568239128?__tn__=%2cdkC-R-R&amp%3bamp%3bamp%3bamp%3beid=ARAOyHCpAD0iAON-5UiBjd5J7ifAMMkrFLI7-EYOT2rsfELHShnvOFGP89MbBj6SIvb-j2nW9V2j9Amp&amp%3bamp%3bamp%3bamp%3bhc_ref=ART0GRqRQn90XnrISo2cTV4UDe3jxMV9dotJ1G7bhZI0Ba1R4LGrSFc0wXIBiptbEsI&amp%3bamp%3bamp%3bamp%3bfref=tag","article_modified_time":"2022-06-08T06:32:41+00:00","og_image":[{"url":"https:\/\/borascamping.se\/wp-content\/uploads\/2018\/12\/icon-map.png"}],"twitter_card":"summary_large_image","twitter_misc":{"Est. reading time":"2 minutes"},"schema":{"@context":"https:\/\/schema.org","@graph":[{"@type":"WebSite","@id":"https:\/\/borascamping.se\/#website","url":"https:\/\/borascamping.se\/","name":"Bor\u00e5s Camping &amp; Vandrarhem","description":"Bor\u00e5s roligaste camping med \u00c4ventyrsomr\u00e5de, restaurang, butik, kiosk, relax med bastu, \u00c4ventyrsgolf, kanoter, trampb\u00e5t, SUP, biljard, konferens, frisbeegolf, boule, badplats och mycket mer","potentialAction":[{"@type":"SearchAction","target":{"@type":"EntryPoint","urlTemplate":"https:\/\/borascamping.se\/?s={search_term_string}"},"query-input":"required name=search_term_string"}],"inLanguage":"en-US"},{"@type":"ImageObject","@id":"https:\/\/164.92.144.183\/en\/contact\/find-us\/#primaryimage","inLanguage":"en-US","url":"https:\/\/borascamping.se\/wp-content\/uploads\/2018\/12\/icon-map.png","contentUrl":"https:\/\/borascamping.se\/wp-content\/uploads\/2018\/12\/icon-map.png","width":36,"height":35},{"@type":"WebPage","@id":"https:\/\/164.92.144.183\/en\/contact\/find-us\/#webpage","url":"https:\/\/164.92.144.183\/en\/contact\/find-us\/","name":"Find us - Bor\u00e5s Camping &amp; Vandrarhem","isPartOf":{"@id":"https:\/\/borascamping.se\/#website"},"primaryImageOfPage":{"@id":"https:\/\/164.92.144.183\/en\/contact\/find-us\/#primaryimage"},"datePublished":"2022-06-08T06:31:58+00:00","dateModified":"2022-06-08T06:32:41+00:00","breadcrumb":{"@id":"https:\/\/164.92.144.183\/en\/contact\/find-us\/#breadcrumb"},"inLanguage":"en-US","potentialAction":[{"@type":"ReadAction","target":["https:\/\/164.92.144.183\/en\/contact\/find-us\/"]}]},{"@type":"BreadcrumbList","@id":"https:\/\/164.92.144.183\/en\/contact\/find-us\/#breadcrumb","itemListElement":[{"@type":"ListItem","position":1,"name":"Contact","item":"https:\/\/mail.borascamping.se\/en\/contact\/"},{"@type":"ListItem","position":2,"name":"Find us"}]}]}},"acf":[],"_links":{"self":[{"href":"https:\/\/borascamping.se\/en\/wp-json\/wp\/v2\/pages\/1167"}],"collection":[{"href":"https:\/\/borascamping.se\/en\/wp-json\/wp\/v2\/pages"}],"about":[{"href":"https:\/\/borascamping.se\/en\/wp-json\/wp\/v2\/types\/page"}],"author":[{"embeddable":true,"href":"https:\/\/borascamping.se\/en\/wp-json\/wp\/v2\/users\/1"}],"replies":[{"embeddable":true,"href":"https:\/\/borascamping.se\/en\/wp-json\/wp\/v2\/comments?post=1167"}],"version-history":[{"count":3,"href":"https:\/\/borascamping.se\/en\/wp-json\/wp\/v2\/pages\/1167\/revisions"}],"predecessor-version":[{"id":3132,"href":"https:\/\/borascamping.se\/en\/wp-json\/wp\/v2\/pages\/1167\/revisions\/3132"}],"up":[{"embeddable":true,"href":"https:\/\/borascamping.se\/en\/wp-json\/wp\/v2\/pages\/1155"}],"wp:attachment":[{"href":"https:\/\/borascamping.se\/en\/wp-json\/wp\/v2\/media?parent=1167"}],"curies":[{"name":"wp","href":"https:\/\/api.w.org\/{rel}","templated":true}]}}