{"id":1171,"date":"2018-12-11T17:02:53","date_gmt":"2018-12-11T16:02:53","guid":{"rendered":"https:\/\/borascamping.se\/hem-2\/"},"modified":"2023-08-23T16:45:55","modified_gmt":"2023-08-23T14:45:55","slug":"hem","status":"publish","type":"page","link":"https:\/\/borascamping.se\/en\/","title":{"rendered":"Home"},"content":{"rendered":"\n<h2 class=\"has-text-align-center display-4\">Hiring a cabin from us is the beginning of a great holiday.<\/h2>\n\n\n\n<p class=\"has-text-align-center\">Enjoy beautiful nature, experience adventures at Bor\u00e5s Zoo, hike through Rya \u00c5sar, go canoeing on the Viskan, or play billiards in our restaurant. Bor\u00e5s Camping is one of the biggest city campgrounds in Sweden, with 52 cabins, a hostel, and over 300 campsites.<\/p>\n","protected":false},"excerpt":{"rendered":"<p>Hiring a cabin from us is the beginning of a great holiday. Enjoy beautiful nature, experience adventures at Bor\u00e5s Zoo,\u2026<\/p>\n","protected":false},"author":1,"featured_media":2681,"parent":0,"menu_order":0,"comment_status":"closed","ping_status":"closed","template":"","meta":[],"yoast_head":"<!-- This site is optimized with the Yoast SEO plugin v18.3 - https:\/\/yoast.com\/wordpress\/plugins\/seo\/ -->\n<title>Home - Bor\u00e5s Camping &amp; Vandrarhem<\/title>\n<meta name=\"robots\" content=\"index, follow, max-snippet:-1, max-image-preview:large, max-video-preview:-1\" \/>\n<link rel=\"canonical\" href=\"https:\/\/borascamping.se\/en\/\" \/>\n<meta property=\"og:locale\" content=\"en_US\" \/>\n<meta property=\"og:type\" content=\"article\" \/>\n<meta property=\"og:title\" content=\"Home - Bor\u00e5s Camping &amp; Vandrarhem\" \/>\n<meta property=\"og:description\" content=\"Hiring a cabin from us is the beginning of a great holiday. Enjoy beautiful nature, experience adventures at Bor\u00e5s Zoo,\u2026\" \/>\n<meta property=\"og:url\" content=\"https:\/\/borascamping.se\/en\/\" \/>\n<meta property=\"og:site_name\" content=\"Bor\u00e5s Camping &amp; Vandrarhem\" \/>\n<meta property=\"article:publisher\" content=\"https:\/\/www.facebook.com\/pages\/Bor%c3%a5s-Camping-Saltemad\/184385568239128?__tn__=%2cdkC-R-R&amp;amp%3bamp%3bamp%3bamp%3beid=ARAOyHCpAD0iAON-5UiBjd5J7ifAMMkrFLI7-EYOT2rsfELHShnvOFGP89MbBj6SIvb-j2nW9V2j9Amp&amp;amp%3bamp%3bamp%3bamp%3bhc_ref=ART0GRqRQn90XnrISo2cTV4UDe3jxMV9dotJ1G7bhZI0Ba1R4LGrSFc0wXIBiptbEsI&amp;amp%3bamp%3bamp%3bamp%3bfref=tag\" \/>\n<meta property=\"article:modified_time\" content=\"2023-08-23T14:45:55+00:00\" \/>\n<meta property=\"og:image\" content=\"https:\/\/borascamping.se\/wp-content\/uploads\/2022\/04\/0d7c6332-6e93-4d88-9c4d-376a217c4295.jpeg\" \/>\n\t<meta property=\"og:image:width\" content=\"1920\" \/>\n\t<meta property=\"og:image:height\" content=\"1280\" \/>\n\t<meta property=\"og:image:type\" content=\"image\/jpeg\" \/>\n<meta name=\"twitter:card\" content=\"summary_large_image\" \/>\n<meta name=\"twitter:label1\" content=\"Est. reading time\" \/>\n\t<meta name=\"twitter:data1\" content=\"1 minute\" \/>\n<script type=\"application\/ld+json\" class=\"yoast-schema-graph\">{\"@context\":\"https:\/\/schema.org\",\"@graph\":[{\"@type\":\"WebSite\",\"@id\":\"https:\/\/borascamping.se\/#website\",\"url\":\"https:\/\/borascamping.se\/\",\"name\":\"Bor\u00e5s Camping &amp; Vandrarhem\",\"description\":\"Bor\u00e5s roligaste camping med \u00c4ventyrsomr\u00e5de, restaurang, butik, kiosk, relax med bastu, \u00c4ventyrsgolf, kanoter, trampb\u00e5t, SUP, biljard, konferens, frisbeegolf, boule, badplats och mycket mer\",\"potentialAction\":[{\"@type\":\"SearchAction\",\"target\":{\"@type\":\"EntryPoint\",\"urlTemplate\":\"https:\/\/borascamping.se\/?s={search_term_string}\"},\"query-input\":\"required name=search_term_string\"}],\"inLanguage\":\"en-US\"},{\"@type\":\"ImageObject\",\"@id\":\"https:\/\/borascamping.se\/en\/#primaryimage\",\"inLanguage\":\"en-US\",\"url\":\"https:\/\/borascamping.se\/wp-content\/uploads\/2022\/04\/0d7c6332-6e93-4d88-9c4d-376a217c4295.jpeg\",\"contentUrl\":\"https:\/\/borascamping.se\/wp-content\/uploads\/2022\/04\/0d7c6332-6e93-4d88-9c4d-376a217c4295.jpeg\",\"width\":1920,\"height\":1280},{\"@type\":\"WebPage\",\"@id\":\"https:\/\/borascamping.se\/en\/#webpage\",\"url\":\"https:\/\/borascamping.se\/en\/\",\"name\":\"Home - Bor\u00e5s Camping &amp; Vandrarhem\",\"isPartOf\":{\"@id\":\"https:\/\/borascamping.se\/#website\"},\"primaryImageOfPage\":{\"@id\":\"https:\/\/borascamping.se\/en\/#primaryimage\"},\"datePublished\":\"2018-12-11T16:02:53+00:00\",\"dateModified\":\"2023-08-23T14:45:55+00:00\",\"breadcrumb\":{\"@id\":\"https:\/\/borascamping.se\/en\/#breadcrumb\"},\"inLanguage\":\"en-US\",\"potentialAction\":[{\"@type\":\"ReadAction\",\"target\":[\"https:\/\/borascamping.se\/en\/\"]}]},{\"@type\":\"BreadcrumbList\",\"@id\":\"https:\/\/borascamping.se\/en\/#breadcrumb\",\"itemListElement\":[{\"@type\":\"ListItem\",\"position\":1,\"name\":\"Home\"}]}]}<\/script>\n<!-- \/ Yoast SEO plugin. -->","yoast_head_json":{"title":"Home - Bor\u00e5s Camping &amp; Vandrarhem","robots":{"index":"index","follow":"follow","max-snippet":"max-snippet:-1","max-image-preview":"max-image-preview:large","max-video-preview":"max-video-preview:-1"},"canonical":"https:\/\/borascamping.se\/en\/","og_locale":"en_US","og_type":"article","og_title":"Home - Bor\u00e5s Camping &amp; Vandrarhem","og_description":"Hiring a cabin from us is the beginning of a great holiday. Enjoy beautiful nature, experience adventures at Bor\u00e5s Zoo,\u2026","og_url":"https:\/\/borascamping.se\/en\/","og_site_name":"Bor\u00e5s Camping &amp; Vandrarhem","article_publisher":"https:\/\/www.facebook.com\/pages\/Bor%c3%a5s-Camping-Saltemad\/184385568239128?__tn__=%2cdkC-R-R&amp%3bamp%3bamp%3bamp%3beid=ARAOyHCpAD0iAON-5UiBjd5J7ifAMMkrFLI7-EYOT2rsfELHShnvOFGP89MbBj6SIvb-j2nW9V2j9Amp&amp%3bamp%3bamp%3bamp%3bhc_ref=ART0GRqRQn90XnrISo2cTV4UDe3jxMV9dotJ1G7bhZI0Ba1R4LGrSFc0wXIBiptbEsI&amp%3bamp%3bamp%3bamp%3bfref=tag","article_modified_time":"2023-08-23T14:45:55+00:00","og_image":[{"width":1920,"height":1280,"url":"https:\/\/borascamping.se\/wp-content\/uploads\/2022\/04\/0d7c6332-6e93-4d88-9c4d-376a217c4295.jpeg","type":"image\/jpeg"}],"twitter_card":"summary_large_image","twitter_misc":{"Est. reading time":"1 minute"},"schema":{"@context":"https:\/\/schema.org","@graph":[{"@type":"WebSite","@id":"https:\/\/borascamping.se\/#website","url":"https:\/\/borascamping.se\/","name":"Bor\u00e5s Camping &amp; Vandrarhem","description":"Bor\u00e5s roligaste camping med \u00c4ventyrsomr\u00e5de, restaurang, butik, kiosk, relax med bastu, \u00c4ventyrsgolf, kanoter, trampb\u00e5t, SUP, biljard, konferens, frisbeegolf, boule, badplats och mycket mer","potentialAction":[{"@type":"SearchAction","target":{"@type":"EntryPoint","urlTemplate":"https:\/\/borascamping.se\/?s={search_term_string}"},"query-input":"required name=search_term_string"}],"inLanguage":"en-US"},{"@type":"ImageObject","@id":"https:\/\/borascamping.se\/en\/#primaryimage","inLanguage":"en-US","url":"https:\/\/borascamping.se\/wp-content\/uploads\/2022\/04\/0d7c6332-6e93-4d88-9c4d-376a217c4295.jpeg","contentUrl":"https:\/\/borascamping.se\/wp-content\/uploads\/2022\/04\/0d7c6332-6e93-4d88-9c4d-376a217c4295.jpeg","width":1920,"height":1280},{"@type":"WebPage","@id":"https:\/\/borascamping.se\/en\/#webpage","url":"https:\/\/borascamping.se\/en\/","name":"Home - Bor\u00e5s Camping &amp; Vandrarhem","isPartOf":{"@id":"https:\/\/borascamping.se\/#website"},"primaryImageOfPage":{"@id":"https:\/\/borascamping.se\/en\/#primaryimage"},"datePublished":"2018-12-11T16:02:53+00:00","dateModified":"2023-08-23T14:45:55+00:00","breadcrumb":{"@id":"https:\/\/borascamping.se\/en\/#breadcrumb"},"inLanguage":"en-US","potentialAction":[{"@type":"ReadAction","target":["https:\/\/borascamping.se\/en\/"]}]},{"@type":"BreadcrumbList","@id":"https:\/\/borascamping.se\/en\/#breadcrumb","itemListElement":[{"@type":"ListItem","position":1,"name":"Home"}]}]}},"acf":[],"_links":{"self":[{"href":"https:\/\/borascamping.se\/en\/wp-json\/wp\/v2\/pages\/1171"}],"collection":[{"href":"https:\/\/borascamping.se\/en\/wp-json\/wp\/v2\/pages"}],"about":[{"href":"https:\/\/borascamping.se\/en\/wp-json\/wp\/v2\/types\/page"}],"author":[{"embeddable":true,"href":"https:\/\/borascamping.se\/en\/wp-json\/wp\/v2\/users\/1"}],"replies":[{"embeddable":true,"href":"https:\/\/borascamping.se\/en\/wp-json\/wp\/v2\/comments?post=1171"}],"version-history":[{"count":25,"href":"https:\/\/borascamping.se\/en\/wp-json\/wp\/v2\/pages\/1171\/revisions"}],"predecessor-version":[{"id":3911,"href":"https:\/\/borascamping.se\/en\/wp-json\/wp\/v2\/pages\/1171\/revisions\/3911"}],"wp:featuredmedia":[{"embeddable":true,"href":"https:\/\/borascamping.se\/en\/wp-json\/wp\/v2\/media\/2681"}],"wp:attachment":[{"href":"https:\/\/borascamping.se\/en\/wp-json\/wp\/v2\/media?parent=1171"}],"curies":[{"name":"wp","href":"https:\/\/api.w.org\/{rel}","templated":true}]}}