{"id":1571,"date":"2020-11-30T15:12:59","date_gmt":"2020-11-30T14:12:59","guid":{"rendered":"https:\/\/borascamping.se\/?page_id=1571"},"modified":"2022-06-08T08:23:20","modified_gmt":"2022-06-08T06:23:20","slug":"student-housing","status":"publish","type":"page","link":"https:\/\/borascamping.se\/en\/accommodations\/student-housing\/","title":{"rendered":"Student housing"},"content":{"rendered":"\n<p>Bor\u00e5s Camping is centrally located, less than 2 km to both downtown and the university. Student housing is available for rent per academic year, i.e. during autumn and spring terms, the campground\u2019s low season. There is access to fibre Internet, of course.<\/p>\n\n\n\n<p>To rent accommodation, we require a certificate\/proof of admission from the university or similar. Max two people per household.<\/p>\n\n\n\n<p>Our pleasant 20 m\u00b2 cabins have access to your own bathroom with WC\/shower. All cabins are rented furnished and are equipped with a refrigerator, freezer drawer, stove, oven, microwave, bunkbeds, pull-out couch, table and four chairs. Pets are not allowed. Tenants are responsible for cleaning, including windows.<br><br>The cabins are situated in a beautiful natural setting, with the Viskan river passing by right outside. Each cabin has its own patio and patio furniture. One car may be parked at each cabin. The service building has a laundry room. Using the machines requires tokens, which can be purchased at reception. Fishing in the area is free. There is also a 9-hole disc golf course that is free to use, which spans along the beautiful Viskan river.<\/p>\n\n\n\n<p>The campgrounds have good walking and bicycle paths to the university and downtown, as well as good bus connections.<\/p>\n\n\n\n<p>Student housing is only available for full-time students at the university or similar in Bor\u00e5s, and must be booked for the entire term.<\/p>\n\n\n\n<p>You are welcome to submit an inquiry!<\/p>\n\n\n\n<p><\/p>\n","protected":false},"excerpt":{"rendered":"<p>Bor\u00e5s Camping is centrally located, less than 2 km to both downtown and the university. Student housing is available for\u2026<\/p>\n","protected":false},"author":1,"featured_media":1020,"parent":1159,"menu_order":7,"comment_status":"closed","ping_status":"closed","template":"page-student.php","meta":[],"yoast_head":"<!-- This site is optimized with the Yoast SEO plugin v18.3 - https:\/\/yoast.com\/wordpress\/plugins\/seo\/ -->\n<title>Student housing - Bor\u00e5s Camping &amp; Vandrarhem<\/title>\n<meta name=\"robots\" content=\"index, follow, max-snippet:-1, max-image-preview:large, max-video-preview:-1\" \/>\n<link rel=\"canonical\" href=\"https:\/\/borascamping.se\/en\/accommodations\/student-housing\/\" \/>\n<meta property=\"og:locale\" content=\"en_US\" \/>\n<meta property=\"og:type\" content=\"article\" \/>\n<meta property=\"og:title\" content=\"Student housing - Bor\u00e5s Camping &amp; Vandrarhem\" \/>\n<meta property=\"og:description\" content=\"Bor\u00e5s Camping is centrally located, less than 2 km to both downtown and the university. Student housing is available for\u2026\" \/>\n<meta property=\"og:url\" content=\"https:\/\/borascamping.se\/en\/accommodations\/student-housing\/\" \/>\n<meta property=\"og:site_name\" content=\"Bor\u00e5s Camping &amp; Vandrarhem\" \/>\n<meta property=\"article:publisher\" content=\"https:\/\/www.facebook.com\/pages\/Bor%c3%a5s-Camping-Saltemad\/184385568239128?__tn__=%2cdkC-R-R&amp;amp%3bamp%3bamp%3bamp%3beid=ARAOyHCpAD0iAON-5UiBjd5J7ifAMMkrFLI7-EYOT2rsfELHShnvOFGP89MbBj6SIvb-j2nW9V2j9Amp&amp;amp%3bamp%3bamp%3bamp%3bhc_ref=ART0GRqRQn90XnrISo2cTV4UDe3jxMV9dotJ1G7bhZI0Ba1R4LGrSFc0wXIBiptbEsI&amp;amp%3bamp%3bamp%3bamp%3bfref=tag\" \/>\n<meta property=\"article:modified_time\" content=\"2022-06-08T06:23:20+00:00\" \/>\n<meta property=\"og:image\" content=\"https:\/\/borascamping.se\/wp-content\/uploads\/2018\/12\/elefant_05.jpg\" \/>\n\t<meta property=\"og:image:width\" content=\"1110\" \/>\n\t<meta property=\"og:image:height\" content=\"739\" \/>\n\t<meta property=\"og:image:type\" content=\"image\/jpeg\" \/>\n<meta name=\"twitter:card\" content=\"summary_large_image\" \/>\n<meta name=\"twitter:label1\" content=\"Est. reading time\" \/>\n\t<meta name=\"twitter:data1\" content=\"2 minutes\" \/>\n<script type=\"application\/ld+json\" class=\"yoast-schema-graph\">{\"@context\":\"https:\/\/schema.org\",\"@graph\":[{\"@type\":\"WebSite\",\"@id\":\"https:\/\/borascamping.se\/#website\",\"url\":\"https:\/\/borascamping.se\/\",\"name\":\"Bor\u00e5s Camping &amp; Vandrarhem\",\"description\":\"Bor\u00e5s roligaste camping med \u00c4ventyrsomr\u00e5de, restaurang, butik, kiosk, relax med bastu, \u00c4ventyrsgolf, kanoter, trampb\u00e5t, SUP, biljard, konferens, frisbeegolf, boule, badplats och mycket mer\",\"potentialAction\":[{\"@type\":\"SearchAction\",\"target\":{\"@type\":\"EntryPoint\",\"urlTemplate\":\"https:\/\/borascamping.se\/?s={search_term_string}\"},\"query-input\":\"required name=search_term_string\"}],\"inLanguage\":\"en-US\"},{\"@type\":\"ImageObject\",\"@id\":\"https:\/\/borascamping.se\/en\/accommodations\/student-housing\/#primaryimage\",\"inLanguage\":\"en-US\",\"url\":\"https:\/\/borascamping.se\/wp-content\/uploads\/2018\/12\/elefant_05.jpg\",\"contentUrl\":\"https:\/\/borascamping.se\/wp-content\/uploads\/2018\/12\/elefant_05.jpg\",\"width\":1110,\"height\":739,\"caption\":\"Bor\u00e5s camping den 6 juni 2019. Foto: J\u00f6rgen Jarnberger \/ Bor\u00e5s djurpark\"},{\"@type\":\"WebPage\",\"@id\":\"https:\/\/borascamping.se\/en\/accommodations\/student-housing\/#webpage\",\"url\":\"https:\/\/borascamping.se\/en\/accommodations\/student-housing\/\",\"name\":\"Student housing - Bor\u00e5s Camping &amp; Vandrarhem\",\"isPartOf\":{\"@id\":\"https:\/\/borascamping.se\/#website\"},\"primaryImageOfPage\":{\"@id\":\"https:\/\/borascamping.se\/en\/accommodations\/student-housing\/#primaryimage\"},\"datePublished\":\"2020-11-30T14:12:59+00:00\",\"dateModified\":\"2022-06-08T06:23:20+00:00\",\"breadcrumb\":{\"@id\":\"https:\/\/borascamping.se\/en\/accommodations\/student-housing\/#breadcrumb\"},\"inLanguage\":\"en-US\",\"potentialAction\":[{\"@type\":\"ReadAction\",\"target\":[\"https:\/\/borascamping.se\/en\/accommodations\/student-housing\/\"]}]},{\"@type\":\"BreadcrumbList\",\"@id\":\"https:\/\/borascamping.se\/en\/accommodations\/student-housing\/#breadcrumb\",\"itemListElement\":[{\"@type\":\"ListItem\",\"position\":1,\"name\":\"Accommodations\",\"item\":\"https:\/\/borascamping.se\/en\/accommodations\/\"},{\"@type\":\"ListItem\",\"position\":2,\"name\":\"Student housing\"}]}]}<\/script>\n<!-- \/ Yoast SEO plugin. -->","yoast_head_json":{"title":"Student housing - Bor\u00e5s Camping &amp; Vandrarhem","robots":{"index":"index","follow":"follow","max-snippet":"max-snippet:-1","max-image-preview":"max-image-preview:large","max-video-preview":"max-video-preview:-1"},"canonical":"https:\/\/borascamping.se\/en\/accommodations\/student-housing\/","og_locale":"en_US","og_type":"article","og_title":"Student housing - Bor\u00e5s Camping &amp; Vandrarhem","og_description":"Bor\u00e5s Camping is centrally located, less than 2 km to both downtown and the university. Student housing is available for\u2026","og_url":"https:\/\/borascamping.se\/en\/accommodations\/student-housing\/","og_site_name":"Bor\u00e5s Camping &amp; Vandrarhem","article_publisher":"https:\/\/www.facebook.com\/pages\/Bor%c3%a5s-Camping-Saltemad\/184385568239128?__tn__=%2cdkC-R-R&amp%3bamp%3bamp%3bamp%3beid=ARAOyHCpAD0iAON-5UiBjd5J7ifAMMkrFLI7-EYOT2rsfELHShnvOFGP89MbBj6SIvb-j2nW9V2j9Amp&amp%3bamp%3bamp%3bamp%3bhc_ref=ART0GRqRQn90XnrISo2cTV4UDe3jxMV9dotJ1G7bhZI0Ba1R4LGrSFc0wXIBiptbEsI&amp%3bamp%3bamp%3bamp%3bfref=tag","article_modified_time":"2022-06-08T06:23:20+00:00","og_image":[{"width":1110,"height":739,"url":"https:\/\/borascamping.se\/wp-content\/uploads\/2018\/12\/elefant_05.jpg","type":"image\/jpeg"}],"twitter_card":"summary_large_image","twitter_misc":{"Est. reading time":"2 minutes"},"schema":{"@context":"https:\/\/schema.org","@graph":[{"@type":"WebSite","@id":"https:\/\/borascamping.se\/#website","url":"https:\/\/borascamping.se\/","name":"Bor\u00e5s Camping &amp; Vandrarhem","description":"Bor\u00e5s roligaste camping med \u00c4ventyrsomr\u00e5de, restaurang, butik, kiosk, relax med bastu, \u00c4ventyrsgolf, kanoter, trampb\u00e5t, SUP, biljard, konferens, frisbeegolf, boule, badplats och mycket mer","potentialAction":[{"@type":"SearchAction","target":{"@type":"EntryPoint","urlTemplate":"https:\/\/borascamping.se\/?s={search_term_string}"},"query-input":"required name=search_term_string"}],"inLanguage":"en-US"},{"@type":"ImageObject","@id":"https:\/\/borascamping.se\/en\/accommodations\/student-housing\/#primaryimage","inLanguage":"en-US","url":"https:\/\/borascamping.se\/wp-content\/uploads\/2018\/12\/elefant_05.jpg","contentUrl":"https:\/\/borascamping.se\/wp-content\/uploads\/2018\/12\/elefant_05.jpg","width":1110,"height":739,"caption":"Bor\u00e5s camping den 6 juni 2019. Foto: J\u00f6rgen Jarnberger \/ Bor\u00e5s djurpark"},{"@type":"WebPage","@id":"https:\/\/borascamping.se\/en\/accommodations\/student-housing\/#webpage","url":"https:\/\/borascamping.se\/en\/accommodations\/student-housing\/","name":"Student housing - Bor\u00e5s Camping &amp; Vandrarhem","isPartOf":{"@id":"https:\/\/borascamping.se\/#website"},"primaryImageOfPage":{"@id":"https:\/\/borascamping.se\/en\/accommodations\/student-housing\/#primaryimage"},"datePublished":"2020-11-30T14:12:59+00:00","dateModified":"2022-06-08T06:23:20+00:00","breadcrumb":{"@id":"https:\/\/borascamping.se\/en\/accommodations\/student-housing\/#breadcrumb"},"inLanguage":"en-US","potentialAction":[{"@type":"ReadAction","target":["https:\/\/borascamping.se\/en\/accommodations\/student-housing\/"]}]},{"@type":"BreadcrumbList","@id":"https:\/\/borascamping.se\/en\/accommodations\/student-housing\/#breadcrumb","itemListElement":[{"@type":"ListItem","position":1,"name":"Accommodations","item":"https:\/\/borascamping.se\/en\/accommodations\/"},{"@type":"ListItem","position":2,"name":"Student housing"}]}]}},"acf":[],"_links":{"self":[{"href":"https:\/\/borascamping.se\/en\/wp-json\/wp\/v2\/pages\/1571"}],"collection":[{"href":"https:\/\/borascamping.se\/en\/wp-json\/wp\/v2\/pages"}],"about":[{"href":"https:\/\/borascamping.se\/en\/wp-json\/wp\/v2\/types\/page"}],"author":[{"embeddable":true,"href":"https:\/\/borascamping.se\/en\/wp-json\/wp\/v2\/users\/1"}],"replies":[{"embeddable":true,"href":"https:\/\/borascamping.se\/en\/wp-json\/wp\/v2\/comments?post=1571"}],"version-history":[{"count":20,"href":"https:\/\/borascamping.se\/en\/wp-json\/wp\/v2\/pages\/1571\/revisions"}],"predecessor-version":[{"id":3126,"href":"https:\/\/borascamping.se\/en\/wp-json\/wp\/v2\/pages\/1571\/revisions\/3126"}],"up":[{"embeddable":true,"href":"https:\/\/borascamping.se\/en\/wp-json\/wp\/v2\/pages\/1159"}],"wp:featuredmedia":[{"embeddable":true,"href":"https:\/\/borascamping.se\/en\/wp-json\/wp\/v2\/media\/1020"}],"wp:attachment":[{"href":"https:\/\/borascamping.se\/en\/wp-json\/wp\/v2\/media?parent=1571"}],"curies":[{"name":"wp","href":"https:\/\/api.w.org\/{rel}","templated":true}]}}