{"id":3022,"date":"2022-03-16T08:50:10","date_gmt":"2022-03-16T07:50:10","guid":{"rendered":"https:\/\/www.borascamping.se\/bra-att-veta\/miljodiplomering\/"},"modified":"2022-06-07T14:03:26","modified_gmt":"2022-06-07T12:03:26","slug":"environmental-certification","status":"publish","type":"page","link":"https:\/\/borascamping.se\/en\/good-to-know\/environmental-certification\/","title":{"rendered":"Environmental certification"},"content":{"rendered":"\n<h1>Environmental certification of Bor\u00e5s Djurpark &amp; Camping AB<\/h1>\n\n\n\n<p>Bor\u00e5s Djurpark &amp; Camping AB endeavours to be a forerunner in environmental initiatives and works for sustainable development. As part of this work, Bor\u00e5s Djurpark &amp; Camping AB became one of the first environmentally certified zoos already in 2013. Bor\u00e5s Camping, which is part of the company, is also environmentally certified. Environmental certification is adapted to the national Swedish Environmental Base system and fulfils its requirements.This Swedish Environmental Base is a national environmental management standard.<\/p>\n\n\n\n<p>At Bor\u00e5s Camping, we work with environmental matters continuously. This pertains to everything from the cleaning supplies we use to waste sorting and information for guests. All money received for recycled bottles and cans in the restaurant and bins is donated to preservation initiatives for endangered species. We plant blossoming plants and bushes to enrich the diversity of animals and insects. We have permitted some green areas to grow into meadows in order to benefit our insects.<\/p>\n\n\n\n<p>In 2022, we are building two environmental buildings on our campgrounds so that as our guest, you can also sort waste here with us.<\/p>\n\n\n\n<p>There are good bus and train connections within walking distance from the campgrounds. We are happy to provide more information if you would like to leave your car at home. Information about how to use public transport to reach us is also available on our website under the \u201cGood to know\u201d tab.<\/p>\n\n\n\n<p>We are pleased and proud to be located beside a 550-hectare nature reserve with many hiking trails. We offer several packages with accommodation and hiking, canoeing and outdoor cooking. We also have ideas for ways to experience nature on our website and in our social media feeds.<\/p>\n\n\n\n<p>At the campgrounds, we have created an Adventure Area to ensure that guests can stay multiple nights and always have something to do. Much of the Adventure Area is also open during the low season, including winter paddling, mini golf, the disc golf course and more. Just 400 m from the campgrounds are the Bor\u00e5s Zoo, Leo\u2019s Lekland, several sports facilities, and the Knalleland shopping centre. There is plenty to do here for the whole family and all ages.<\/p>\n\n\n\n<p>Our campgrounds, cabins, hostel, restaurant and conference facility are open year-round.<\/p>\n\n\n\n<p>Welcome to Bor\u00e5s Camping &amp; Hostel!<\/p>\n","protected":false},"excerpt":{"rendered":"<p>Environmental certification of Bor\u00e5s Djurpark &amp; Camping AB Bor\u00e5s Djurpark &amp; Camping AB endeavours to be a forerunner in environmental\u2026<\/p>\n","protected":false},"author":1,"featured_media":0,"parent":3020,"menu_order":0,"comment_status":"closed","ping_status":"closed","template":"","meta":[],"yoast_head":"<!-- This site is optimized with the Yoast SEO plugin v18.3 - https:\/\/yoast.com\/wordpress\/plugins\/seo\/ -->\n<title>Environmental certification - Bor\u00e5s Camping &amp; Vandrarhem<\/title>\n<meta name=\"robots\" content=\"index, follow, max-snippet:-1, max-image-preview:large, max-video-preview:-1\" \/>\n<link rel=\"canonical\" href=\"https:\/\/sitemaps.borascamping.se\/en\/good-to-know\/environmental-certification\/\" \/>\n<meta property=\"og:locale\" content=\"en_US\" \/>\n<meta property=\"og:type\" content=\"article\" \/>\n<meta property=\"og:title\" content=\"Environmental certification - Bor\u00e5s Camping &amp; Vandrarhem\" \/>\n<meta property=\"og:description\" content=\"Environmental certification of Bor\u00e5s Djurpark &amp; Camping AB Bor\u00e5s Djurpark &amp; Camping AB endeavours to be a forerunner in environmental\u2026\" \/>\n<meta property=\"og:url\" content=\"https:\/\/sitemaps.borascamping.se\/en\/good-to-know\/environmental-certification\/\" \/>\n<meta property=\"og:site_name\" content=\"Bor\u00e5s Camping &amp; Vandrarhem\" \/>\n<meta property=\"article:publisher\" content=\"https:\/\/www.facebook.com\/pages\/Bor%c3%a5s-Camping-Saltemad\/184385568239128?__tn__=%2cdkC-R-R&amp;amp%3bamp%3bamp%3bamp%3beid=ARAOyHCpAD0iAON-5UiBjd5J7ifAMMkrFLI7-EYOT2rsfELHShnvOFGP89MbBj6SIvb-j2nW9V2j9Amp&amp;amp%3bamp%3bamp%3bamp%3bhc_ref=ART0GRqRQn90XnrISo2cTV4UDe3jxMV9dotJ1G7bhZI0Ba1R4LGrSFc0wXIBiptbEsI&amp;amp%3bamp%3bamp%3bamp%3bfref=tag\" \/>\n<meta property=\"article:modified_time\" content=\"2022-06-07T12:03:26+00:00\" \/>\n<meta name=\"twitter:card\" content=\"summary_large_image\" \/>\n<meta name=\"twitter:label1\" content=\"Est. reading time\" \/>\n\t<meta name=\"twitter:data1\" content=\"2 minutes\" \/>\n<script type=\"application\/ld+json\" class=\"yoast-schema-graph\">{\"@context\":\"https:\/\/schema.org\",\"@graph\":[{\"@type\":\"WebSite\",\"@id\":\"https:\/\/borascamping.se\/#website\",\"url\":\"https:\/\/borascamping.se\/\",\"name\":\"Bor\u00e5s Camping &amp; Vandrarhem\",\"description\":\"Bor\u00e5s roligaste camping med \u00c4ventyrsomr\u00e5de, restaurang, butik, kiosk, relax med bastu, \u00c4ventyrsgolf, kanoter, trampb\u00e5t, SUP, biljard, konferens, frisbeegolf, boule, badplats och mycket mer\",\"potentialAction\":[{\"@type\":\"SearchAction\",\"target\":{\"@type\":\"EntryPoint\",\"urlTemplate\":\"https:\/\/borascamping.se\/?s={search_term_string}\"},\"query-input\":\"required name=search_term_string\"}],\"inLanguage\":\"en-US\"},{\"@type\":\"WebPage\",\"@id\":\"https:\/\/sitemaps.borascamping.se\/en\/good-to-know\/environmental-certification\/#webpage\",\"url\":\"https:\/\/sitemaps.borascamping.se\/en\/good-to-know\/environmental-certification\/\",\"name\":\"Environmental certification - Bor\u00e5s Camping &amp; Vandrarhem\",\"isPartOf\":{\"@id\":\"https:\/\/borascamping.se\/#website\"},\"datePublished\":\"2022-03-16T07:50:10+00:00\",\"dateModified\":\"2022-06-07T12:03:26+00:00\",\"breadcrumb\":{\"@id\":\"https:\/\/sitemaps.borascamping.se\/en\/good-to-know\/environmental-certification\/#breadcrumb\"},\"inLanguage\":\"en-US\",\"potentialAction\":[{\"@type\":\"ReadAction\",\"target\":[\"https:\/\/sitemaps.borascamping.se\/en\/good-to-know\/environmental-certification\/\"]}]},{\"@type\":\"BreadcrumbList\",\"@id\":\"https:\/\/sitemaps.borascamping.se\/en\/good-to-know\/environmental-certification\/#breadcrumb\",\"itemListElement\":[{\"@type\":\"ListItem\",\"position\":1,\"name\":\"Good to know\",\"item\":\"https:\/\/www.borascamping.se\/en\/good-to-know\/\"},{\"@type\":\"ListItem\",\"position\":2,\"name\":\"Environmental certification\"}]}]}<\/script>\n<!-- \/ Yoast SEO plugin. -->","yoast_head_json":{"title":"Environmental certification - Bor\u00e5s Camping &amp; Vandrarhem","robots":{"index":"index","follow":"follow","max-snippet":"max-snippet:-1","max-image-preview":"max-image-preview:large","max-video-preview":"max-video-preview:-1"},"canonical":"https:\/\/sitemaps.borascamping.se\/en\/good-to-know\/environmental-certification\/","og_locale":"en_US","og_type":"article","og_title":"Environmental certification - Bor\u00e5s Camping &amp; Vandrarhem","og_description":"Environmental certification of Bor\u00e5s Djurpark &amp; Camping AB Bor\u00e5s Djurpark &amp; Camping AB endeavours to be a forerunner in environmental\u2026","og_url":"https:\/\/sitemaps.borascamping.se\/en\/good-to-know\/environmental-certification\/","og_site_name":"Bor\u00e5s Camping &amp; Vandrarhem","article_publisher":"https:\/\/www.facebook.com\/pages\/Bor%c3%a5s-Camping-Saltemad\/184385568239128?__tn__=%2cdkC-R-R&amp%3bamp%3bamp%3bamp%3beid=ARAOyHCpAD0iAON-5UiBjd5J7ifAMMkrFLI7-EYOT2rsfELHShnvOFGP89MbBj6SIvb-j2nW9V2j9Amp&amp%3bamp%3bamp%3bamp%3bhc_ref=ART0GRqRQn90XnrISo2cTV4UDe3jxMV9dotJ1G7bhZI0Ba1R4LGrSFc0wXIBiptbEsI&amp%3bamp%3bamp%3bamp%3bfref=tag","article_modified_time":"2022-06-07T12:03:26+00:00","twitter_card":"summary_large_image","twitter_misc":{"Est. reading time":"2 minutes"},"schema":{"@context":"https:\/\/schema.org","@graph":[{"@type":"WebSite","@id":"https:\/\/borascamping.se\/#website","url":"https:\/\/borascamping.se\/","name":"Bor\u00e5s Camping &amp; Vandrarhem","description":"Bor\u00e5s roligaste camping med \u00c4ventyrsomr\u00e5de, restaurang, butik, kiosk, relax med bastu, \u00c4ventyrsgolf, kanoter, trampb\u00e5t, SUP, biljard, konferens, frisbeegolf, boule, badplats och mycket mer","potentialAction":[{"@type":"SearchAction","target":{"@type":"EntryPoint","urlTemplate":"https:\/\/borascamping.se\/?s={search_term_string}"},"query-input":"required name=search_term_string"}],"inLanguage":"en-US"},{"@type":"WebPage","@id":"https:\/\/sitemaps.borascamping.se\/en\/good-to-know\/environmental-certification\/#webpage","url":"https:\/\/sitemaps.borascamping.se\/en\/good-to-know\/environmental-certification\/","name":"Environmental certification - Bor\u00e5s Camping &amp; Vandrarhem","isPartOf":{"@id":"https:\/\/borascamping.se\/#website"},"datePublished":"2022-03-16T07:50:10+00:00","dateModified":"2022-06-07T12:03:26+00:00","breadcrumb":{"@id":"https:\/\/sitemaps.borascamping.se\/en\/good-to-know\/environmental-certification\/#breadcrumb"},"inLanguage":"en-US","potentialAction":[{"@type":"ReadAction","target":["https:\/\/sitemaps.borascamping.se\/en\/good-to-know\/environmental-certification\/"]}]},{"@type":"BreadcrumbList","@id":"https:\/\/sitemaps.borascamping.se\/en\/good-to-know\/environmental-certification\/#breadcrumb","itemListElement":[{"@type":"ListItem","position":1,"name":"Good to know","item":"https:\/\/www.borascamping.se\/en\/good-to-know\/"},{"@type":"ListItem","position":2,"name":"Environmental certification"}]}]}},"acf":[],"_links":{"self":[{"href":"https:\/\/borascamping.se\/en\/wp-json\/wp\/v2\/pages\/3022"}],"collection":[{"href":"https:\/\/borascamping.se\/en\/wp-json\/wp\/v2\/pages"}],"about":[{"href":"https:\/\/borascamping.se\/en\/wp-json\/wp\/v2\/types\/page"}],"author":[{"embeddable":true,"href":"https:\/\/borascamping.se\/en\/wp-json\/wp\/v2\/users\/1"}],"replies":[{"embeddable":true,"href":"https:\/\/borascamping.se\/en\/wp-json\/wp\/v2\/comments?post=3022"}],"version-history":[{"count":3,"href":"https:\/\/borascamping.se\/en\/wp-json\/wp\/v2\/pages\/3022\/revisions"}],"predecessor-version":[{"id":3030,"href":"https:\/\/borascamping.se\/en\/wp-json\/wp\/v2\/pages\/3022\/revisions\/3030"}],"up":[{"embeddable":true,"href":"https:\/\/borascamping.se\/en\/wp-json\/wp\/v2\/pages\/3020"}],"wp:attachment":[{"href":"https:\/\/borascamping.se\/en\/wp-json\/wp\/v2\/media?parent=3022"}],"curies":[{"name":"wp","href":"https:\/\/api.w.org\/{rel}","templated":true}]}}