{"id":3031,"date":"2021-03-30T17:09:05","date_gmt":"2021-03-30T15:09:05","guid":{"rendered":"https:\/\/www.borascamping.se\/good-to-know\/bokningsvillkor\/"},"modified":"2024-01-02T11:48:47","modified_gmt":"2024-01-02T10:48:47","slug":"booking-terms-and-conditions","status":"publish","type":"page","link":"https:\/\/borascamping.se\/en\/good-to-know\/booking-terms-and-conditions\/","title":{"rendered":"Booking terms and conditions"},"content":{"rendered":"\n<p><strong>Payment &amp; booking rules<\/strong><br>Bor\u00e5s Campingapplies the payment and booking rules below.<\/p>\n\n\n\n<p><strong>Generally<\/strong><br>Please prepare your stay by having a valid digital Camping ID or a digital Camping Key<br>European. Detailed information can be found at campingkeyeurope.se. Booking a cabin or hostel does not require a camping card. When booking, you are obliged to state your name, address, arrival and departure time and how payment is to be made<\/p>\n\n\n\n<p><strong>Age limit for booking<\/strong><br>In order to make a reservation\/enter into an agreement with us, you must be 20 years old. Identity must be proven with identification upon check-in. Meeting the age limit is a requirement to gain access to the area<\/p>\n\n\n\n<p><strong>When does the booking become binding?<\/strong><br>Your booking is binding as it has been confirmed and you have received a booking number. This can be done verbally, in writing or via the booking system.. Confirmation of the booking consists of the booking number sent via e-mail. Check that the confirmation\/invoice corresponds to what you booked.<\/p>\n\n\n\n<p><br><strong>Open purchase for 24 hours <\/strong><br>Open purchase for 24 hours applies to all bookings made more than 7 days before arrival.<\/p>\n\n\n\n<p><strong>Payment method<\/strong><br>Online booking is paid by card in connection with the booking.<br>Booking made by phone\/e-mail, paid by invoice or in some cases on site.<br>If you don&#8217;t show up without cancellation, you have to pay for your stay.<\/p>\n\n\n\n<p><strong>For payment from abroad<\/strong>, please contact the reception at info@borascamping.se<\/p>\n\n\n\n<p>Bookings made on site are paid directly by card upon check-in.<\/p>\n\n\n\n<p><strong>What if I want to change my booking?<\/strong><br>To make a change in your booking, contact Bor\u00e5s camping&#8217;s reception via e-mail or<br>phone. Remember to state your booking number. ATTENTION! If you have booked via online booking (svenskcamping.se), contact Swedish Camping&#8217;s guest service on 0771 \u2013 117 117 or at service@camping.se.<\/p>\n\n\n\n<p><strong>Departure earlier than planned<\/strong><br>If you choose to depart earlier than planned, no money will be refunded unless otherwise agreed with us.<\/p>\n\n\n\n<p><br><strong>What if I want to cancel?<\/strong> <br>We have camping plots and cabins in two price categories, non-cancelable and free cancellation. Non-cancelable &#8211; cancellation not possible. Free cancellation &#8211; the booking can be canceled up to 3pm the day before arrival (a cancellation fee of SEK 199 is charged).<\/p>\n\n\n\n<p><strong>Check-in and check-out times<\/strong><br>Check-in from 15:00 to 18:00. During high season, opening hours are extended, contact reception for what applies to your booking. Note how long the reception is open depending on the date of your visit.<br>It is your responsibility to check which check-in and check-out times apply to your particular booking.<\/p>\n\n\n\n<p><strong>Check out:<\/strong><br>\u2022 The hostel no later than 10.00<br>\u2022 Cottages no later than 11 a.m<br>\u2022 Campsites no later than 12.00<br>Failure to show up counts as cancellation, in which case the cancellation rules apply.<\/p>\n\n\n\n<p><strong>Insurances<\/strong><br>You who have a valid Camping Key Europ\u00e9, only the paid version, hold a special insurance at<br>accidents at the camping facility. Detailed information can be found at<br>https:\/\/www.camping.se\/sv\/Camping-Key-Europe\/Allt-om-Camping-KeyEurope\/Olycksfallsforsakring\/<br>You are otherwise responsible for ensuring that you have sufficient insurance cover during your stay.<\/p>\n\n\n\n<p><strong>Force majeure<\/strong><br>In the event that the trip cannot be completed due to an obstacle outside the Bor\u00e5s campsites<br>control and which the campsite could not reasonably have been expected to have anticipated when<br>The agreement was entered into, the consequences of which he could not reasonably have avoided or overcome the campsite free from liability for damages or other penalties. The same applies even if<br>the trip is canceled because of someone hired by the campsite or someone else in the past. Bor\u00e5s<br>camping reserves itself for changes in the law and\/or price changes that lie ahead<br>beyond their control.<\/p>\n\n\n\n<p><br><strong>Miscellaneous<\/strong> <br>The accommodation price does not include sheets, towels, unless otherwise stated on the confirmation. There is that buy and\/or rent on site. Remember to bring what you need for your stay.<\/p>\n\n\n\n<p><strong>What are my obligations?<\/strong><br>You have the obligation to check the booking confirmation yourself as soon as it is received. Any<br>Inaccuracies must be reported immediately. Representations made by booking staff who are of<br>essential for you must be noted in the booking confirmation in order to be invoked. You must follow the rules and instructions that apply to your booking. Errors that occur during your stay must be reported to us immediately so that we have the opportunity to remedy the error. If you fail to report errors, you cannot claim compensation either.<\/p>\n\n\n\n<p>If you received compensation but are not satisfied with it, you must notify us within 3 days of departure. This can be done in writing via e-mail.<\/p>\n\n\n\n<p>Violation of order regulations for the campsite, or breach of the agreement in general, may lead to the agreement being terminated with immediate effect. In the event of eviction, the due amount is calculated according to the current daily rate applied during the time you had access to the place, as well as a deduction for estimated damage. Any difference will be refunded no later than 10 days after the eviction.<\/p>\n\n\n\n<p><strong>What happens if something goes wrong?<\/strong><br>If what you have booked cannot be offered, you have the right to get similar accommodation or accommodation of a higher standard in Bor\u00e5s at no extra cost. Please let the staff know at the time of booking if you have specific requests so that they receive the information in advance of your arrival. If you want to bring your pet with you, please inform us of this when booking as we have a limited number of accommodation for pets. Errors that occur during your stay must be reported immediately to the reception or caretaker so that he has the opportunity to correct the error.<br>Keep in mind that your chances of getting a correction may decrease if you delay in contacting us.<\/p>\n\n\n\n<p><\/p>\n\n\n\n<p>We are always available for you by email or phone if you have questions regarding your booking<\/p>\n\n\n\n<p>A warm welcome to us!<\/p>\n\n\n\n<p><\/p>\n","protected":false},"excerpt":{"rendered":"<p>Payment &amp; booking rulesBor\u00e5s Campingapplies the payment and booking rules below. GenerallyPlease prepare your stay by having a valid digital\u2026<\/p>\n","protected":false},"author":1,"featured_media":0,"parent":3020,"menu_order":0,"comment_status":"closed","ping_status":"closed","template":"","meta":[],"yoast_head":"<!-- This site is optimized with the Yoast SEO plugin v18.3 - https:\/\/yoast.com\/wordpress\/plugins\/seo\/ -->\n<title>Booking terms and conditions - Bor\u00e5s Camping &amp; Vandrarhem<\/title>\n<meta name=\"robots\" content=\"index, follow, max-snippet:-1, max-image-preview:large, max-video-preview:-1\" \/>\n<link rel=\"canonical\" href=\"https:\/\/borascamping.se\/en\/good-to-know\/booking-terms-and-conditions\/\" \/>\n<meta property=\"og:locale\" content=\"en_US\" \/>\n<meta property=\"og:type\" content=\"article\" \/>\n<meta property=\"og:title\" content=\"Booking terms and conditions - Bor\u00e5s Camping &amp; Vandrarhem\" \/>\n<meta property=\"og:description\" content=\"Payment &amp; booking rulesBor\u00e5s Campingapplies the payment and booking rules below. GenerallyPlease prepare your stay by having a valid digital\u2026\" \/>\n<meta property=\"og:url\" content=\"https:\/\/borascamping.se\/en\/good-to-know\/booking-terms-and-conditions\/\" \/>\n<meta property=\"og:site_name\" content=\"Bor\u00e5s Camping &amp; Vandrarhem\" \/>\n<meta property=\"article:publisher\" content=\"https:\/\/www.facebook.com\/pages\/Bor%c3%a5s-Camping-Saltemad\/184385568239128?__tn__=%2cdkC-R-R&amp;amp%3bamp%3bamp%3bamp%3beid=ARAOyHCpAD0iAON-5UiBjd5J7ifAMMkrFLI7-EYOT2rsfELHShnvOFGP89MbBj6SIvb-j2nW9V2j9Amp&amp;amp%3bamp%3bamp%3bamp%3bhc_ref=ART0GRqRQn90XnrISo2cTV4UDe3jxMV9dotJ1G7bhZI0Ba1R4LGrSFc0wXIBiptbEsI&amp;amp%3bamp%3bamp%3bamp%3bfref=tag\" \/>\n<meta property=\"article:modified_time\" content=\"2024-01-02T10:48:47+00:00\" \/>\n<meta name=\"twitter:card\" content=\"summary_large_image\" \/>\n<meta name=\"twitter:label1\" content=\"Est. reading time\" \/>\n\t<meta name=\"twitter:data1\" content=\"5 minutes\" \/>\n<script type=\"application\/ld+json\" class=\"yoast-schema-graph\">{\"@context\":\"https:\/\/schema.org\",\"@graph\":[{\"@type\":\"WebSite\",\"@id\":\"https:\/\/www.borascamping.se\/#website\",\"url\":\"https:\/\/www.borascamping.se\/\",\"name\":\"Bor\u00e5s Camping &amp; Vandrarhem\",\"description\":\"Bor\u00e5s roligaste camping med \u00c4ventyrsomr\u00e5de, restaurang, butik, kiosk, relax med bastu, \u00c4ventyrsgolf, kanoter, trampb\u00e5t, SUP, biljard, konferens, frisbeegolf, boule, badplats och mycket mer\",\"potentialAction\":[{\"@type\":\"SearchAction\",\"target\":{\"@type\":\"EntryPoint\",\"urlTemplate\":\"https:\/\/www.borascamping.se\/?s={search_term_string}\"},\"query-input\":\"required name=search_term_string\"}],\"inLanguage\":\"en-US\"},{\"@type\":\"WebPage\",\"@id\":\"https:\/\/borascamping.se\/en\/good-to-know\/booking-terms-and-conditions\/#webpage\",\"url\":\"https:\/\/borascamping.se\/en\/good-to-know\/booking-terms-and-conditions\/\",\"name\":\"Booking terms and conditions - Bor\u00e5s Camping &amp; Vandrarhem\",\"isPartOf\":{\"@id\":\"https:\/\/www.borascamping.se\/#website\"},\"datePublished\":\"2021-03-30T15:09:05+00:00\",\"dateModified\":\"2024-01-02T10:48:47+00:00\",\"breadcrumb\":{\"@id\":\"https:\/\/borascamping.se\/en\/good-to-know\/booking-terms-and-conditions\/#breadcrumb\"},\"inLanguage\":\"en-US\",\"potentialAction\":[{\"@type\":\"ReadAction\",\"target\":[\"https:\/\/borascamping.se\/en\/good-to-know\/booking-terms-and-conditions\/\"]}]},{\"@type\":\"BreadcrumbList\",\"@id\":\"https:\/\/borascamping.se\/en\/good-to-know\/booking-terms-and-conditions\/#breadcrumb\",\"itemListElement\":[{\"@type\":\"ListItem\",\"position\":1,\"name\":\"Good to know\",\"item\":\"https:\/\/mail.borascamping.se\/en\/good-to-know\/\"},{\"@type\":\"ListItem\",\"position\":2,\"name\":\"Booking terms and conditions\"}]}]}<\/script>\n<!-- \/ Yoast SEO plugin. -->","yoast_head_json":{"title":"Booking terms and conditions - Bor\u00e5s Camping &amp; Vandrarhem","robots":{"index":"index","follow":"follow","max-snippet":"max-snippet:-1","max-image-preview":"max-image-preview:large","max-video-preview":"max-video-preview:-1"},"canonical":"https:\/\/borascamping.se\/en\/good-to-know\/booking-terms-and-conditions\/","og_locale":"en_US","og_type":"article","og_title":"Booking terms and conditions - Bor\u00e5s Camping &amp; Vandrarhem","og_description":"Payment &amp; booking rulesBor\u00e5s Campingapplies the payment and booking rules below. GenerallyPlease prepare your stay by having a valid digital\u2026","og_url":"https:\/\/borascamping.se\/en\/good-to-know\/booking-terms-and-conditions\/","og_site_name":"Bor\u00e5s Camping &amp; Vandrarhem","article_publisher":"https:\/\/www.facebook.com\/pages\/Bor%c3%a5s-Camping-Saltemad\/184385568239128?__tn__=%2cdkC-R-R&amp%3bamp%3bamp%3bamp%3beid=ARAOyHCpAD0iAON-5UiBjd5J7ifAMMkrFLI7-EYOT2rsfELHShnvOFGP89MbBj6SIvb-j2nW9V2j9Amp&amp%3bamp%3bamp%3bamp%3bhc_ref=ART0GRqRQn90XnrISo2cTV4UDe3jxMV9dotJ1G7bhZI0Ba1R4LGrSFc0wXIBiptbEsI&amp%3bamp%3bamp%3bamp%3bfref=tag","article_modified_time":"2024-01-02T10:48:47+00:00","twitter_card":"summary_large_image","twitter_misc":{"Est. reading time":"5 minutes"},"schema":{"@context":"https:\/\/schema.org","@graph":[{"@type":"WebSite","@id":"https:\/\/www.borascamping.se\/#website","url":"https:\/\/www.borascamping.se\/","name":"Bor\u00e5s Camping &amp; Vandrarhem","description":"Bor\u00e5s roligaste camping med \u00c4ventyrsomr\u00e5de, restaurang, butik, kiosk, relax med bastu, \u00c4ventyrsgolf, kanoter, trampb\u00e5t, SUP, biljard, konferens, frisbeegolf, boule, badplats och mycket mer","potentialAction":[{"@type":"SearchAction","target":{"@type":"EntryPoint","urlTemplate":"https:\/\/www.borascamping.se\/?s={search_term_string}"},"query-input":"required name=search_term_string"}],"inLanguage":"en-US"},{"@type":"WebPage","@id":"https:\/\/borascamping.se\/en\/good-to-know\/booking-terms-and-conditions\/#webpage","url":"https:\/\/borascamping.se\/en\/good-to-know\/booking-terms-and-conditions\/","name":"Booking terms and conditions - Bor\u00e5s Camping &amp; Vandrarhem","isPartOf":{"@id":"https:\/\/www.borascamping.se\/#website"},"datePublished":"2021-03-30T15:09:05+00:00","dateModified":"2024-01-02T10:48:47+00:00","breadcrumb":{"@id":"https:\/\/borascamping.se\/en\/good-to-know\/booking-terms-and-conditions\/#breadcrumb"},"inLanguage":"en-US","potentialAction":[{"@type":"ReadAction","target":["https:\/\/borascamping.se\/en\/good-to-know\/booking-terms-and-conditions\/"]}]},{"@type":"BreadcrumbList","@id":"https:\/\/borascamping.se\/en\/good-to-know\/booking-terms-and-conditions\/#breadcrumb","itemListElement":[{"@type":"ListItem","position":1,"name":"Good to know","item":"https:\/\/mail.borascamping.se\/en\/good-to-know\/"},{"@type":"ListItem","position":2,"name":"Booking terms and conditions"}]}]}},"acf":[],"_links":{"self":[{"href":"https:\/\/borascamping.se\/en\/wp-json\/wp\/v2\/pages\/3031"}],"collection":[{"href":"https:\/\/borascamping.se\/en\/wp-json\/wp\/v2\/pages"}],"about":[{"href":"https:\/\/borascamping.se\/en\/wp-json\/wp\/v2\/types\/page"}],"author":[{"embeddable":true,"href":"https:\/\/borascamping.se\/en\/wp-json\/wp\/v2\/users\/1"}],"replies":[{"embeddable":true,"href":"https:\/\/borascamping.se\/en\/wp-json\/wp\/v2\/comments?post=3031"}],"version-history":[{"count":7,"href":"https:\/\/borascamping.se\/en\/wp-json\/wp\/v2\/pages\/3031\/revisions"}],"predecessor-version":[{"id":4164,"href":"https:\/\/borascamping.se\/en\/wp-json\/wp\/v2\/pages\/3031\/revisions\/4164"}],"up":[{"embeddable":true,"href":"https:\/\/borascamping.se\/en\/wp-json\/wp\/v2\/pages\/3020"}],"wp:attachment":[{"href":"https:\/\/borascamping.se\/en\/wp-json\/wp\/v2\/media?parent=3031"}],"curies":[{"name":"wp","href":"https:\/\/api.w.org\/{rel}","templated":true}]}}