{"id":3036,"date":"2021-03-30T17:08:14","date_gmt":"2021-03-30T15:08:14","guid":{"rendered":"https:\/\/www.borascamping.se\/good-to-know\/parkering\/"},"modified":"2022-06-07T14:10:49","modified_gmt":"2022-06-07T12:10:49","slug":"parking%ef%bf%bc","status":"publish","type":"page","link":"https:\/\/borascamping.se\/en\/good-to-know\/parking%ef%bf%bc\/","title":{"rendered":"Parking"},"content":{"rendered":"\n<p><\/p>\n\n\n\n<p>It is permitted to park <strong>1 <\/strong>&nbsp;car by your campsite\/cabin. If you are staying in the hostel, there is parking right outside. If the party has more than one car, there is a parking lot by reception, inside of the boom gates. For visitors, there is parking by reception and the restaurant, as well as a smaller visitors\u2019 parking lot outside of the area.<br><br>NOTE that the boom gates are closed to entry between 11:00 pm \u2013 6:00 am.<\/p>\n","protected":false},"excerpt":{"rendered":"<p>It is permitted to park 1 &nbsp;car by your campsite\/cabin. If you are staying in the hostel, there is parking\u2026<\/p>\n","protected":false},"author":1,"featured_media":2246,"parent":3020,"menu_order":0,"comment_status":"closed","ping_status":"closed","template":"","meta":[],"yoast_head":"<!-- This site is optimized with the Yoast SEO plugin v18.3 - https:\/\/yoast.com\/wordpress\/plugins\/seo\/ -->\n<title>Parking - Bor\u00e5s Camping &amp; Vandrarhem<\/title>\n<meta name=\"robots\" content=\"index, follow, max-snippet:-1, max-image-preview:large, max-video-preview:-1\" \/>\n<link rel=\"canonical\" href=\"https:\/\/borascamping.se\/en\/good-to-know\/parking\ufffc\/\" \/>\n<meta property=\"og:locale\" content=\"en_US\" \/>\n<meta property=\"og:type\" content=\"article\" \/>\n<meta property=\"og:title\" content=\"Parking - Bor\u00e5s Camping &amp; Vandrarhem\" \/>\n<meta property=\"og:description\" content=\"It is permitted to park 1 &nbsp;car by your campsite\/cabin. If you are staying in the hostel, there is parking\u2026\" \/>\n<meta property=\"og:url\" content=\"https:\/\/borascamping.se\/en\/good-to-know\/parking\ufffc\/\" \/>\n<meta property=\"og:site_name\" content=\"Bor\u00e5s Camping &amp; Vandrarhem\" \/>\n<meta property=\"article:publisher\" content=\"https:\/\/www.facebook.com\/pages\/Bor%c3%a5s-Camping-Saltemad\/184385568239128?__tn__=%2cdkC-R-R&amp;amp%3bamp%3bamp%3bamp%3beid=ARAOyHCpAD0iAON-5UiBjd5J7ifAMMkrFLI7-EYOT2rsfELHShnvOFGP89MbBj6SIvb-j2nW9V2j9Amp&amp;amp%3bamp%3bamp%3bamp%3bhc_ref=ART0GRqRQn90XnrISo2cTV4UDe3jxMV9dotJ1G7bhZI0Ba1R4LGrSFc0wXIBiptbEsI&amp;amp%3bamp%3bamp%3bamp%3bfref=tag\" \/>\n<meta property=\"article:modified_time\" content=\"2022-06-07T12:10:49+00:00\" \/>\n<meta property=\"og:image\" content=\"https:\/\/borascamping.se\/wp-content\/uploads\/2021\/04\/parkering-scaled.jpg\" \/>\n\t<meta property=\"og:image:width\" content=\"2560\" \/>\n\t<meta property=\"og:image:height\" content=\"1707\" \/>\n\t<meta property=\"og:image:type\" content=\"image\/jpeg\" \/>\n<meta name=\"twitter:card\" content=\"summary_large_image\" \/>\n<meta name=\"twitter:label1\" content=\"Est. reading time\" \/>\n\t<meta name=\"twitter:data1\" content=\"1 minute\" \/>\n<script type=\"application\/ld+json\" class=\"yoast-schema-graph\">{\"@context\":\"https:\/\/schema.org\",\"@graph\":[{\"@type\":\"WebSite\",\"@id\":\"https:\/\/www.borascamping.se\/#website\",\"url\":\"https:\/\/www.borascamping.se\/\",\"name\":\"Bor\u00e5s Camping &amp; Vandrarhem\",\"description\":\"Bor\u00e5s roligaste camping med \u00c4ventyrsomr\u00e5de, restaurang, butik, kiosk, relax med bastu, \u00c4ventyrsgolf, kanoter, trampb\u00e5t, SUP, biljard, konferens, frisbeegolf, boule, badplats och mycket mer\",\"potentialAction\":[{\"@type\":\"SearchAction\",\"target\":{\"@type\":\"EntryPoint\",\"urlTemplate\":\"https:\/\/www.borascamping.se\/?s={search_term_string}\"},\"query-input\":\"required name=search_term_string\"}],\"inLanguage\":\"en-US\"},{\"@type\":\"ImageObject\",\"@id\":\"https:\/\/borascamping.se\/en\/good-to-know\/parking%ef%bf%bc\/#primaryimage\",\"inLanguage\":\"en-US\",\"url\":\"https:\/\/borascamping.se\/wp-content\/uploads\/2021\/04\/parkering-scaled.jpg\",\"contentUrl\":\"https:\/\/borascamping.se\/wp-content\/uploads\/2021\/04\/parkering-scaled.jpg\",\"width\":2560,\"height\":1707},{\"@type\":\"WebPage\",\"@id\":\"https:\/\/borascamping.se\/en\/good-to-know\/parking%ef%bf%bc\/#webpage\",\"url\":\"https:\/\/borascamping.se\/en\/good-to-know\/parking%ef%bf%bc\/\",\"name\":\"Parking - Bor\u00e5s Camping &amp; Vandrarhem\",\"isPartOf\":{\"@id\":\"https:\/\/www.borascamping.se\/#website\"},\"primaryImageOfPage\":{\"@id\":\"https:\/\/borascamping.se\/en\/good-to-know\/parking%ef%bf%bc\/#primaryimage\"},\"datePublished\":\"2021-03-30T15:08:14+00:00\",\"dateModified\":\"2022-06-07T12:10:49+00:00\",\"breadcrumb\":{\"@id\":\"https:\/\/borascamping.se\/en\/good-to-know\/parking%ef%bf%bc\/#breadcrumb\"},\"inLanguage\":\"en-US\",\"potentialAction\":[{\"@type\":\"ReadAction\",\"target\":[\"https:\/\/borascamping.se\/en\/good-to-know\/parking%ef%bf%bc\/\"]}]},{\"@type\":\"BreadcrumbList\",\"@id\":\"https:\/\/borascamping.se\/en\/good-to-know\/parking%ef%bf%bc\/#breadcrumb\",\"itemListElement\":[{\"@type\":\"ListItem\",\"position\":1,\"name\":\"Good to know\",\"item\":\"https:\/\/mail.borascamping.se\/en\/good-to-know\/\"},{\"@type\":\"ListItem\",\"position\":2,\"name\":\"Parking\"}]}]}<\/script>\n<!-- \/ Yoast SEO plugin. -->","yoast_head_json":{"title":"Parking - Bor\u00e5s Camping &amp; Vandrarhem","robots":{"index":"index","follow":"follow","max-snippet":"max-snippet:-1","max-image-preview":"max-image-preview:large","max-video-preview":"max-video-preview:-1"},"canonical":"https:\/\/borascamping.se\/en\/good-to-know\/parking\ufffc\/","og_locale":"en_US","og_type":"article","og_title":"Parking - Bor\u00e5s Camping &amp; Vandrarhem","og_description":"It is permitted to park 1 &nbsp;car by your campsite\/cabin. If you are staying in the hostel, there is parking\u2026","og_url":"https:\/\/borascamping.se\/en\/good-to-know\/parking\ufffc\/","og_site_name":"Bor\u00e5s Camping &amp; Vandrarhem","article_publisher":"https:\/\/www.facebook.com\/pages\/Bor%c3%a5s-Camping-Saltemad\/184385568239128?__tn__=%2cdkC-R-R&amp%3bamp%3bamp%3bamp%3beid=ARAOyHCpAD0iAON-5UiBjd5J7ifAMMkrFLI7-EYOT2rsfELHShnvOFGP89MbBj6SIvb-j2nW9V2j9Amp&amp%3bamp%3bamp%3bamp%3bhc_ref=ART0GRqRQn90XnrISo2cTV4UDe3jxMV9dotJ1G7bhZI0Ba1R4LGrSFc0wXIBiptbEsI&amp%3bamp%3bamp%3bamp%3bfref=tag","article_modified_time":"2022-06-07T12:10:49+00:00","og_image":[{"width":2560,"height":1707,"url":"https:\/\/borascamping.se\/wp-content\/uploads\/2021\/04\/parkering-scaled.jpg","type":"image\/jpeg"}],"twitter_card":"summary_large_image","twitter_misc":{"Est. reading time":"1 minute"},"schema":{"@context":"https:\/\/schema.org","@graph":[{"@type":"WebSite","@id":"https:\/\/www.borascamping.se\/#website","url":"https:\/\/www.borascamping.se\/","name":"Bor\u00e5s Camping &amp; Vandrarhem","description":"Bor\u00e5s roligaste camping med \u00c4ventyrsomr\u00e5de, restaurang, butik, kiosk, relax med bastu, \u00c4ventyrsgolf, kanoter, trampb\u00e5t, SUP, biljard, konferens, frisbeegolf, boule, badplats och mycket mer","potentialAction":[{"@type":"SearchAction","target":{"@type":"EntryPoint","urlTemplate":"https:\/\/www.borascamping.se\/?s={search_term_string}"},"query-input":"required name=search_term_string"}],"inLanguage":"en-US"},{"@type":"ImageObject","@id":"https:\/\/borascamping.se\/en\/good-to-know\/parking%ef%bf%bc\/#primaryimage","inLanguage":"en-US","url":"https:\/\/borascamping.se\/wp-content\/uploads\/2021\/04\/parkering-scaled.jpg","contentUrl":"https:\/\/borascamping.se\/wp-content\/uploads\/2021\/04\/parkering-scaled.jpg","width":2560,"height":1707},{"@type":"WebPage","@id":"https:\/\/borascamping.se\/en\/good-to-know\/parking%ef%bf%bc\/#webpage","url":"https:\/\/borascamping.se\/en\/good-to-know\/parking%ef%bf%bc\/","name":"Parking - Bor\u00e5s Camping &amp; Vandrarhem","isPartOf":{"@id":"https:\/\/www.borascamping.se\/#website"},"primaryImageOfPage":{"@id":"https:\/\/borascamping.se\/en\/good-to-know\/parking%ef%bf%bc\/#primaryimage"},"datePublished":"2021-03-30T15:08:14+00:00","dateModified":"2022-06-07T12:10:49+00:00","breadcrumb":{"@id":"https:\/\/borascamping.se\/en\/good-to-know\/parking%ef%bf%bc\/#breadcrumb"},"inLanguage":"en-US","potentialAction":[{"@type":"ReadAction","target":["https:\/\/borascamping.se\/en\/good-to-know\/parking%ef%bf%bc\/"]}]},{"@type":"BreadcrumbList","@id":"https:\/\/borascamping.se\/en\/good-to-know\/parking%ef%bf%bc\/#breadcrumb","itemListElement":[{"@type":"ListItem","position":1,"name":"Good to know","item":"https:\/\/mail.borascamping.se\/en\/good-to-know\/"},{"@type":"ListItem","position":2,"name":"Parking"}]}]}},"acf":[],"_links":{"self":[{"href":"https:\/\/borascamping.se\/en\/wp-json\/wp\/v2\/pages\/3036"}],"collection":[{"href":"https:\/\/borascamping.se\/en\/wp-json\/wp\/v2\/pages"}],"about":[{"href":"https:\/\/borascamping.se\/en\/wp-json\/wp\/v2\/types\/page"}],"author":[{"embeddable":true,"href":"https:\/\/borascamping.se\/en\/wp-json\/wp\/v2\/users\/1"}],"replies":[{"embeddable":true,"href":"https:\/\/borascamping.se\/en\/wp-json\/wp\/v2\/comments?post=3036"}],"version-history":[{"count":2,"href":"https:\/\/borascamping.se\/en\/wp-json\/wp\/v2\/pages\/3036\/revisions"}],"predecessor-version":[{"id":3040,"href":"https:\/\/borascamping.se\/en\/wp-json\/wp\/v2\/pages\/3036\/revisions\/3040"}],"up":[{"embeddable":true,"href":"https:\/\/borascamping.se\/en\/wp-json\/wp\/v2\/pages\/3020"}],"wp:featuredmedia":[{"embeddable":true,"href":"https:\/\/borascamping.se\/en\/wp-json\/wp\/v2\/media\/2246"}],"wp:attachment":[{"href":"https:\/\/borascamping.se\/en\/wp-json\/wp\/v2\/media?parent=3036"}],"curies":[{"name":"wp","href":"https:\/\/api.w.org\/{rel}","templated":true}]}}