{"id":3048,"date":"2021-03-30T17:06:52","date_gmt":"2021-03-30T15:06:52","guid":{"rendered":"https:\/\/www.borascamping.se\/good-to-know\/husdjur\/"},"modified":"2025-01-17T16:54:57","modified_gmt":"2025-01-17T15:54:57","slug":"dogs-pets","status":"publish","type":"page","link":"https:\/\/borascamping.se\/en\/good-to-know\/dogs-pets\/","title":{"rendered":"Dogs, pets"},"content":{"rendered":"\n<p>Pets are welcome at Bor\u00e5s Camping!<br><br>Pets are welcome to stay with us in your caravan\/camper van, on campsites, and in all of our cabins (not Grindstugan). The campgrounds have large green spaces for play and walks. Dog baths at a comfortable height are open in summer in service house S5. Our restaurant has a large space in the outdoor seating area where pets are welcome.<\/p>\n\n\n\n<p>Neighbouring the campground is a 550-hectare nature reserve with numerous hiking trails of various lengths and difficulty levels. Bor\u00e5s\u2019 biggest lake, which has a beach where dogs can swim, is within walking distance. This is a wonderful place to take the whole family, with sandy beaches for play and large fields to enjoy.<\/p>\n\n\n\n<p>Remember to keep dogs\/cats leashed in the area and to pick up any waste and throw it away in the waste bins\/containers. We charge a fee of SEK 200 to have pets in cabins. Pets in their own caravan\/camper van are welcome at no extra cost. Pets are not allowed inside the hostel or in community spaces.<\/p>\n\n\n\n<p>Welcome!<\/p>\n","protected":false},"excerpt":{"rendered":"<p>Pets are welcome at Bor\u00e5s Camping! Pets are welcome to stay with us in your caravan\/camper van, on campsites, and\u2026<\/p>\n","protected":false},"author":1,"featured_media":2140,"parent":3020,"menu_order":0,"comment_status":"closed","ping_status":"closed","template":"","meta":[],"yoast_head":"<!-- This site is optimized with the Yoast SEO plugin v18.3 - https:\/\/yoast.com\/wordpress\/plugins\/seo\/ -->\n<title>Dogs, pets - Bor\u00e5s Camping &amp; Vandrarhem<\/title>\n<meta name=\"robots\" content=\"index, follow, max-snippet:-1, max-image-preview:large, max-video-preview:-1\" \/>\n<link rel=\"canonical\" href=\"https:\/\/borascamping.se\/en\/good-to-know\/dogs-pets\/\" \/>\n<meta property=\"og:locale\" content=\"en_US\" \/>\n<meta property=\"og:type\" content=\"article\" \/>\n<meta property=\"og:title\" content=\"Dogs, pets - Bor\u00e5s Camping &amp; Vandrarhem\" \/>\n<meta property=\"og:description\" content=\"Pets are welcome at Bor\u00e5s Camping! Pets are welcome to stay with us in your caravan\/camper van, on campsites, and\u2026\" \/>\n<meta property=\"og:url\" content=\"https:\/\/borascamping.se\/en\/good-to-know\/dogs-pets\/\" \/>\n<meta property=\"og:site_name\" content=\"Bor\u00e5s Camping &amp; Vandrarhem\" \/>\n<meta property=\"article:publisher\" content=\"https:\/\/www.facebook.com\/pages\/Bor%c3%a5s-Camping-Saltemad\/184385568239128?__tn__=%2cdkC-R-R&amp;amp%3bamp%3bamp%3bamp%3beid=ARAOyHCpAD0iAON-5UiBjd5J7ifAMMkrFLI7-EYOT2rsfELHShnvOFGP89MbBj6SIvb-j2nW9V2j9Amp&amp;amp%3bamp%3bamp%3bamp%3bhc_ref=ART0GRqRQn90XnrISo2cTV4UDe3jxMV9dotJ1G7bhZI0Ba1R4LGrSFc0wXIBiptbEsI&amp;amp%3bamp%3bamp%3bamp%3bfref=tag\" \/>\n<meta property=\"article:modified_time\" content=\"2025-01-17T15:54:57+00:00\" \/>\n<meta property=\"og:image\" content=\"https:\/\/borascamping.se\/wp-content\/uploads\/2021\/04\/hund-scaled.jpg\" \/>\n\t<meta property=\"og:image:width\" content=\"2560\" \/>\n\t<meta property=\"og:image:height\" content=\"1440\" \/>\n\t<meta property=\"og:image:type\" content=\"image\/jpeg\" \/>\n<meta name=\"twitter:card\" content=\"summary_large_image\" \/>\n<meta name=\"twitter:label1\" content=\"Est. reading time\" \/>\n\t<meta name=\"twitter:data1\" content=\"1 minute\" \/>\n<script type=\"application\/ld+json\" class=\"yoast-schema-graph\">{\"@context\":\"https:\/\/schema.org\",\"@graph\":[{\"@type\":\"WebSite\",\"@id\":\"https:\/\/www.borascamping.se\/#website\",\"url\":\"https:\/\/www.borascamping.se\/\",\"name\":\"Bor\u00e5s Camping &amp; Vandrarhem\",\"description\":\"Bor\u00e5s roligaste camping med \u00c4ventyrsomr\u00e5de, restaurang, butik, kiosk, relax med bastu, \u00c4ventyrsgolf, kanoter, trampb\u00e5t, SUP, biljard, konferens, frisbeegolf, boule, badplats och mycket mer\",\"potentialAction\":[{\"@type\":\"SearchAction\",\"target\":{\"@type\":\"EntryPoint\",\"urlTemplate\":\"https:\/\/www.borascamping.se\/?s={search_term_string}\"},\"query-input\":\"required name=search_term_string\"}],\"inLanguage\":\"en-US\"},{\"@type\":\"ImageObject\",\"@id\":\"https:\/\/borascamping.se\/en\/good-to-know\/dogs-pets\/#primaryimage\",\"inLanguage\":\"en-US\",\"url\":\"https:\/\/borascamping.se\/wp-content\/uploads\/2021\/04\/hund-scaled.jpg\",\"contentUrl\":\"https:\/\/borascamping.se\/wp-content\/uploads\/2021\/04\/hund-scaled.jpg\",\"width\":2560,\"height\":1440},{\"@type\":\"WebPage\",\"@id\":\"https:\/\/borascamping.se\/en\/good-to-know\/dogs-pets\/#webpage\",\"url\":\"https:\/\/borascamping.se\/en\/good-to-know\/dogs-pets\/\",\"name\":\"Dogs, pets - Bor\u00e5s Camping &amp; Vandrarhem\",\"isPartOf\":{\"@id\":\"https:\/\/www.borascamping.se\/#website\"},\"primaryImageOfPage\":{\"@id\":\"https:\/\/borascamping.se\/en\/good-to-know\/dogs-pets\/#primaryimage\"},\"datePublished\":\"2021-03-30T15:06:52+00:00\",\"dateModified\":\"2025-01-17T15:54:57+00:00\",\"breadcrumb\":{\"@id\":\"https:\/\/borascamping.se\/en\/good-to-know\/dogs-pets\/#breadcrumb\"},\"inLanguage\":\"en-US\",\"potentialAction\":[{\"@type\":\"ReadAction\",\"target\":[\"https:\/\/borascamping.se\/en\/good-to-know\/dogs-pets\/\"]}]},{\"@type\":\"BreadcrumbList\",\"@id\":\"https:\/\/borascamping.se\/en\/good-to-know\/dogs-pets\/#breadcrumb\",\"itemListElement\":[{\"@type\":\"ListItem\",\"position\":1,\"name\":\"Good to know\",\"item\":\"https:\/\/mail.borascamping.se\/en\/good-to-know\/\"},{\"@type\":\"ListItem\",\"position\":2,\"name\":\"Dogs, pets\"}]}]}<\/script>\n<!-- \/ Yoast SEO plugin. -->","yoast_head_json":{"title":"Dogs, pets - Bor\u00e5s Camping &amp; Vandrarhem","robots":{"index":"index","follow":"follow","max-snippet":"max-snippet:-1","max-image-preview":"max-image-preview:large","max-video-preview":"max-video-preview:-1"},"canonical":"https:\/\/borascamping.se\/en\/good-to-know\/dogs-pets\/","og_locale":"en_US","og_type":"article","og_title":"Dogs, pets - Bor\u00e5s Camping &amp; Vandrarhem","og_description":"Pets are welcome at Bor\u00e5s Camping! Pets are welcome to stay with us in your caravan\/camper van, on campsites, and\u2026","og_url":"https:\/\/borascamping.se\/en\/good-to-know\/dogs-pets\/","og_site_name":"Bor\u00e5s Camping &amp; Vandrarhem","article_publisher":"https:\/\/www.facebook.com\/pages\/Bor%c3%a5s-Camping-Saltemad\/184385568239128?__tn__=%2cdkC-R-R&amp%3bamp%3bamp%3bamp%3beid=ARAOyHCpAD0iAON-5UiBjd5J7ifAMMkrFLI7-EYOT2rsfELHShnvOFGP89MbBj6SIvb-j2nW9V2j9Amp&amp%3bamp%3bamp%3bamp%3bhc_ref=ART0GRqRQn90XnrISo2cTV4UDe3jxMV9dotJ1G7bhZI0Ba1R4LGrSFc0wXIBiptbEsI&amp%3bamp%3bamp%3bamp%3bfref=tag","article_modified_time":"2025-01-17T15:54:57+00:00","og_image":[{"width":2560,"height":1440,"url":"https:\/\/borascamping.se\/wp-content\/uploads\/2021\/04\/hund-scaled.jpg","type":"image\/jpeg"}],"twitter_card":"summary_large_image","twitter_misc":{"Est. reading time":"1 minute"},"schema":{"@context":"https:\/\/schema.org","@graph":[{"@type":"WebSite","@id":"https:\/\/www.borascamping.se\/#website","url":"https:\/\/www.borascamping.se\/","name":"Bor\u00e5s Camping &amp; Vandrarhem","description":"Bor\u00e5s roligaste camping med \u00c4ventyrsomr\u00e5de, restaurang, butik, kiosk, relax med bastu, \u00c4ventyrsgolf, kanoter, trampb\u00e5t, SUP, biljard, konferens, frisbeegolf, boule, badplats och mycket mer","potentialAction":[{"@type":"SearchAction","target":{"@type":"EntryPoint","urlTemplate":"https:\/\/www.borascamping.se\/?s={search_term_string}"},"query-input":"required name=search_term_string"}],"inLanguage":"en-US"},{"@type":"ImageObject","@id":"https:\/\/borascamping.se\/en\/good-to-know\/dogs-pets\/#primaryimage","inLanguage":"en-US","url":"https:\/\/borascamping.se\/wp-content\/uploads\/2021\/04\/hund-scaled.jpg","contentUrl":"https:\/\/borascamping.se\/wp-content\/uploads\/2021\/04\/hund-scaled.jpg","width":2560,"height":1440},{"@type":"WebPage","@id":"https:\/\/borascamping.se\/en\/good-to-know\/dogs-pets\/#webpage","url":"https:\/\/borascamping.se\/en\/good-to-know\/dogs-pets\/","name":"Dogs, pets - Bor\u00e5s Camping &amp; Vandrarhem","isPartOf":{"@id":"https:\/\/www.borascamping.se\/#website"},"primaryImageOfPage":{"@id":"https:\/\/borascamping.se\/en\/good-to-know\/dogs-pets\/#primaryimage"},"datePublished":"2021-03-30T15:06:52+00:00","dateModified":"2025-01-17T15:54:57+00:00","breadcrumb":{"@id":"https:\/\/borascamping.se\/en\/good-to-know\/dogs-pets\/#breadcrumb"},"inLanguage":"en-US","potentialAction":[{"@type":"ReadAction","target":["https:\/\/borascamping.se\/en\/good-to-know\/dogs-pets\/"]}]},{"@type":"BreadcrumbList","@id":"https:\/\/borascamping.se\/en\/good-to-know\/dogs-pets\/#breadcrumb","itemListElement":[{"@type":"ListItem","position":1,"name":"Good to know","item":"https:\/\/mail.borascamping.se\/en\/good-to-know\/"},{"@type":"ListItem","position":2,"name":"Dogs, pets"}]}]}},"acf":[],"_links":{"self":[{"href":"https:\/\/borascamping.se\/en\/wp-json\/wp\/v2\/pages\/3048"}],"collection":[{"href":"https:\/\/borascamping.se\/en\/wp-json\/wp\/v2\/pages"}],"about":[{"href":"https:\/\/borascamping.se\/en\/wp-json\/wp\/v2\/types\/page"}],"author":[{"embeddable":true,"href":"https:\/\/borascamping.se\/en\/wp-json\/wp\/v2\/users\/1"}],"replies":[{"embeddable":true,"href":"https:\/\/borascamping.se\/en\/wp-json\/wp\/v2\/comments?post=3048"}],"version-history":[{"count":3,"href":"https:\/\/borascamping.se\/en\/wp-json\/wp\/v2\/pages\/3048\/revisions"}],"predecessor-version":[{"id":4587,"href":"https:\/\/borascamping.se\/en\/wp-json\/wp\/v2\/pages\/3048\/revisions\/4587"}],"up":[{"embeddable":true,"href":"https:\/\/borascamping.se\/en\/wp-json\/wp\/v2\/pages\/3020"}],"wp:featuredmedia":[{"embeddable":true,"href":"https:\/\/borascamping.se\/en\/wp-json\/wp\/v2\/media\/2140"}],"wp:attachment":[{"href":"https:\/\/borascamping.se\/en\/wp-json\/wp\/v2\/media?parent=3048"}],"curies":[{"name":"wp","href":"https:\/\/api.w.org\/{rel}","templated":true}]}}