{"id":3059,"date":"2021-03-30T17:04:54","date_gmt":"2021-03-30T15:04:54","guid":{"rendered":"https:\/\/www.borascamping.se\/grupper\/foretag\/"},"modified":"2024-01-04T08:32:23","modified_gmt":"2024-01-04T07:32:23","slug":"company","status":"publish","type":"page","link":"https:\/\/borascamping.se\/en\/grupper\/company\/","title":{"rendered":"Company"},"content":{"rendered":"\n<p>Is your company looking for accommodation for longer periods of time or for multiple stays?<\/p>\n\n\n\n<p>We have camping, cottages and hostels. Contact us for information<\/p>\n","protected":false},"excerpt":{"rendered":"<p>Is your company looking for accommodation for longer periods of time or for multiple stays? We have camping, cottages and\u2026<\/p>\n","protected":false},"author":1,"featured_media":2726,"parent":3057,"menu_order":0,"comment_status":"closed","ping_status":"closed","template":"","meta":[],"yoast_head":"<!-- This site is optimized with the Yoast SEO plugin v18.3 - https:\/\/yoast.com\/wordpress\/plugins\/seo\/ -->\n<title>Company - Bor\u00e5s Camping &amp; Vandrarhem<\/title>\n<meta name=\"robots\" content=\"index, follow, max-snippet:-1, max-image-preview:large, max-video-preview:-1\" \/>\n<link rel=\"canonical\" href=\"https:\/\/borascamping.se\/en\/grupper\/company\/\" \/>\n<meta property=\"og:locale\" content=\"en_US\" \/>\n<meta property=\"og:type\" content=\"article\" \/>\n<meta property=\"og:title\" content=\"Company - Bor\u00e5s Camping &amp; Vandrarhem\" \/>\n<meta property=\"og:description\" content=\"Is your company looking for accommodation for longer periods of time or for multiple stays? We have camping, cottages and\u2026\" \/>\n<meta property=\"og:url\" content=\"https:\/\/borascamping.se\/en\/grupper\/company\/\" \/>\n<meta property=\"og:site_name\" content=\"Bor\u00e5s Camping &amp; Vandrarhem\" \/>\n<meta property=\"article:publisher\" content=\"https:\/\/www.facebook.com\/pages\/Bor%c3%a5s-Camping-Saltemad\/184385568239128?__tn__=%2cdkC-R-R&amp;amp%3bamp%3bamp%3bamp%3beid=ARAOyHCpAD0iAON-5UiBjd5J7ifAMMkrFLI7-EYOT2rsfELHShnvOFGP89MbBj6SIvb-j2nW9V2j9Amp&amp;amp%3bamp%3bamp%3bamp%3bhc_ref=ART0GRqRQn90XnrISo2cTV4UDe3jxMV9dotJ1G7bhZI0Ba1R4LGrSFc0wXIBiptbEsI&amp;amp%3bamp%3bamp%3bamp%3bfref=tag\" \/>\n<meta property=\"article:modified_time\" content=\"2024-01-04T07:32:23+00:00\" \/>\n<meta property=\"og:image\" content=\"https:\/\/borascamping.se\/wp-content\/uploads\/2022\/04\/lillstugan2.jpg\" \/>\n\t<meta property=\"og:image:width\" content=\"1365\" \/>\n\t<meta property=\"og:image:height\" content=\"2048\" \/>\n\t<meta property=\"og:image:type\" content=\"image\/jpeg\" \/>\n<meta name=\"twitter:card\" content=\"summary_large_image\" \/>\n<meta name=\"twitter:label1\" content=\"Est. reading time\" \/>\n\t<meta name=\"twitter:data1\" content=\"1 minute\" \/>\n<script type=\"application\/ld+json\" class=\"yoast-schema-graph\">{\"@context\":\"https:\/\/schema.org\",\"@graph\":[{\"@type\":\"WebSite\",\"@id\":\"https:\/\/www.borascamping.se\/#website\",\"url\":\"https:\/\/www.borascamping.se\/\",\"name\":\"Bor\u00e5s Camping &amp; Vandrarhem\",\"description\":\"Bor\u00e5s roligaste camping med \u00c4ventyrsomr\u00e5de, restaurang, butik, kiosk, relax med bastu, \u00c4ventyrsgolf, kanoter, trampb\u00e5t, SUP, biljard, konferens, frisbeegolf, boule, badplats och mycket mer\",\"potentialAction\":[{\"@type\":\"SearchAction\",\"target\":{\"@type\":\"EntryPoint\",\"urlTemplate\":\"https:\/\/www.borascamping.se\/?s={search_term_string}\"},\"query-input\":\"required name=search_term_string\"}],\"inLanguage\":\"en-US\"},{\"@type\":\"ImageObject\",\"@id\":\"https:\/\/borascamping.se\/en\/grupper\/company\/#primaryimage\",\"inLanguage\":\"en-US\",\"url\":\"https:\/\/borascamping.se\/wp-content\/uploads\/2022\/04\/lillstugan2.jpg\",\"contentUrl\":\"https:\/\/borascamping.se\/wp-content\/uploads\/2022\/04\/lillstugan2.jpg\",\"width\":1365,\"height\":2048},{\"@type\":\"WebPage\",\"@id\":\"https:\/\/borascamping.se\/en\/grupper\/company\/#webpage\",\"url\":\"https:\/\/borascamping.se\/en\/grupper\/company\/\",\"name\":\"Company - Bor\u00e5s Camping &amp; Vandrarhem\",\"isPartOf\":{\"@id\":\"https:\/\/www.borascamping.se\/#website\"},\"primaryImageOfPage\":{\"@id\":\"https:\/\/borascamping.se\/en\/grupper\/company\/#primaryimage\"},\"datePublished\":\"2021-03-30T15:04:54+00:00\",\"dateModified\":\"2024-01-04T07:32:23+00:00\",\"breadcrumb\":{\"@id\":\"https:\/\/borascamping.se\/en\/grupper\/company\/#breadcrumb\"},\"inLanguage\":\"en-US\",\"potentialAction\":[{\"@type\":\"ReadAction\",\"target\":[\"https:\/\/borascamping.se\/en\/grupper\/company\/\"]}]},{\"@type\":\"BreadcrumbList\",\"@id\":\"https:\/\/borascamping.se\/en\/grupper\/company\/#breadcrumb\",\"itemListElement\":[{\"@type\":\"ListItem\",\"position\":1,\"name\":\"Groups\",\"item\":\"https:\/\/borascamping.se\/en\/grupper\/\"},{\"@type\":\"ListItem\",\"position\":2,\"name\":\"Company\"}]}]}<\/script>\n<!-- \/ Yoast SEO plugin. -->","yoast_head_json":{"title":"Company - Bor\u00e5s Camping &amp; Vandrarhem","robots":{"index":"index","follow":"follow","max-snippet":"max-snippet:-1","max-image-preview":"max-image-preview:large","max-video-preview":"max-video-preview:-1"},"canonical":"https:\/\/borascamping.se\/en\/grupper\/company\/","og_locale":"en_US","og_type":"article","og_title":"Company - Bor\u00e5s Camping &amp; Vandrarhem","og_description":"Is your company looking for accommodation for longer periods of time or for multiple stays? We have camping, cottages and\u2026","og_url":"https:\/\/borascamping.se\/en\/grupper\/company\/","og_site_name":"Bor\u00e5s Camping &amp; Vandrarhem","article_publisher":"https:\/\/www.facebook.com\/pages\/Bor%c3%a5s-Camping-Saltemad\/184385568239128?__tn__=%2cdkC-R-R&amp%3bamp%3bamp%3bamp%3beid=ARAOyHCpAD0iAON-5UiBjd5J7ifAMMkrFLI7-EYOT2rsfELHShnvOFGP89MbBj6SIvb-j2nW9V2j9Amp&amp%3bamp%3bamp%3bamp%3bhc_ref=ART0GRqRQn90XnrISo2cTV4UDe3jxMV9dotJ1G7bhZI0Ba1R4LGrSFc0wXIBiptbEsI&amp%3bamp%3bamp%3bamp%3bfref=tag","article_modified_time":"2024-01-04T07:32:23+00:00","og_image":[{"width":1365,"height":2048,"url":"https:\/\/borascamping.se\/wp-content\/uploads\/2022\/04\/lillstugan2.jpg","type":"image\/jpeg"}],"twitter_card":"summary_large_image","twitter_misc":{"Est. reading time":"1 minute"},"schema":{"@context":"https:\/\/schema.org","@graph":[{"@type":"WebSite","@id":"https:\/\/www.borascamping.se\/#website","url":"https:\/\/www.borascamping.se\/","name":"Bor\u00e5s Camping &amp; Vandrarhem","description":"Bor\u00e5s roligaste camping med \u00c4ventyrsomr\u00e5de, restaurang, butik, kiosk, relax med bastu, \u00c4ventyrsgolf, kanoter, trampb\u00e5t, SUP, biljard, konferens, frisbeegolf, boule, badplats och mycket mer","potentialAction":[{"@type":"SearchAction","target":{"@type":"EntryPoint","urlTemplate":"https:\/\/www.borascamping.se\/?s={search_term_string}"},"query-input":"required name=search_term_string"}],"inLanguage":"en-US"},{"@type":"ImageObject","@id":"https:\/\/borascamping.se\/en\/grupper\/company\/#primaryimage","inLanguage":"en-US","url":"https:\/\/borascamping.se\/wp-content\/uploads\/2022\/04\/lillstugan2.jpg","contentUrl":"https:\/\/borascamping.se\/wp-content\/uploads\/2022\/04\/lillstugan2.jpg","width":1365,"height":2048},{"@type":"WebPage","@id":"https:\/\/borascamping.se\/en\/grupper\/company\/#webpage","url":"https:\/\/borascamping.se\/en\/grupper\/company\/","name":"Company - Bor\u00e5s Camping &amp; Vandrarhem","isPartOf":{"@id":"https:\/\/www.borascamping.se\/#website"},"primaryImageOfPage":{"@id":"https:\/\/borascamping.se\/en\/grupper\/company\/#primaryimage"},"datePublished":"2021-03-30T15:04:54+00:00","dateModified":"2024-01-04T07:32:23+00:00","breadcrumb":{"@id":"https:\/\/borascamping.se\/en\/grupper\/company\/#breadcrumb"},"inLanguage":"en-US","potentialAction":[{"@type":"ReadAction","target":["https:\/\/borascamping.se\/en\/grupper\/company\/"]}]},{"@type":"BreadcrumbList","@id":"https:\/\/borascamping.se\/en\/grupper\/company\/#breadcrumb","itemListElement":[{"@type":"ListItem","position":1,"name":"Groups","item":"https:\/\/borascamping.se\/en\/grupper\/"},{"@type":"ListItem","position":2,"name":"Company"}]}]}},"acf":[],"_links":{"self":[{"href":"https:\/\/borascamping.se\/en\/wp-json\/wp\/v2\/pages\/3059"}],"collection":[{"href":"https:\/\/borascamping.se\/en\/wp-json\/wp\/v2\/pages"}],"about":[{"href":"https:\/\/borascamping.se\/en\/wp-json\/wp\/v2\/types\/page"}],"author":[{"embeddable":true,"href":"https:\/\/borascamping.se\/en\/wp-json\/wp\/v2\/users\/1"}],"replies":[{"embeddable":true,"href":"https:\/\/borascamping.se\/en\/wp-json\/wp\/v2\/comments?post=3059"}],"version-history":[{"count":5,"href":"https:\/\/borascamping.se\/en\/wp-json\/wp\/v2\/pages\/3059\/revisions"}],"predecessor-version":[{"id":4171,"href":"https:\/\/borascamping.se\/en\/wp-json\/wp\/v2\/pages\/3059\/revisions\/4171"}],"up":[{"embeddable":true,"href":"https:\/\/borascamping.se\/en\/wp-json\/wp\/v2\/pages\/3057"}],"wp:featuredmedia":[{"embeddable":true,"href":"https:\/\/borascamping.se\/en\/wp-json\/wp\/v2\/media\/2726"}],"wp:attachment":[{"href":"https:\/\/borascamping.se\/en\/wp-json\/wp\/v2\/media?parent=3059"}],"curies":[{"name":"wp","href":"https:\/\/api.w.org\/{rel}","templated":true}]}}