{"id":3069,"date":"2021-03-30T17:04:30","date_gmt":"2021-03-30T15:04:30","guid":{"rendered":"https:\/\/www.borascamping.se\/grupper\/mohippa-svensexa\/"},"modified":"2022-06-07T14:40:30","modified_gmt":"2022-06-07T12:40:30","slug":"hen-stag-party","status":"publish","type":"page","link":"https:\/\/borascamping.se\/en\/grupper\/hen-stag-party\/","title":{"rendered":"Hen\/Stag party"},"content":{"rendered":"\n<p>We can help with your party!<br>How about a pentathlon with games like rock the mammoth, canoe trace and tug-of-war?<br>Read more about our pentathlon below.<br><br>Whether you are staying on the campgrounds or nearby, you are welcome to visit us for an unforgettable day. Come enjoy a wonderful activity and time together, paired with delicious food. We will tailor the activities to suit your wishes and the number of participants. Activities could include canoeing, mini golf, and a pentathlon (read more about the pentathlon below).<\/p>\n\n\n\n<p>Afterwards, you can opt to book a soothing sauna session, and then shower and relax. The sauna seats 6 to 7 people, and the changing room outside has room for more. One shower and one toilet. SEK 250 total for 1.5 hours.<\/p>\n\n\n\n<p>We will organize a barbecue night, with access to a grill and an area to occupy. You will get a barbecue kit with charcoal, lighter fluid and a tray of food according to your wishes.<br><br>We also have a party venue to rent if you would prefer to be inside, and you may serve food there. Renting the venue includes access to the service building, which has a kitchen, showers and toilets. So if you want to cook food yourself, that option is available.<\/p>\n\n\n\n<p>Accommodation is available for the entire party. Book a cabin, bring your caravan or check in to the hostel. You are welcome to contact us for more information.<\/p>\n\n\n\n<p>PENTATHLON<\/p>\n\n\n\n<p>We have 15 different events to choose from, and you get to choose in advance which five events you would like to do.<\/p>\n\n\n\n<p>The events are:<\/p>\n\n\n\n<p>Rock the mammoth<\/p>\n\n\n\n<p>Disc golf<\/p>\n\n\n\n<p>Canoe race<\/p>\n\n\n\n<p>Tug-of-war<\/p>\n\n\n\n<p>Dinosaur toss<\/p>\n\n\n\n<p>Volleyball<\/p>\n\n\n\n<p>Horseshoes<\/p>\n\n\n\n<p>Mini golf<\/p>\n\n\n\n<p>Feed the dinosaur<\/p>\n\n\n\n<p>Hammer nails into a board&nbsp;<\/p>\n\n\n\n<p>Nuts and bolts&nbsp;<\/p>\n\n\n\n<p>Watch out for the wall&nbsp;<\/p>\n\n\n\n<p>Water chain<\/p>\n\n\n\n<p>Longest strip<\/p>\n\n\n\n<p>Pedal boat race<\/p>\n\n\n\n<p>Staff will be on site to direct the entire pentathlon.<\/p>\n\n\n\n<p>It takes about 1.5\u20132 hours, depending on the number of people and which events you choose.<\/p>\n\n\n\n<p>The winning team gets a medal.<\/p>\n","protected":false},"excerpt":{"rendered":"<p>We can help with your party!How about a pentathlon with games like rock the mammoth, canoe trace and tug-of-war?Read more\u2026<\/p>\n","protected":false},"author":1,"featured_media":3440,"parent":3057,"menu_order":0,"comment_status":"closed","ping_status":"closed","template":"","meta":[],"yoast_head":"<!-- This site is optimized with the Yoast SEO plugin v18.3 - https:\/\/yoast.com\/wordpress\/plugins\/seo\/ -->\n<title>Hen\/Stag party - Bor\u00e5s Camping &amp; Vandrarhem<\/title>\n<meta name=\"robots\" content=\"index, follow, max-snippet:-1, max-image-preview:large, max-video-preview:-1\" \/>\n<link rel=\"canonical\" href=\"https:\/\/borascamping.se\/en\/grupper\/hen-stag-party\/\" \/>\n<meta property=\"og:locale\" content=\"en_US\" \/>\n<meta property=\"og:type\" content=\"article\" \/>\n<meta property=\"og:title\" content=\"Hen\/Stag party - Bor\u00e5s Camping &amp; Vandrarhem\" \/>\n<meta property=\"og:description\" content=\"We can help with your party!How about a pentathlon with games like rock the mammoth, canoe trace and tug-of-war?Read more\u2026\" \/>\n<meta property=\"og:url\" content=\"https:\/\/borascamping.se\/en\/grupper\/hen-stag-party\/\" \/>\n<meta property=\"og:site_name\" content=\"Bor\u00e5s Camping &amp; Vandrarhem\" \/>\n<meta property=\"article:publisher\" content=\"https:\/\/www.facebook.com\/pages\/Bor%c3%a5s-Camping-Saltemad\/184385568239128?__tn__=%2cdkC-R-R&amp;amp%3bamp%3bamp%3bamp%3beid=ARAOyHCpAD0iAON-5UiBjd5J7ifAMMkrFLI7-EYOT2rsfELHShnvOFGP89MbBj6SIvb-j2nW9V2j9Amp&amp;amp%3bamp%3bamp%3bamp%3bhc_ref=ART0GRqRQn90XnrISo2cTV4UDe3jxMV9dotJ1G7bhZI0Ba1R4LGrSFc0wXIBiptbEsI&amp;amp%3bamp%3bamp%3bamp%3bfref=tag\" \/>\n<meta property=\"article:modified_time\" content=\"2022-06-07T12:40:30+00:00\" \/>\n<meta property=\"og:image\" content=\"https:\/\/borascamping.se\/wp-content\/uploads\/2022\/11\/femkamp-scaled.jpg\" \/>\n\t<meta property=\"og:image:width\" content=\"2560\" \/>\n\t<meta property=\"og:image:height\" content=\"1920\" \/>\n\t<meta property=\"og:image:type\" content=\"image\/jpeg\" \/>\n<meta name=\"twitter:card\" content=\"summary_large_image\" \/>\n<meta name=\"twitter:label1\" content=\"Est. reading time\" \/>\n\t<meta name=\"twitter:data1\" content=\"2 minutes\" \/>\n<script type=\"application\/ld+json\" class=\"yoast-schema-graph\">{\"@context\":\"https:\/\/schema.org\",\"@graph\":[{\"@type\":\"WebSite\",\"@id\":\"https:\/\/www.borascamping.se\/#website\",\"url\":\"https:\/\/www.borascamping.se\/\",\"name\":\"Bor\u00e5s Camping &amp; Vandrarhem\",\"description\":\"Bor\u00e5s roligaste camping med \u00c4ventyrsomr\u00e5de, restaurang, butik, kiosk, relax med bastu, \u00c4ventyrsgolf, kanoter, trampb\u00e5t, SUP, biljard, konferens, frisbeegolf, boule, badplats och mycket mer\",\"potentialAction\":[{\"@type\":\"SearchAction\",\"target\":{\"@type\":\"EntryPoint\",\"urlTemplate\":\"https:\/\/www.borascamping.se\/?s={search_term_string}\"},\"query-input\":\"required name=search_term_string\"}],\"inLanguage\":\"en-US\"},{\"@type\":\"ImageObject\",\"@id\":\"https:\/\/borascamping.se\/en\/grupper\/hen-stag-party\/#primaryimage\",\"inLanguage\":\"en-US\",\"url\":\"https:\/\/borascamping.se\/wp-content\/uploads\/2022\/11\/femkamp-scaled.jpg\",\"contentUrl\":\"https:\/\/borascamping.se\/wp-content\/uploads\/2022\/11\/femkamp-scaled.jpg\",\"width\":2560,\"height\":1920},{\"@type\":\"WebPage\",\"@id\":\"https:\/\/borascamping.se\/en\/grupper\/hen-stag-party\/#webpage\",\"url\":\"https:\/\/borascamping.se\/en\/grupper\/hen-stag-party\/\",\"name\":\"Hen\/Stag party - Bor\u00e5s Camping &amp; Vandrarhem\",\"isPartOf\":{\"@id\":\"https:\/\/www.borascamping.se\/#website\"},\"primaryImageOfPage\":{\"@id\":\"https:\/\/borascamping.se\/en\/grupper\/hen-stag-party\/#primaryimage\"},\"datePublished\":\"2021-03-30T15:04:30+00:00\",\"dateModified\":\"2022-06-07T12:40:30+00:00\",\"breadcrumb\":{\"@id\":\"https:\/\/borascamping.se\/en\/grupper\/hen-stag-party\/#breadcrumb\"},\"inLanguage\":\"en-US\",\"potentialAction\":[{\"@type\":\"ReadAction\",\"target\":[\"https:\/\/borascamping.se\/en\/grupper\/hen-stag-party\/\"]}]},{\"@type\":\"BreadcrumbList\",\"@id\":\"https:\/\/borascamping.se\/en\/grupper\/hen-stag-party\/#breadcrumb\",\"itemListElement\":[{\"@type\":\"ListItem\",\"position\":1,\"name\":\"Groups\",\"item\":\"https:\/\/borascamping.se\/en\/grupper\/\"},{\"@type\":\"ListItem\",\"position\":2,\"name\":\"Hen\/Stag party\"}]}]}<\/script>\n<!-- \/ Yoast SEO plugin. -->","yoast_head_json":{"title":"Hen\/Stag party - Bor\u00e5s Camping &amp; Vandrarhem","robots":{"index":"index","follow":"follow","max-snippet":"max-snippet:-1","max-image-preview":"max-image-preview:large","max-video-preview":"max-video-preview:-1"},"canonical":"https:\/\/borascamping.se\/en\/grupper\/hen-stag-party\/","og_locale":"en_US","og_type":"article","og_title":"Hen\/Stag party - Bor\u00e5s Camping &amp; Vandrarhem","og_description":"We can help with your party!How about a pentathlon with games like rock the mammoth, canoe trace and tug-of-war?Read more\u2026","og_url":"https:\/\/borascamping.se\/en\/grupper\/hen-stag-party\/","og_site_name":"Bor\u00e5s Camping &amp; Vandrarhem","article_publisher":"https:\/\/www.facebook.com\/pages\/Bor%c3%a5s-Camping-Saltemad\/184385568239128?__tn__=%2cdkC-R-R&amp%3bamp%3bamp%3bamp%3beid=ARAOyHCpAD0iAON-5UiBjd5J7ifAMMkrFLI7-EYOT2rsfELHShnvOFGP89MbBj6SIvb-j2nW9V2j9Amp&amp%3bamp%3bamp%3bamp%3bhc_ref=ART0GRqRQn90XnrISo2cTV4UDe3jxMV9dotJ1G7bhZI0Ba1R4LGrSFc0wXIBiptbEsI&amp%3bamp%3bamp%3bamp%3bfref=tag","article_modified_time":"2022-06-07T12:40:30+00:00","og_image":[{"width":2560,"height":1920,"url":"https:\/\/borascamping.se\/wp-content\/uploads\/2022\/11\/femkamp-scaled.jpg","type":"image\/jpeg"}],"twitter_card":"summary_large_image","twitter_misc":{"Est. reading time":"2 minutes"},"schema":{"@context":"https:\/\/schema.org","@graph":[{"@type":"WebSite","@id":"https:\/\/www.borascamping.se\/#website","url":"https:\/\/www.borascamping.se\/","name":"Bor\u00e5s Camping &amp; Vandrarhem","description":"Bor\u00e5s roligaste camping med \u00c4ventyrsomr\u00e5de, restaurang, butik, kiosk, relax med bastu, \u00c4ventyrsgolf, kanoter, trampb\u00e5t, SUP, biljard, konferens, frisbeegolf, boule, badplats och mycket mer","potentialAction":[{"@type":"SearchAction","target":{"@type":"EntryPoint","urlTemplate":"https:\/\/www.borascamping.se\/?s={search_term_string}"},"query-input":"required name=search_term_string"}],"inLanguage":"en-US"},{"@type":"ImageObject","@id":"https:\/\/borascamping.se\/en\/grupper\/hen-stag-party\/#primaryimage","inLanguage":"en-US","url":"https:\/\/borascamping.se\/wp-content\/uploads\/2022\/11\/femkamp-scaled.jpg","contentUrl":"https:\/\/borascamping.se\/wp-content\/uploads\/2022\/11\/femkamp-scaled.jpg","width":2560,"height":1920},{"@type":"WebPage","@id":"https:\/\/borascamping.se\/en\/grupper\/hen-stag-party\/#webpage","url":"https:\/\/borascamping.se\/en\/grupper\/hen-stag-party\/","name":"Hen\/Stag party - Bor\u00e5s Camping &amp; Vandrarhem","isPartOf":{"@id":"https:\/\/www.borascamping.se\/#website"},"primaryImageOfPage":{"@id":"https:\/\/borascamping.se\/en\/grupper\/hen-stag-party\/#primaryimage"},"datePublished":"2021-03-30T15:04:30+00:00","dateModified":"2022-06-07T12:40:30+00:00","breadcrumb":{"@id":"https:\/\/borascamping.se\/en\/grupper\/hen-stag-party\/#breadcrumb"},"inLanguage":"en-US","potentialAction":[{"@type":"ReadAction","target":["https:\/\/borascamping.se\/en\/grupper\/hen-stag-party\/"]}]},{"@type":"BreadcrumbList","@id":"https:\/\/borascamping.se\/en\/grupper\/hen-stag-party\/#breadcrumb","itemListElement":[{"@type":"ListItem","position":1,"name":"Groups","item":"https:\/\/borascamping.se\/en\/grupper\/"},{"@type":"ListItem","position":2,"name":"Hen\/Stag party"}]}]}},"acf":[],"_links":{"self":[{"href":"https:\/\/borascamping.se\/en\/wp-json\/wp\/v2\/pages\/3069"}],"collection":[{"href":"https:\/\/borascamping.se\/en\/wp-json\/wp\/v2\/pages"}],"about":[{"href":"https:\/\/borascamping.se\/en\/wp-json\/wp\/v2\/types\/page"}],"author":[{"embeddable":true,"href":"https:\/\/borascamping.se\/en\/wp-json\/wp\/v2\/users\/1"}],"replies":[{"embeddable":true,"href":"https:\/\/borascamping.se\/en\/wp-json\/wp\/v2\/comments?post=3069"}],"version-history":[{"count":4,"href":"https:\/\/borascamping.se\/en\/wp-json\/wp\/v2\/pages\/3069\/revisions"}],"predecessor-version":[{"id":3073,"href":"https:\/\/borascamping.se\/en\/wp-json\/wp\/v2\/pages\/3069\/revisions\/3073"}],"up":[{"embeddable":true,"href":"https:\/\/borascamping.se\/en\/wp-json\/wp\/v2\/pages\/3057"}],"wp:featuredmedia":[{"embeddable":true,"href":"https:\/\/borascamping.se\/en\/wp-json\/wp\/v2\/media\/3440"}],"wp:attachment":[{"href":"https:\/\/borascamping.se\/en\/wp-json\/wp\/v2\/media?parent=3069"}],"curies":[{"name":"wp","href":"https:\/\/api.w.org\/{rel}","templated":true}]}}