{"id":3074,"date":"2021-03-30T17:03:49","date_gmt":"2021-03-30T15:03:49","guid":{"rendered":"https:\/\/www.borascamping.se\/grupper\/barnkalas\/"},"modified":"2022-06-07T14:51:03","modified_gmt":"2022-06-07T12:51:03","slug":"party-for-all-ages","status":"publish","type":"page","link":"https:\/\/borascamping.se\/en\/grupper\/party-for-all-ages\/","title":{"rendered":"PARTY \u2013 for all ages"},"content":{"rendered":"\n<p>Bor\u00e5s Camping offers plenty of fun and exciting activities. Choose what suits you best!<br>We\u2019ll help you with your party!<br><br>Whether you are staying on the campgrounds or if you live nearby, you are welcome to visit us for a party. Enjoy wonderful activities and time together with delicious food without having to organize anything yourself, clean the house, or do the dishes. We will tailor the activities to suit the children\u2019s ages and number of adult participants. Enjoy everything from canoeing to mini golf and games. After some fun activities, we will light the grill and barbecue together, or serve dinner in our dining room \u2013 whichever you prefer. See below for party packages. If you don\u2019t find what you are looking for, contact us and together we can arrange something just for you.<\/p>\n\n\n\n<p>FOR PLAYFUL LITTLE ONES<\/p>\n\n\n\n<p><strong>Fun on the playground<\/strong>, hot dogs, juice and an ice cream buffet&nbsp;<\/p>\n\n\n\n<p>Enjoy free play at one of our three playgrounds. We will serve hot dogs and ice cream<\/p>\n\n\n\n<p><br>FOR ACTIVE KIDS<\/p>\n\n\n\n<p><strong>Billiards and ping-pong tournament <\/strong>&nbsp;with a pizza buffet, juice and snack table&nbsp;<\/p>\n\n\n\n<p><strong>Mini golf<\/strong> followed by a pizza buffet, juice and snack table&nbsp;<\/p>\n\n\n\n<p><br>FANS OF THE OUTDOORS<\/p>\n\n\n\n<p><strong>Canoeing<\/strong> with a hot dog cookout, juice and marshmallows&nbsp;<\/p>\n\n\n\n<p>Adults must supervise and be in charge in the canoes. Grill kits with charcoal and lighter fluid, as well as location are included. You light the grill. We provide hot dogs, buns, marshmallows.<\/p>\n\n\n\n<p>&#8212;&#8212;<br>Ice cream buffet can be replaced with bags of sweets<\/p>\n\n\n\n<p>Prices are for kids up to age 12.<br>Contact us for prices for other ages.<\/p>\n","protected":false},"excerpt":{"rendered":"<p>Bor\u00e5s Camping offers plenty of fun and exciting activities. Choose what suits you best!We\u2019ll help you with your party! Whether\u2026<\/p>\n","protected":false},"author":1,"featured_media":2136,"parent":3057,"menu_order":0,"comment_status":"closed","ping_status":"closed","template":"","meta":[],"yoast_head":"<!-- This site is optimized with the Yoast SEO plugin v18.3 - https:\/\/yoast.com\/wordpress\/plugins\/seo\/ -->\n<title>PARTY \u2013 for all ages - Bor\u00e5s Camping &amp; Vandrarhem<\/title>\n<meta name=\"robots\" content=\"index, follow, max-snippet:-1, max-image-preview:large, max-video-preview:-1\" \/>\n<link rel=\"canonical\" href=\"https:\/\/borascamping.se\/en\/grupper\/party-for-all-ages\/\" \/>\n<meta property=\"og:locale\" content=\"en_US\" \/>\n<meta property=\"og:type\" content=\"article\" \/>\n<meta property=\"og:title\" content=\"PARTY \u2013 for all ages - Bor\u00e5s Camping &amp; Vandrarhem\" \/>\n<meta property=\"og:description\" content=\"Bor\u00e5s Camping offers plenty of fun and exciting activities. Choose what suits you best!We\u2019ll help you with your party! Whether\u2026\" \/>\n<meta property=\"og:url\" content=\"https:\/\/borascamping.se\/en\/grupper\/party-for-all-ages\/\" \/>\n<meta property=\"og:site_name\" content=\"Bor\u00e5s Camping &amp; Vandrarhem\" \/>\n<meta property=\"article:publisher\" content=\"https:\/\/www.facebook.com\/pages\/Bor%c3%a5s-Camping-Saltemad\/184385568239128?__tn__=%2cdkC-R-R&amp;amp%3bamp%3bamp%3bamp%3beid=ARAOyHCpAD0iAON-5UiBjd5J7ifAMMkrFLI7-EYOT2rsfELHShnvOFGP89MbBj6SIvb-j2nW9V2j9Amp&amp;amp%3bamp%3bamp%3bamp%3bhc_ref=ART0GRqRQn90XnrISo2cTV4UDe3jxMV9dotJ1G7bhZI0Ba1R4LGrSFc0wXIBiptbEsI&amp;amp%3bamp%3bamp%3bamp%3bfref=tag\" \/>\n<meta property=\"article:modified_time\" content=\"2022-06-07T12:51:03+00:00\" \/>\n<meta property=\"og:image\" content=\"https:\/\/borascamping.se\/wp-content\/uploads\/2021\/04\/brnkalas3-scaled.jpg\" \/>\n\t<meta property=\"og:image:width\" content=\"2560\" \/>\n\t<meta property=\"og:image:height\" content=\"1707\" \/>\n\t<meta property=\"og:image:type\" content=\"image\/jpeg\" \/>\n<meta name=\"twitter:card\" content=\"summary_large_image\" \/>\n<meta name=\"twitter:label1\" content=\"Est. reading time\" \/>\n\t<meta name=\"twitter:data1\" content=\"2 minutes\" \/>\n<script type=\"application\/ld+json\" class=\"yoast-schema-graph\">{\"@context\":\"https:\/\/schema.org\",\"@graph\":[{\"@type\":\"WebSite\",\"@id\":\"https:\/\/www.borascamping.se\/#website\",\"url\":\"https:\/\/www.borascamping.se\/\",\"name\":\"Bor\u00e5s Camping &amp; Vandrarhem\",\"description\":\"Bor\u00e5s roligaste camping med \u00c4ventyrsomr\u00e5de, restaurang, butik, kiosk, relax med bastu, \u00c4ventyrsgolf, kanoter, trampb\u00e5t, SUP, biljard, konferens, frisbeegolf, boule, badplats och mycket mer\",\"potentialAction\":[{\"@type\":\"SearchAction\",\"target\":{\"@type\":\"EntryPoint\",\"urlTemplate\":\"https:\/\/www.borascamping.se\/?s={search_term_string}\"},\"query-input\":\"required name=search_term_string\"}],\"inLanguage\":\"en-US\"},{\"@type\":\"ImageObject\",\"@id\":\"https:\/\/borascamping.se\/en\/grupper\/party-for-all-ages\/#primaryimage\",\"inLanguage\":\"en-US\",\"url\":\"https:\/\/borascamping.se\/wp-content\/uploads\/2021\/04\/brnkalas3-scaled.jpg\",\"contentUrl\":\"https:\/\/borascamping.se\/wp-content\/uploads\/2021\/04\/brnkalas3-scaled.jpg\",\"width\":2560,\"height\":1707},{\"@type\":\"WebPage\",\"@id\":\"https:\/\/borascamping.se\/en\/grupper\/party-for-all-ages\/#webpage\",\"url\":\"https:\/\/borascamping.se\/en\/grupper\/party-for-all-ages\/\",\"name\":\"PARTY \u2013 for all ages - Bor\u00e5s Camping &amp; Vandrarhem\",\"isPartOf\":{\"@id\":\"https:\/\/www.borascamping.se\/#website\"},\"primaryImageOfPage\":{\"@id\":\"https:\/\/borascamping.se\/en\/grupper\/party-for-all-ages\/#primaryimage\"},\"datePublished\":\"2021-03-30T15:03:49+00:00\",\"dateModified\":\"2022-06-07T12:51:03+00:00\",\"breadcrumb\":{\"@id\":\"https:\/\/borascamping.se\/en\/grupper\/party-for-all-ages\/#breadcrumb\"},\"inLanguage\":\"en-US\",\"potentialAction\":[{\"@type\":\"ReadAction\",\"target\":[\"https:\/\/borascamping.se\/en\/grupper\/party-for-all-ages\/\"]}]},{\"@type\":\"BreadcrumbList\",\"@id\":\"https:\/\/borascamping.se\/en\/grupper\/party-for-all-ages\/#breadcrumb\",\"itemListElement\":[{\"@type\":\"ListItem\",\"position\":1,\"name\":\"Groups\",\"item\":\"https:\/\/borascamping.se\/en\/grupper\/\"},{\"@type\":\"ListItem\",\"position\":2,\"name\":\"PARTY \u2013 for all ages\"}]}]}<\/script>\n<!-- \/ Yoast SEO plugin. -->","yoast_head_json":{"title":"PARTY \u2013 for all ages - Bor\u00e5s Camping &amp; Vandrarhem","robots":{"index":"index","follow":"follow","max-snippet":"max-snippet:-1","max-image-preview":"max-image-preview:large","max-video-preview":"max-video-preview:-1"},"canonical":"https:\/\/borascamping.se\/en\/grupper\/party-for-all-ages\/","og_locale":"en_US","og_type":"article","og_title":"PARTY \u2013 for all ages - Bor\u00e5s Camping &amp; Vandrarhem","og_description":"Bor\u00e5s Camping offers plenty of fun and exciting activities. Choose what suits you best!We\u2019ll help you with your party! Whether\u2026","og_url":"https:\/\/borascamping.se\/en\/grupper\/party-for-all-ages\/","og_site_name":"Bor\u00e5s Camping &amp; Vandrarhem","article_publisher":"https:\/\/www.facebook.com\/pages\/Bor%c3%a5s-Camping-Saltemad\/184385568239128?__tn__=%2cdkC-R-R&amp%3bamp%3bamp%3bamp%3beid=ARAOyHCpAD0iAON-5UiBjd5J7ifAMMkrFLI7-EYOT2rsfELHShnvOFGP89MbBj6SIvb-j2nW9V2j9Amp&amp%3bamp%3bamp%3bamp%3bhc_ref=ART0GRqRQn90XnrISo2cTV4UDe3jxMV9dotJ1G7bhZI0Ba1R4LGrSFc0wXIBiptbEsI&amp%3bamp%3bamp%3bamp%3bfref=tag","article_modified_time":"2022-06-07T12:51:03+00:00","og_image":[{"width":2560,"height":1707,"url":"https:\/\/borascamping.se\/wp-content\/uploads\/2021\/04\/brnkalas3-scaled.jpg","type":"image\/jpeg"}],"twitter_card":"summary_large_image","twitter_misc":{"Est. reading time":"2 minutes"},"schema":{"@context":"https:\/\/schema.org","@graph":[{"@type":"WebSite","@id":"https:\/\/www.borascamping.se\/#website","url":"https:\/\/www.borascamping.se\/","name":"Bor\u00e5s Camping &amp; Vandrarhem","description":"Bor\u00e5s roligaste camping med \u00c4ventyrsomr\u00e5de, restaurang, butik, kiosk, relax med bastu, \u00c4ventyrsgolf, kanoter, trampb\u00e5t, SUP, biljard, konferens, frisbeegolf, boule, badplats och mycket mer","potentialAction":[{"@type":"SearchAction","target":{"@type":"EntryPoint","urlTemplate":"https:\/\/www.borascamping.se\/?s={search_term_string}"},"query-input":"required name=search_term_string"}],"inLanguage":"en-US"},{"@type":"ImageObject","@id":"https:\/\/borascamping.se\/en\/grupper\/party-for-all-ages\/#primaryimage","inLanguage":"en-US","url":"https:\/\/borascamping.se\/wp-content\/uploads\/2021\/04\/brnkalas3-scaled.jpg","contentUrl":"https:\/\/borascamping.se\/wp-content\/uploads\/2021\/04\/brnkalas3-scaled.jpg","width":2560,"height":1707},{"@type":"WebPage","@id":"https:\/\/borascamping.se\/en\/grupper\/party-for-all-ages\/#webpage","url":"https:\/\/borascamping.se\/en\/grupper\/party-for-all-ages\/","name":"PARTY \u2013 for all ages - Bor\u00e5s Camping &amp; Vandrarhem","isPartOf":{"@id":"https:\/\/www.borascamping.se\/#website"},"primaryImageOfPage":{"@id":"https:\/\/borascamping.se\/en\/grupper\/party-for-all-ages\/#primaryimage"},"datePublished":"2021-03-30T15:03:49+00:00","dateModified":"2022-06-07T12:51:03+00:00","breadcrumb":{"@id":"https:\/\/borascamping.se\/en\/grupper\/party-for-all-ages\/#breadcrumb"},"inLanguage":"en-US","potentialAction":[{"@type":"ReadAction","target":["https:\/\/borascamping.se\/en\/grupper\/party-for-all-ages\/"]}]},{"@type":"BreadcrumbList","@id":"https:\/\/borascamping.se\/en\/grupper\/party-for-all-ages\/#breadcrumb","itemListElement":[{"@type":"ListItem","position":1,"name":"Groups","item":"https:\/\/borascamping.se\/en\/grupper\/"},{"@type":"ListItem","position":2,"name":"PARTY \u2013 for all ages"}]}]}},"acf":[],"_links":{"self":[{"href":"https:\/\/borascamping.se\/en\/wp-json\/wp\/v2\/pages\/3074"}],"collection":[{"href":"https:\/\/borascamping.se\/en\/wp-json\/wp\/v2\/pages"}],"about":[{"href":"https:\/\/borascamping.se\/en\/wp-json\/wp\/v2\/types\/page"}],"author":[{"embeddable":true,"href":"https:\/\/borascamping.se\/en\/wp-json\/wp\/v2\/users\/1"}],"replies":[{"embeddable":true,"href":"https:\/\/borascamping.se\/en\/wp-json\/wp\/v2\/comments?post=3074"}],"version-history":[{"count":3,"href":"https:\/\/borascamping.se\/en\/wp-json\/wp\/v2\/pages\/3074\/revisions"}],"predecessor-version":[{"id":3078,"href":"https:\/\/borascamping.se\/en\/wp-json\/wp\/v2\/pages\/3074\/revisions\/3078"}],"up":[{"embeddable":true,"href":"https:\/\/borascamping.se\/en\/wp-json\/wp\/v2\/pages\/3057"}],"wp:featuredmedia":[{"embeddable":true,"href":"https:\/\/borascamping.se\/en\/wp-json\/wp\/v2\/media\/2136"}],"wp:attachment":[{"href":"https:\/\/borascamping.se\/en\/wp-json\/wp\/v2\/media?parent=3074"}],"curies":[{"name":"wp","href":"https:\/\/api.w.org\/{rel}","templated":true}]}}