{"id":3089,"date":"2021-03-30T17:03:20","date_gmt":"2021-03-30T15:03:20","guid":{"rendered":"https:\/\/www.borascamping.se\/grupper\/sportgrupper\/"},"modified":"2024-01-04T08:52:18","modified_gmt":"2024-01-04T07:52:18","slug":"sport-groups","status":"publish","type":"page","link":"https:\/\/borascamping.se\/en\/grupper\/sport-groups\/","title":{"rendered":"Sport groups"},"content":{"rendered":"\n<p>We love sports, with us there are all the opportunities for an active stay, proximity to arenas, ice rinks and sports facilities, good food and good accommodation.<\/p>\n\n\n\n<p>ACCOMMODATIONS<br>Book the entire hostel to yourselves and get both a dining room and a living room for just you. We have 15 rooms divided into 50 beds in our hostel. Bor\u00e5s camping also offers 52 cottages in 4 different holiday villages. Customize your space as needed. Of course, there is also the possibility of campsites for those who wish.<\/p>\n\n\n\n<p>OUTDOOR GYM &amp; ACTIVITIES<br>At the campsite you can play frisbee golf, boules and use our grass areas completely free of charge (bring your own frisbee and balls). There are also canoes for rent and miniature golf. In 2022, we will also create an outdoor gym for those who want to warm up or get a workout already at the campsite.<\/p>\n\n\n\n<p>SPORTS FACILITIES &amp; OUTDOOR RECREATION<br>Only 500m from the campsite are Bor\u00e5s Arena, Ryahallen, Ryavallen, Bor\u00e5s Ice Rink, Bor\u00e5s Skate Track, Padel Court and Tennis Hall. Next door to the campsite is the nature reserve Rya \u00c5sar with several hiking trails.<\/p>\n\n\n\n<p>FOOD<br>We can offer both breakfast, lunch, dinners, snacks or packed lunches to bring, all according to your wishes<\/p>\n\n\n\n<p>LOCAL<br>We also have 2 rooms for rent for those who want to have a match briefing, dinners or just be able to gather the group<\/p>\n\n\n\n<p>RESERVATION<br>Contact us for price and booking<\/p>\n\n\n\n<p><\/p>\n\n\n\n<p><br><\/p>\n\n\n\n<p><\/p>\n\n\n\n<p><br><br><br><br><br><\/p>\n","protected":false},"excerpt":{"rendered":"<p>We love sports, with us there are all the opportunities for an active stay, proximity to arenas, ice rinks and\u2026<\/p>\n","protected":false},"author":1,"featured_media":4144,"parent":3057,"menu_order":0,"comment_status":"closed","ping_status":"closed","template":"","meta":[],"yoast_head":"<!-- This site is optimized with the Yoast SEO plugin v18.3 - https:\/\/yoast.com\/wordpress\/plugins\/seo\/ -->\n<title>Sport groups - Bor\u00e5s Camping &amp; Vandrarhem<\/title>\n<meta name=\"robots\" content=\"index, follow, max-snippet:-1, max-image-preview:large, max-video-preview:-1\" \/>\n<link rel=\"canonical\" href=\"https:\/\/borascamping.se\/en\/grupper\/sport-groups\/\" \/>\n<meta property=\"og:locale\" content=\"en_US\" \/>\n<meta property=\"og:type\" content=\"article\" \/>\n<meta property=\"og:title\" content=\"Sport groups - Bor\u00e5s Camping &amp; Vandrarhem\" \/>\n<meta property=\"og:description\" content=\"We love sports, with us there are all the opportunities for an active stay, proximity to arenas, ice rinks and\u2026\" \/>\n<meta property=\"og:url\" content=\"https:\/\/borascamping.se\/en\/grupper\/sport-groups\/\" \/>\n<meta property=\"og:site_name\" content=\"Bor\u00e5s Camping &amp; Vandrarhem\" \/>\n<meta property=\"article:publisher\" content=\"https:\/\/www.facebook.com\/pages\/Bor%c3%a5s-Camping-Saltemad\/184385568239128?__tn__=%2cdkC-R-R&amp;amp%3bamp%3bamp%3bamp%3beid=ARAOyHCpAD0iAON-5UiBjd5J7ifAMMkrFLI7-EYOT2rsfELHShnvOFGP89MbBj6SIvb-j2nW9V2j9Amp&amp;amp%3bamp%3bamp%3bamp%3bhc_ref=ART0GRqRQn90XnrISo2cTV4UDe3jxMV9dotJ1G7bhZI0Ba1R4LGrSFc0wXIBiptbEsI&amp;amp%3bamp%3bamp%3bamp%3bfref=tag\" \/>\n<meta property=\"article:modified_time\" content=\"2024-01-04T07:52:18+00:00\" \/>\n<meta property=\"og:image\" content=\"https:\/\/borascamping.se\/wp-content\/uploads\/2023\/11\/borascampingsporthallar.jpg\" \/>\n\t<meta property=\"og:image:width\" content=\"900\" \/>\n\t<meta property=\"og:image:height\" content=\"600\" \/>\n\t<meta property=\"og:image:type\" content=\"image\/jpeg\" \/>\n<meta name=\"twitter:card\" content=\"summary_large_image\" \/>\n<meta name=\"twitter:label1\" content=\"Est. reading time\" \/>\n\t<meta name=\"twitter:data1\" content=\"2 minutes\" \/>\n<script type=\"application\/ld+json\" class=\"yoast-schema-graph\">{\"@context\":\"https:\/\/schema.org\",\"@graph\":[{\"@type\":\"WebSite\",\"@id\":\"https:\/\/www.borascamping.se\/#website\",\"url\":\"https:\/\/www.borascamping.se\/\",\"name\":\"Bor\u00e5s Camping &amp; Vandrarhem\",\"description\":\"Bor\u00e5s roligaste camping med \u00c4ventyrsomr\u00e5de, restaurang, butik, kiosk, relax med bastu, \u00c4ventyrsgolf, kanoter, trampb\u00e5t, SUP, biljard, konferens, frisbeegolf, boule, badplats och mycket mer\",\"potentialAction\":[{\"@type\":\"SearchAction\",\"target\":{\"@type\":\"EntryPoint\",\"urlTemplate\":\"https:\/\/www.borascamping.se\/?s={search_term_string}\"},\"query-input\":\"required name=search_term_string\"}],\"inLanguage\":\"en-US\"},{\"@type\":\"ImageObject\",\"@id\":\"https:\/\/borascamping.se\/en\/grupper\/sport-groups\/#primaryimage\",\"inLanguage\":\"en-US\",\"url\":\"https:\/\/borascamping.se\/wp-content\/uploads\/2023\/11\/borascampingsporthallar.jpg\",\"contentUrl\":\"https:\/\/borascamping.se\/wp-content\/uploads\/2023\/11\/borascampingsporthallar.jpg\",\"width\":900,\"height\":600},{\"@type\":\"WebPage\",\"@id\":\"https:\/\/borascamping.se\/en\/grupper\/sport-groups\/#webpage\",\"url\":\"https:\/\/borascamping.se\/en\/grupper\/sport-groups\/\",\"name\":\"Sport groups - Bor\u00e5s Camping &amp; Vandrarhem\",\"isPartOf\":{\"@id\":\"https:\/\/www.borascamping.se\/#website\"},\"primaryImageOfPage\":{\"@id\":\"https:\/\/borascamping.se\/en\/grupper\/sport-groups\/#primaryimage\"},\"datePublished\":\"2021-03-30T15:03:20+00:00\",\"dateModified\":\"2024-01-04T07:52:18+00:00\",\"breadcrumb\":{\"@id\":\"https:\/\/borascamping.se\/en\/grupper\/sport-groups\/#breadcrumb\"},\"inLanguage\":\"en-US\",\"potentialAction\":[{\"@type\":\"ReadAction\",\"target\":[\"https:\/\/borascamping.se\/en\/grupper\/sport-groups\/\"]}]},{\"@type\":\"BreadcrumbList\",\"@id\":\"https:\/\/borascamping.se\/en\/grupper\/sport-groups\/#breadcrumb\",\"itemListElement\":[{\"@type\":\"ListItem\",\"position\":1,\"name\":\"Groups\",\"item\":\"https:\/\/borascamping.se\/en\/grupper\/\"},{\"@type\":\"ListItem\",\"position\":2,\"name\":\"Sport groups\"}]}]}<\/script>\n<!-- \/ Yoast SEO plugin. -->","yoast_head_json":{"title":"Sport groups - Bor\u00e5s Camping &amp; Vandrarhem","robots":{"index":"index","follow":"follow","max-snippet":"max-snippet:-1","max-image-preview":"max-image-preview:large","max-video-preview":"max-video-preview:-1"},"canonical":"https:\/\/borascamping.se\/en\/grupper\/sport-groups\/","og_locale":"en_US","og_type":"article","og_title":"Sport groups - Bor\u00e5s Camping &amp; Vandrarhem","og_description":"We love sports, with us there are all the opportunities for an active stay, proximity to arenas, ice rinks and\u2026","og_url":"https:\/\/borascamping.se\/en\/grupper\/sport-groups\/","og_site_name":"Bor\u00e5s Camping &amp; Vandrarhem","article_publisher":"https:\/\/www.facebook.com\/pages\/Bor%c3%a5s-Camping-Saltemad\/184385568239128?__tn__=%2cdkC-R-R&amp%3bamp%3bamp%3bamp%3beid=ARAOyHCpAD0iAON-5UiBjd5J7ifAMMkrFLI7-EYOT2rsfELHShnvOFGP89MbBj6SIvb-j2nW9V2j9Amp&amp%3bamp%3bamp%3bamp%3bhc_ref=ART0GRqRQn90XnrISo2cTV4UDe3jxMV9dotJ1G7bhZI0Ba1R4LGrSFc0wXIBiptbEsI&amp%3bamp%3bamp%3bamp%3bfref=tag","article_modified_time":"2024-01-04T07:52:18+00:00","og_image":[{"width":900,"height":600,"url":"https:\/\/borascamping.se\/wp-content\/uploads\/2023\/11\/borascampingsporthallar.jpg","type":"image\/jpeg"}],"twitter_card":"summary_large_image","twitter_misc":{"Est. reading time":"2 minutes"},"schema":{"@context":"https:\/\/schema.org","@graph":[{"@type":"WebSite","@id":"https:\/\/www.borascamping.se\/#website","url":"https:\/\/www.borascamping.se\/","name":"Bor\u00e5s Camping &amp; Vandrarhem","description":"Bor\u00e5s roligaste camping med \u00c4ventyrsomr\u00e5de, restaurang, butik, kiosk, relax med bastu, \u00c4ventyrsgolf, kanoter, trampb\u00e5t, SUP, biljard, konferens, frisbeegolf, boule, badplats och mycket mer","potentialAction":[{"@type":"SearchAction","target":{"@type":"EntryPoint","urlTemplate":"https:\/\/www.borascamping.se\/?s={search_term_string}"},"query-input":"required name=search_term_string"}],"inLanguage":"en-US"},{"@type":"ImageObject","@id":"https:\/\/borascamping.se\/en\/grupper\/sport-groups\/#primaryimage","inLanguage":"en-US","url":"https:\/\/borascamping.se\/wp-content\/uploads\/2023\/11\/borascampingsporthallar.jpg","contentUrl":"https:\/\/borascamping.se\/wp-content\/uploads\/2023\/11\/borascampingsporthallar.jpg","width":900,"height":600},{"@type":"WebPage","@id":"https:\/\/borascamping.se\/en\/grupper\/sport-groups\/#webpage","url":"https:\/\/borascamping.se\/en\/grupper\/sport-groups\/","name":"Sport groups - Bor\u00e5s Camping &amp; Vandrarhem","isPartOf":{"@id":"https:\/\/www.borascamping.se\/#website"},"primaryImageOfPage":{"@id":"https:\/\/borascamping.se\/en\/grupper\/sport-groups\/#primaryimage"},"datePublished":"2021-03-30T15:03:20+00:00","dateModified":"2024-01-04T07:52:18+00:00","breadcrumb":{"@id":"https:\/\/borascamping.se\/en\/grupper\/sport-groups\/#breadcrumb"},"inLanguage":"en-US","potentialAction":[{"@type":"ReadAction","target":["https:\/\/borascamping.se\/en\/grupper\/sport-groups\/"]}]},{"@type":"BreadcrumbList","@id":"https:\/\/borascamping.se\/en\/grupper\/sport-groups\/#breadcrumb","itemListElement":[{"@type":"ListItem","position":1,"name":"Groups","item":"https:\/\/borascamping.se\/en\/grupper\/"},{"@type":"ListItem","position":2,"name":"Sport groups"}]}]}},"acf":[],"_links":{"self":[{"href":"https:\/\/borascamping.se\/en\/wp-json\/wp\/v2\/pages\/3089"}],"collection":[{"href":"https:\/\/borascamping.se\/en\/wp-json\/wp\/v2\/pages"}],"about":[{"href":"https:\/\/borascamping.se\/en\/wp-json\/wp\/v2\/types\/page"}],"author":[{"embeddable":true,"href":"https:\/\/borascamping.se\/en\/wp-json\/wp\/v2\/users\/1"}],"replies":[{"embeddable":true,"href":"https:\/\/borascamping.se\/en\/wp-json\/wp\/v2\/comments?post=3089"}],"version-history":[{"count":8,"href":"https:\/\/borascamping.se\/en\/wp-json\/wp\/v2\/pages\/3089\/revisions"}],"predecessor-version":[{"id":4175,"href":"https:\/\/borascamping.se\/en\/wp-json\/wp\/v2\/pages\/3089\/revisions\/4175"}],"up":[{"embeddable":true,"href":"https:\/\/borascamping.se\/en\/wp-json\/wp\/v2\/pages\/3057"}],"wp:featuredmedia":[{"embeddable":true,"href":"https:\/\/borascamping.se\/en\/wp-json\/wp\/v2\/media\/4144"}],"wp:attachment":[{"href":"https:\/\/borascamping.se\/en\/wp-json\/wp\/v2\/media?parent=3089"}],"curies":[{"name":"wp","href":"https:\/\/api.w.org\/{rel}","templated":true}]}}