{"id":3100,"date":"2021-04-12T15:22:44","date_gmt":"2021-04-12T13:22:44","guid":{"rendered":"https:\/\/www.borascamping.se\/eat\/helpension\/"},"modified":"2024-01-04T08:30:07","modified_gmt":"2024-01-04T07:30:07","slug":"full-board","status":"publish","type":"page","link":"https:\/\/borascamping.se\/en\/eat\/full-board\/","title":{"rendered":"Full board"},"content":{"rendered":"\n<p>We offer both full and half board (halv and full pension?) for parties according to your wishes.<br>We can serve a delicious breakfast buffet, lunch, dinner and snacks. Always contact us in advance for a quote. We make menu suggestions according to your wishes.<\/p>\n","protected":false},"excerpt":{"rendered":"<p>We offer both full and half board (halv and full pension?) for parties according to your wishes.We can serve a\u2026<\/p>\n","protected":false},"author":1,"featured_media":0,"parent":3098,"menu_order":0,"comment_status":"closed","ping_status":"closed","template":"","meta":[],"yoast_head":"<!-- This site is optimized with the Yoast SEO plugin v18.3 - https:\/\/yoast.com\/wordpress\/plugins\/seo\/ -->\n<title>Full board - Bor\u00e5s Camping &amp; Vandrarhem<\/title>\n<meta name=\"robots\" content=\"index, follow, max-snippet:-1, max-image-preview:large, max-video-preview:-1\" \/>\n<link rel=\"canonical\" href=\"https:\/\/www.borascamping.se\/en\/eat\/full-board\/\" \/>\n<meta property=\"og:locale\" content=\"en_US\" \/>\n<meta property=\"og:type\" content=\"article\" \/>\n<meta property=\"og:title\" content=\"Full board - Bor\u00e5s Camping &amp; Vandrarhem\" \/>\n<meta property=\"og:description\" content=\"We offer both full and half board (halv and full pension?) for parties according to your wishes.We can serve a\u2026\" \/>\n<meta property=\"og:url\" content=\"https:\/\/www.borascamping.se\/en\/eat\/full-board\/\" \/>\n<meta property=\"og:site_name\" content=\"Bor\u00e5s Camping &amp; Vandrarhem\" \/>\n<meta property=\"article:publisher\" content=\"https:\/\/www.facebook.com\/pages\/Bor%c3%a5s-Camping-Saltemad\/184385568239128?__tn__=%2cdkC-R-R&amp;amp%3bamp%3bamp%3bamp%3beid=ARAOyHCpAD0iAON-5UiBjd5J7ifAMMkrFLI7-EYOT2rsfELHShnvOFGP89MbBj6SIvb-j2nW9V2j9Amp&amp;amp%3bamp%3bamp%3bamp%3bhc_ref=ART0GRqRQn90XnrISo2cTV4UDe3jxMV9dotJ1G7bhZI0Ba1R4LGrSFc0wXIBiptbEsI&amp;amp%3bamp%3bamp%3bamp%3bfref=tag\" \/>\n<meta property=\"article:modified_time\" content=\"2024-01-04T07:30:07+00:00\" \/>\n<meta name=\"twitter:card\" content=\"summary_large_image\" \/>\n<meta name=\"twitter:label1\" content=\"Est. reading time\" \/>\n\t<meta name=\"twitter:data1\" content=\"1 minute\" \/>\n<script type=\"application\/ld+json\" class=\"yoast-schema-graph\">{\"@context\":\"https:\/\/schema.org\",\"@graph\":[{\"@type\":\"WebSite\",\"@id\":\"https:\/\/borascamping.se\/#website\",\"url\":\"https:\/\/borascamping.se\/\",\"name\":\"Bor\u00e5s Camping &amp; Vandrarhem\",\"description\":\"Bor\u00e5s roligaste camping med \u00c4ventyrsomr\u00e5de, restaurang, butik, kiosk, relax med bastu, \u00c4ventyrsgolf, kanoter, trampb\u00e5t, SUP, biljard, konferens, frisbeegolf, boule, badplats och mycket mer\",\"potentialAction\":[{\"@type\":\"SearchAction\",\"target\":{\"@type\":\"EntryPoint\",\"urlTemplate\":\"https:\/\/borascamping.se\/?s={search_term_string}\"},\"query-input\":\"required name=search_term_string\"}],\"inLanguage\":\"en-US\"},{\"@type\":\"WebPage\",\"@id\":\"https:\/\/www.borascamping.se\/en\/eat\/full-board\/#webpage\",\"url\":\"https:\/\/www.borascamping.se\/en\/eat\/full-board\/\",\"name\":\"Full board - Bor\u00e5s Camping &amp; Vandrarhem\",\"isPartOf\":{\"@id\":\"https:\/\/borascamping.se\/#website\"},\"datePublished\":\"2021-04-12T13:22:44+00:00\",\"dateModified\":\"2024-01-04T07:30:07+00:00\",\"breadcrumb\":{\"@id\":\"https:\/\/www.borascamping.se\/en\/eat\/full-board\/#breadcrumb\"},\"inLanguage\":\"en-US\",\"potentialAction\":[{\"@type\":\"ReadAction\",\"target\":[\"https:\/\/www.borascamping.se\/en\/eat\/full-board\/\"]}]},{\"@type\":\"BreadcrumbList\",\"@id\":\"https:\/\/www.borascamping.se\/en\/eat\/full-board\/#breadcrumb\",\"itemListElement\":[{\"@type\":\"ListItem\",\"position\":1,\"name\":\"Eat\",\"item\":\"https:\/\/wvrczcpcontacts.borascamping.se\/en\/eat\/\"},{\"@type\":\"ListItem\",\"position\":2,\"name\":\"Full board\"}]}]}<\/script>\n<!-- \/ Yoast SEO plugin. -->","yoast_head_json":{"title":"Full board - Bor\u00e5s Camping &amp; Vandrarhem","robots":{"index":"index","follow":"follow","max-snippet":"max-snippet:-1","max-image-preview":"max-image-preview:large","max-video-preview":"max-video-preview:-1"},"canonical":"https:\/\/www.borascamping.se\/en\/eat\/full-board\/","og_locale":"en_US","og_type":"article","og_title":"Full board - Bor\u00e5s Camping &amp; Vandrarhem","og_description":"We offer both full and half board (halv and full pension?) for parties according to your wishes.We can serve a\u2026","og_url":"https:\/\/www.borascamping.se\/en\/eat\/full-board\/","og_site_name":"Bor\u00e5s Camping &amp; Vandrarhem","article_publisher":"https:\/\/www.facebook.com\/pages\/Bor%c3%a5s-Camping-Saltemad\/184385568239128?__tn__=%2cdkC-R-R&amp%3bamp%3bamp%3bamp%3beid=ARAOyHCpAD0iAON-5UiBjd5J7ifAMMkrFLI7-EYOT2rsfELHShnvOFGP89MbBj6SIvb-j2nW9V2j9Amp&amp%3bamp%3bamp%3bamp%3bhc_ref=ART0GRqRQn90XnrISo2cTV4UDe3jxMV9dotJ1G7bhZI0Ba1R4LGrSFc0wXIBiptbEsI&amp%3bamp%3bamp%3bamp%3bfref=tag","article_modified_time":"2024-01-04T07:30:07+00:00","twitter_card":"summary_large_image","twitter_misc":{"Est. reading time":"1 minute"},"schema":{"@context":"https:\/\/schema.org","@graph":[{"@type":"WebSite","@id":"https:\/\/borascamping.se\/#website","url":"https:\/\/borascamping.se\/","name":"Bor\u00e5s Camping &amp; Vandrarhem","description":"Bor\u00e5s roligaste camping med \u00c4ventyrsomr\u00e5de, restaurang, butik, kiosk, relax med bastu, \u00c4ventyrsgolf, kanoter, trampb\u00e5t, SUP, biljard, konferens, frisbeegolf, boule, badplats och mycket mer","potentialAction":[{"@type":"SearchAction","target":{"@type":"EntryPoint","urlTemplate":"https:\/\/borascamping.se\/?s={search_term_string}"},"query-input":"required name=search_term_string"}],"inLanguage":"en-US"},{"@type":"WebPage","@id":"https:\/\/www.borascamping.se\/en\/eat\/full-board\/#webpage","url":"https:\/\/www.borascamping.se\/en\/eat\/full-board\/","name":"Full board - Bor\u00e5s Camping &amp; Vandrarhem","isPartOf":{"@id":"https:\/\/borascamping.se\/#website"},"datePublished":"2021-04-12T13:22:44+00:00","dateModified":"2024-01-04T07:30:07+00:00","breadcrumb":{"@id":"https:\/\/www.borascamping.se\/en\/eat\/full-board\/#breadcrumb"},"inLanguage":"en-US","potentialAction":[{"@type":"ReadAction","target":["https:\/\/www.borascamping.se\/en\/eat\/full-board\/"]}]},{"@type":"BreadcrumbList","@id":"https:\/\/www.borascamping.se\/en\/eat\/full-board\/#breadcrumb","itemListElement":[{"@type":"ListItem","position":1,"name":"Eat","item":"https:\/\/wvrczcpcontacts.borascamping.se\/en\/eat\/"},{"@type":"ListItem","position":2,"name":"Full board"}]}]}},"acf":[],"_links":{"self":[{"href":"https:\/\/borascamping.se\/en\/wp-json\/wp\/v2\/pages\/3100"}],"collection":[{"href":"https:\/\/borascamping.se\/en\/wp-json\/wp\/v2\/pages"}],"about":[{"href":"https:\/\/borascamping.se\/en\/wp-json\/wp\/v2\/types\/page"}],"author":[{"embeddable":true,"href":"https:\/\/borascamping.se\/en\/wp-json\/wp\/v2\/users\/1"}],"replies":[{"embeddable":true,"href":"https:\/\/borascamping.se\/en\/wp-json\/wp\/v2\/comments?post=3100"}],"version-history":[{"count":9,"href":"https:\/\/borascamping.se\/en\/wp-json\/wp\/v2\/pages\/3100\/revisions"}],"predecessor-version":[{"id":4170,"href":"https:\/\/borascamping.se\/en\/wp-json\/wp\/v2\/pages\/3100\/revisions\/4170"}],"up":[{"embeddable":true,"href":"https:\/\/borascamping.se\/en\/wp-json\/wp\/v2\/pages\/3098"}],"wp:attachment":[{"href":"https:\/\/borascamping.se\/en\/wp-json\/wp\/v2\/media?parent=3100"}],"curies":[{"name":"wp","href":"https:\/\/api.w.org\/{rel}","templated":true}]}}