{"id":3106,"date":"2021-03-30T17:00:55","date_gmt":"2021-03-30T15:00:55","guid":{"rendered":"https:\/\/www.borascamping.se\/eat\/frukost\/"},"modified":"2024-01-04T08:26:05","modified_gmt":"2024-01-04T07:26:05","slug":"breakfast","status":"publish","type":"page","link":"https:\/\/borascamping.se\/en\/eat\/breakfast\/","title":{"rendered":"Breakfast"},"content":{"rendered":"\n<p>With us, you can book a lovely breakfast buffe to start your day. The buffe is available during high season. Other time of the year you can book the breakfastbuffe for a group in advance.<\/p>\n\n\n\n<p><\/p>\n\n\n\n<p>The breakfast take-away is available year-round. It is best to reserve it the day before.  During the low season, the breakfast sack is picked up the night before. <\/p>\n\n\n\n<p><\/p>\n\n\n\n<p>We also serve a breakfast buffet in the Bistro or Lillstugan, depending on the number of reservations. Always contact us in advance for booking and more info.<br><br>The breakfast package is reserved the day before in the bistro or at reception, or when making your booking.<br><br>During the low season, the breakfast package can be picked up the night before while the store is open, and it must be reserved in advance.<br><br>A breakfast buffet is also available for groups; contact us for more information.<\/p>\n\n\n\n<p><\/p>\n\n\n\n<p>During peak season, bread is baked the same morning.<\/p>\n\n\n\n<p><br><\/p>\n","protected":false},"excerpt":{"rendered":"<p>With us, you can book a lovely breakfast buffe to start your day. The buffe is available during high season.\u2026<\/p>\n","protected":false},"author":1,"featured_media":0,"parent":3098,"menu_order":0,"comment_status":"closed","ping_status":"closed","template":"","meta":[],"yoast_head":"<!-- This site is optimized with the Yoast SEO plugin v18.3 - https:\/\/yoast.com\/wordpress\/plugins\/seo\/ -->\n<title>Breakfast - Bor\u00e5s Camping &amp; Vandrarhem<\/title>\n<meta name=\"robots\" content=\"index, follow, max-snippet:-1, max-image-preview:large, max-video-preview:-1\" \/>\n<link rel=\"canonical\" href=\"https:\/\/borascamping.se\/en\/eat\/breakfast\/\" \/>\n<meta property=\"og:locale\" content=\"en_US\" \/>\n<meta property=\"og:type\" content=\"article\" \/>\n<meta property=\"og:title\" content=\"Breakfast - Bor\u00e5s Camping &amp; Vandrarhem\" \/>\n<meta property=\"og:description\" content=\"With us, you can book a lovely breakfast buffe to start your day. The buffe is available during high season.\u2026\" \/>\n<meta property=\"og:url\" content=\"https:\/\/borascamping.se\/en\/eat\/breakfast\/\" \/>\n<meta property=\"og:site_name\" content=\"Bor\u00e5s Camping &amp; Vandrarhem\" \/>\n<meta property=\"article:publisher\" content=\"https:\/\/www.facebook.com\/pages\/Bor%c3%a5s-Camping-Saltemad\/184385568239128?__tn__=%2cdkC-R-R&amp;amp%3bamp%3bamp%3bamp%3beid=ARAOyHCpAD0iAON-5UiBjd5J7ifAMMkrFLI7-EYOT2rsfELHShnvOFGP89MbBj6SIvb-j2nW9V2j9Amp&amp;amp%3bamp%3bamp%3bamp%3bhc_ref=ART0GRqRQn90XnrISo2cTV4UDe3jxMV9dotJ1G7bhZI0Ba1R4LGrSFc0wXIBiptbEsI&amp;amp%3bamp%3bamp%3bamp%3bfref=tag\" \/>\n<meta property=\"article:modified_time\" content=\"2024-01-04T07:26:05+00:00\" \/>\n<meta name=\"twitter:card\" content=\"summary_large_image\" \/>\n<meta name=\"twitter:label1\" content=\"Est. reading time\" \/>\n\t<meta name=\"twitter:data1\" content=\"1 minute\" \/>\n<script type=\"application\/ld+json\" class=\"yoast-schema-graph\">{\"@context\":\"https:\/\/schema.org\",\"@graph\":[{\"@type\":\"WebSite\",\"@id\":\"https:\/\/164.92.144.183\/#website\",\"url\":\"https:\/\/164.92.144.183\/\",\"name\":\"Bor\u00e5s Camping &amp; Vandrarhem\",\"description\":\"Bor\u00e5s roligaste camping med \u00c4ventyrsomr\u00e5de, restaurang, butik, kiosk, relax med bastu, \u00c4ventyrsgolf, kanoter, trampb\u00e5t, SUP, biljard, konferens, frisbeegolf, boule, badplats och mycket mer\",\"potentialAction\":[{\"@type\":\"SearchAction\",\"target\":{\"@type\":\"EntryPoint\",\"urlTemplate\":\"https:\/\/164.92.144.183\/?s={search_term_string}\"},\"query-input\":\"required name=search_term_string\"}],\"inLanguage\":\"en-US\"},{\"@type\":\"WebPage\",\"@id\":\"https:\/\/borascamping.se\/en\/eat\/breakfast\/#webpage\",\"url\":\"https:\/\/borascamping.se\/en\/eat\/breakfast\/\",\"name\":\"Breakfast - Bor\u00e5s Camping &amp; Vandrarhem\",\"isPartOf\":{\"@id\":\"https:\/\/164.92.144.183\/#website\"},\"datePublished\":\"2021-03-30T15:00:55+00:00\",\"dateModified\":\"2024-01-04T07:26:05+00:00\",\"breadcrumb\":{\"@id\":\"https:\/\/borascamping.se\/en\/eat\/breakfast\/#breadcrumb\"},\"inLanguage\":\"en-US\",\"potentialAction\":[{\"@type\":\"ReadAction\",\"target\":[\"https:\/\/borascamping.se\/en\/eat\/breakfast\/\"]}]},{\"@type\":\"BreadcrumbList\",\"@id\":\"https:\/\/borascamping.se\/en\/eat\/breakfast\/#breadcrumb\",\"itemListElement\":[{\"@type\":\"ListItem\",\"position\":1,\"name\":\"Eat\",\"item\":\"https:\/\/sitemaps.borascamping.se\/en\/eat\/\"},{\"@type\":\"ListItem\",\"position\":2,\"name\":\"Breakfast\"}]}]}<\/script>\n<!-- \/ Yoast SEO plugin. -->","yoast_head_json":{"title":"Breakfast - Bor\u00e5s Camping &amp; Vandrarhem","robots":{"index":"index","follow":"follow","max-snippet":"max-snippet:-1","max-image-preview":"max-image-preview:large","max-video-preview":"max-video-preview:-1"},"canonical":"https:\/\/borascamping.se\/en\/eat\/breakfast\/","og_locale":"en_US","og_type":"article","og_title":"Breakfast - Bor\u00e5s Camping &amp; Vandrarhem","og_description":"With us, you can book a lovely breakfast buffe to start your day. The buffe is available during high season.\u2026","og_url":"https:\/\/borascamping.se\/en\/eat\/breakfast\/","og_site_name":"Bor\u00e5s Camping &amp; Vandrarhem","article_publisher":"https:\/\/www.facebook.com\/pages\/Bor%c3%a5s-Camping-Saltemad\/184385568239128?__tn__=%2cdkC-R-R&amp%3bamp%3bamp%3bamp%3beid=ARAOyHCpAD0iAON-5UiBjd5J7ifAMMkrFLI7-EYOT2rsfELHShnvOFGP89MbBj6SIvb-j2nW9V2j9Amp&amp%3bamp%3bamp%3bamp%3bhc_ref=ART0GRqRQn90XnrISo2cTV4UDe3jxMV9dotJ1G7bhZI0Ba1R4LGrSFc0wXIBiptbEsI&amp%3bamp%3bamp%3bamp%3bfref=tag","article_modified_time":"2024-01-04T07:26:05+00:00","twitter_card":"summary_large_image","twitter_misc":{"Est. reading time":"1 minute"},"schema":{"@context":"https:\/\/schema.org","@graph":[{"@type":"WebSite","@id":"https:\/\/164.92.144.183\/#website","url":"https:\/\/164.92.144.183\/","name":"Bor\u00e5s Camping &amp; Vandrarhem","description":"Bor\u00e5s roligaste camping med \u00c4ventyrsomr\u00e5de, restaurang, butik, kiosk, relax med bastu, \u00c4ventyrsgolf, kanoter, trampb\u00e5t, SUP, biljard, konferens, frisbeegolf, boule, badplats och mycket mer","potentialAction":[{"@type":"SearchAction","target":{"@type":"EntryPoint","urlTemplate":"https:\/\/164.92.144.183\/?s={search_term_string}"},"query-input":"required name=search_term_string"}],"inLanguage":"en-US"},{"@type":"WebPage","@id":"https:\/\/borascamping.se\/en\/eat\/breakfast\/#webpage","url":"https:\/\/borascamping.se\/en\/eat\/breakfast\/","name":"Breakfast - Bor\u00e5s Camping &amp; Vandrarhem","isPartOf":{"@id":"https:\/\/164.92.144.183\/#website"},"datePublished":"2021-03-30T15:00:55+00:00","dateModified":"2024-01-04T07:26:05+00:00","breadcrumb":{"@id":"https:\/\/borascamping.se\/en\/eat\/breakfast\/#breadcrumb"},"inLanguage":"en-US","potentialAction":[{"@type":"ReadAction","target":["https:\/\/borascamping.se\/en\/eat\/breakfast\/"]}]},{"@type":"BreadcrumbList","@id":"https:\/\/borascamping.se\/en\/eat\/breakfast\/#breadcrumb","itemListElement":[{"@type":"ListItem","position":1,"name":"Eat","item":"https:\/\/sitemaps.borascamping.se\/en\/eat\/"},{"@type":"ListItem","position":2,"name":"Breakfast"}]}]}},"acf":[],"_links":{"self":[{"href":"https:\/\/borascamping.se\/en\/wp-json\/wp\/v2\/pages\/3106"}],"collection":[{"href":"https:\/\/borascamping.se\/en\/wp-json\/wp\/v2\/pages"}],"about":[{"href":"https:\/\/borascamping.se\/en\/wp-json\/wp\/v2\/types\/page"}],"author":[{"embeddable":true,"href":"https:\/\/borascamping.se\/en\/wp-json\/wp\/v2\/users\/1"}],"replies":[{"embeddable":true,"href":"https:\/\/borascamping.se\/en\/wp-json\/wp\/v2\/comments?post=3106"}],"version-history":[{"count":4,"href":"https:\/\/borascamping.se\/en\/wp-json\/wp\/v2\/pages\/3106\/revisions"}],"predecessor-version":[{"id":4166,"href":"https:\/\/borascamping.se\/en\/wp-json\/wp\/v2\/pages\/3106\/revisions\/4166"}],"up":[{"embeddable":true,"href":"https:\/\/borascamping.se\/en\/wp-json\/wp\/v2\/pages\/3098"}],"wp:attachment":[{"href":"https:\/\/borascamping.se\/en\/wp-json\/wp\/v2\/media?parent=3106"}],"curies":[{"name":"wp","href":"https:\/\/api.w.org\/{rel}","templated":true}]}}