{"id":3111,"date":"2021-03-30T16:54:30","date_gmt":"2021-03-30T14:54:30","guid":{"rendered":"https:\/\/www.borascamping.se\/eat\/aventyrskiosk\/"},"modified":"2022-06-08T08:11:03","modified_gmt":"2022-06-08T06:11:03","slug":"adventure-kiosk","status":"publish","type":"page","link":"https:\/\/borascamping.se\/en\/eat\/adventure-kiosk\/","title":{"rendered":"Adventure kiosk"},"content":{"rendered":"\n<p>At our adventure kiosk, you can rent a canoe, play mini golf, and buy ice cream, drinks and sweets. The adventure kiosk is open during peak season in summer. At other times, we are happy to assist you at reception\/in the store with canoe rentals, pedal boats and mini golf.<\/p>\n","protected":false},"excerpt":{"rendered":"<p>At our adventure kiosk, you can rent a canoe, play mini golf, and buy ice cream, drinks and sweets. The\u2026<\/p>\n","protected":false},"author":1,"featured_media":0,"parent":3098,"menu_order":0,"comment_status":"closed","ping_status":"closed","template":"","meta":[],"yoast_head":"<!-- This site is optimized with the Yoast SEO plugin v18.3 - https:\/\/yoast.com\/wordpress\/plugins\/seo\/ -->\n<title>Adventure kiosk - Bor\u00e5s Camping &amp; Vandrarhem<\/title>\n<meta name=\"robots\" content=\"index, follow, max-snippet:-1, max-image-preview:large, max-video-preview:-1\" \/>\n<link rel=\"canonical\" href=\"https:\/\/borascamping.se\/en\/eat\/adventure-kiosk\/\" \/>\n<meta property=\"og:locale\" content=\"en_US\" \/>\n<meta property=\"og:type\" content=\"article\" \/>\n<meta property=\"og:title\" content=\"Adventure kiosk - Bor\u00e5s Camping &amp; Vandrarhem\" \/>\n<meta property=\"og:description\" content=\"At our adventure kiosk, you can rent a canoe, play mini golf, and buy ice cream, drinks and sweets. The\u2026\" \/>\n<meta property=\"og:url\" content=\"https:\/\/borascamping.se\/en\/eat\/adventure-kiosk\/\" \/>\n<meta property=\"og:site_name\" content=\"Bor\u00e5s Camping &amp; Vandrarhem\" \/>\n<meta property=\"article:publisher\" content=\"https:\/\/www.facebook.com\/pages\/Bor%c3%a5s-Camping-Saltemad\/184385568239128?__tn__=%2cdkC-R-R&amp;amp%3bamp%3bamp%3bamp%3beid=ARAOyHCpAD0iAON-5UiBjd5J7ifAMMkrFLI7-EYOT2rsfELHShnvOFGP89MbBj6SIvb-j2nW9V2j9Amp&amp;amp%3bamp%3bamp%3bamp%3bhc_ref=ART0GRqRQn90XnrISo2cTV4UDe3jxMV9dotJ1G7bhZI0Ba1R4LGrSFc0wXIBiptbEsI&amp;amp%3bamp%3bamp%3bamp%3bfref=tag\" \/>\n<meta property=\"article:modified_time\" content=\"2022-06-08T06:11:03+00:00\" \/>\n<meta name=\"twitter:card\" content=\"summary_large_image\" \/>\n<meta name=\"twitter:label1\" content=\"Est. reading time\" \/>\n\t<meta name=\"twitter:data1\" content=\"1 minute\" \/>\n<script type=\"application\/ld+json\" class=\"yoast-schema-graph\">{\"@context\":\"https:\/\/schema.org\",\"@graph\":[{\"@type\":\"WebSite\",\"@id\":\"https:\/\/www.borascamping.se\/#website\",\"url\":\"https:\/\/www.borascamping.se\/\",\"name\":\"Bor\u00e5s Camping &amp; Vandrarhem\",\"description\":\"Bor\u00e5s roligaste camping med \u00c4ventyrsomr\u00e5de, restaurang, butik, kiosk, relax med bastu, \u00c4ventyrsgolf, kanoter, trampb\u00e5t, SUP, biljard, konferens, frisbeegolf, boule, badplats och mycket mer\",\"potentialAction\":[{\"@type\":\"SearchAction\",\"target\":{\"@type\":\"EntryPoint\",\"urlTemplate\":\"https:\/\/www.borascamping.se\/?s={search_term_string}\"},\"query-input\":\"required name=search_term_string\"}],\"inLanguage\":\"en-US\"},{\"@type\":\"WebPage\",\"@id\":\"https:\/\/borascamping.se\/en\/eat\/adventure-kiosk\/#webpage\",\"url\":\"https:\/\/borascamping.se\/en\/eat\/adventure-kiosk\/\",\"name\":\"Adventure kiosk - Bor\u00e5s Camping &amp; Vandrarhem\",\"isPartOf\":{\"@id\":\"https:\/\/www.borascamping.se\/#website\"},\"datePublished\":\"2021-03-30T14:54:30+00:00\",\"dateModified\":\"2022-06-08T06:11:03+00:00\",\"breadcrumb\":{\"@id\":\"https:\/\/borascamping.se\/en\/eat\/adventure-kiosk\/#breadcrumb\"},\"inLanguage\":\"en-US\",\"potentialAction\":[{\"@type\":\"ReadAction\",\"target\":[\"https:\/\/borascamping.se\/en\/eat\/adventure-kiosk\/\"]}]},{\"@type\":\"BreadcrumbList\",\"@id\":\"https:\/\/borascamping.se\/en\/eat\/adventure-kiosk\/#breadcrumb\",\"itemListElement\":[{\"@type\":\"ListItem\",\"position\":1,\"name\":\"Eat\",\"item\":\"https:\/\/borascamping.se\/en\/eat\/\"},{\"@type\":\"ListItem\",\"position\":2,\"name\":\"Adventure kiosk\"}]}]}<\/script>\n<!-- \/ Yoast SEO plugin. -->","yoast_head_json":{"title":"Adventure kiosk - Bor\u00e5s Camping &amp; Vandrarhem","robots":{"index":"index","follow":"follow","max-snippet":"max-snippet:-1","max-image-preview":"max-image-preview:large","max-video-preview":"max-video-preview:-1"},"canonical":"https:\/\/borascamping.se\/en\/eat\/adventure-kiosk\/","og_locale":"en_US","og_type":"article","og_title":"Adventure kiosk - Bor\u00e5s Camping &amp; Vandrarhem","og_description":"At our adventure kiosk, you can rent a canoe, play mini golf, and buy ice cream, drinks and sweets. The\u2026","og_url":"https:\/\/borascamping.se\/en\/eat\/adventure-kiosk\/","og_site_name":"Bor\u00e5s Camping &amp; Vandrarhem","article_publisher":"https:\/\/www.facebook.com\/pages\/Bor%c3%a5s-Camping-Saltemad\/184385568239128?__tn__=%2cdkC-R-R&amp%3bamp%3bamp%3bamp%3beid=ARAOyHCpAD0iAON-5UiBjd5J7ifAMMkrFLI7-EYOT2rsfELHShnvOFGP89MbBj6SIvb-j2nW9V2j9Amp&amp%3bamp%3bamp%3bamp%3bhc_ref=ART0GRqRQn90XnrISo2cTV4UDe3jxMV9dotJ1G7bhZI0Ba1R4LGrSFc0wXIBiptbEsI&amp%3bamp%3bamp%3bamp%3bfref=tag","article_modified_time":"2022-06-08T06:11:03+00:00","twitter_card":"summary_large_image","twitter_misc":{"Est. reading time":"1 minute"},"schema":{"@context":"https:\/\/schema.org","@graph":[{"@type":"WebSite","@id":"https:\/\/www.borascamping.se\/#website","url":"https:\/\/www.borascamping.se\/","name":"Bor\u00e5s Camping &amp; Vandrarhem","description":"Bor\u00e5s roligaste camping med \u00c4ventyrsomr\u00e5de, restaurang, butik, kiosk, relax med bastu, \u00c4ventyrsgolf, kanoter, trampb\u00e5t, SUP, biljard, konferens, frisbeegolf, boule, badplats och mycket mer","potentialAction":[{"@type":"SearchAction","target":{"@type":"EntryPoint","urlTemplate":"https:\/\/www.borascamping.se\/?s={search_term_string}"},"query-input":"required name=search_term_string"}],"inLanguage":"en-US"},{"@type":"WebPage","@id":"https:\/\/borascamping.se\/en\/eat\/adventure-kiosk\/#webpage","url":"https:\/\/borascamping.se\/en\/eat\/adventure-kiosk\/","name":"Adventure kiosk - Bor\u00e5s Camping &amp; Vandrarhem","isPartOf":{"@id":"https:\/\/www.borascamping.se\/#website"},"datePublished":"2021-03-30T14:54:30+00:00","dateModified":"2022-06-08T06:11:03+00:00","breadcrumb":{"@id":"https:\/\/borascamping.se\/en\/eat\/adventure-kiosk\/#breadcrumb"},"inLanguage":"en-US","potentialAction":[{"@type":"ReadAction","target":["https:\/\/borascamping.se\/en\/eat\/adventure-kiosk\/"]}]},{"@type":"BreadcrumbList","@id":"https:\/\/borascamping.se\/en\/eat\/adventure-kiosk\/#breadcrumb","itemListElement":[{"@type":"ListItem","position":1,"name":"Eat","item":"https:\/\/borascamping.se\/en\/eat\/"},{"@type":"ListItem","position":2,"name":"Adventure kiosk"}]}]}},"acf":[],"_links":{"self":[{"href":"https:\/\/borascamping.se\/en\/wp-json\/wp\/v2\/pages\/3111"}],"collection":[{"href":"https:\/\/borascamping.se\/en\/wp-json\/wp\/v2\/pages"}],"about":[{"href":"https:\/\/borascamping.se\/en\/wp-json\/wp\/v2\/types\/page"}],"author":[{"embeddable":true,"href":"https:\/\/borascamping.se\/en\/wp-json\/wp\/v2\/users\/1"}],"replies":[{"embeddable":true,"href":"https:\/\/borascamping.se\/en\/wp-json\/wp\/v2\/comments?post=3111"}],"version-history":[{"count":3,"href":"https:\/\/borascamping.se\/en\/wp-json\/wp\/v2\/pages\/3111\/revisions"}],"predecessor-version":[{"id":3115,"href":"https:\/\/borascamping.se\/en\/wp-json\/wp\/v2\/pages\/3111\/revisions\/3115"}],"up":[{"embeddable":true,"href":"https:\/\/borascamping.se\/en\/wp-json\/wp\/v2\/pages\/3098"}],"wp:attachment":[{"href":"https:\/\/borascamping.se\/en\/wp-json\/wp\/v2\/media?parent=3111"}],"curies":[{"name":"wp","href":"https:\/\/api.w.org\/{rel}","templated":true}]}}