{"id":3116,"date":"2021-03-30T16:53:49","date_gmt":"2021-03-30T14:53:49","guid":{"rendered":"https:\/\/www.borascamping.se\/eat\/bistro\/"},"modified":"2024-08-23T10:02:41","modified_gmt":"2024-08-23T08:02:41","slug":"bistro","status":"publish","type":"page","link":"https:\/\/borascamping.se\/en\/eat\/bistro\/","title":{"rendered":"Bistro"},"content":{"rendered":"\n<p>Our Bistro has undergone an extensive update in the past year. Enjoy the cosy savanna-like atmosphere, with a playroom and billiards.<br><br>We can satisfy hungry bellies after a long, eventful day, but we also serve coffee and baked goods. You will find everything from pizza and hamburgers to biscuits and sweets. Open for drop-ins every day of the week, year-round. Opening hours and entrance are the same as the store. We also serve full board, three-course meals, buffets, snacks and much more based on your requests. Reserve in advance. Contact us for more information<br><br>In combination with the Bistro, there is also a store where you can buy essentials and other odds and ends. Everything from charcoal to toys.<br><br>The store and Bistro are open year-round, every day of the week. During peak season in summer, we are open from morning to evening. During the low season, we are open while reception is open. The opening hours are updated regularly on our website; find them under \u201cGood to know\u201d. Welcome!<\/p>\n\n\n\n<p>You can read more about what we serve here:<br><a href=\"https:\/\/borascamping.se\/wp-content\/uploads\/2024\/08\/Restaurang_safari_menu_eng.pdf\" target=\"_blank\" rel=\"noreferrer noopener\">MENU<\/a><br><br>We can also open for breakfasts, lunches and dinners for group reservations at different times. Contact us for more information. Our Bistro can also be booked for conferences, groups or parties.<\/p>\n","protected":false},"excerpt":{"rendered":"<p>Our Bistro has undergone an extensive update in the past year. Enjoy the cosy savanna-like atmosphere, with a playroom and\u2026<\/p>\n","protected":false},"author":1,"featured_media":3390,"parent":3098,"menu_order":0,"comment_status":"closed","ping_status":"closed","template":"","meta":[],"yoast_head":"<!-- This site is optimized with the Yoast SEO plugin v18.3 - https:\/\/yoast.com\/wordpress\/plugins\/seo\/ -->\n<title>Bistro - Bor\u00e5s Camping &amp; Vandrarhem<\/title>\n<meta name=\"robots\" content=\"index, follow, max-snippet:-1, max-image-preview:large, max-video-preview:-1\" \/>\n<link rel=\"canonical\" href=\"https:\/\/borascamping.se\/en\/eat\/bistro\/\" \/>\n<meta property=\"og:locale\" content=\"en_US\" \/>\n<meta property=\"og:type\" content=\"article\" \/>\n<meta property=\"og:title\" content=\"Bistro - Bor\u00e5s Camping &amp; Vandrarhem\" \/>\n<meta property=\"og:description\" content=\"Our Bistro has undergone an extensive update in the past year. Enjoy the cosy savanna-like atmosphere, with a playroom and\u2026\" \/>\n<meta property=\"og:url\" content=\"https:\/\/borascamping.se\/en\/eat\/bistro\/\" \/>\n<meta property=\"og:site_name\" content=\"Bor\u00e5s Camping &amp; Vandrarhem\" \/>\n<meta property=\"article:publisher\" content=\"https:\/\/www.facebook.com\/pages\/Bor%c3%a5s-Camping-Saltemad\/184385568239128?__tn__=%2cdkC-R-R&amp;amp%3bamp%3bamp%3bamp%3beid=ARAOyHCpAD0iAON-5UiBjd5J7ifAMMkrFLI7-EYOT2rsfELHShnvOFGP89MbBj6SIvb-j2nW9V2j9Amp&amp;amp%3bamp%3bamp%3bamp%3bhc_ref=ART0GRqRQn90XnrISo2cTV4UDe3jxMV9dotJ1G7bhZI0Ba1R4LGrSFc0wXIBiptbEsI&amp;amp%3bamp%3bamp%3bamp%3bfref=tag\" \/>\n<meta property=\"article:modified_time\" content=\"2024-08-23T08:02:41+00:00\" \/>\n<meta property=\"og:image\" content=\"https:\/\/borascamping.se\/wp-content\/uploads\/2022\/10\/BORAS-CAMP-0123-Photo-Cred-Goran-Assner-scaled.jpg\" \/>\n\t<meta property=\"og:image:width\" content=\"2560\" \/>\n\t<meta property=\"og:image:height\" content=\"1513\" \/>\n\t<meta property=\"og:image:type\" content=\"image\/jpeg\" \/>\n<meta name=\"twitter:card\" content=\"summary_large_image\" \/>\n<meta name=\"twitter:label1\" content=\"Est. reading time\" \/>\n\t<meta name=\"twitter:data1\" content=\"2 minutes\" \/>\n<script type=\"application\/ld+json\" class=\"yoast-schema-graph\">{\"@context\":\"https:\/\/schema.org\",\"@graph\":[{\"@type\":\"WebSite\",\"@id\":\"https:\/\/www.borascamping.se\/#website\",\"url\":\"https:\/\/www.borascamping.se\/\",\"name\":\"Bor\u00e5s Camping &amp; Vandrarhem\",\"description\":\"Bor\u00e5s roligaste camping med \u00c4ventyrsomr\u00e5de, restaurang, butik, kiosk, relax med bastu, \u00c4ventyrsgolf, kanoter, trampb\u00e5t, SUP, biljard, konferens, frisbeegolf, boule, badplats och mycket mer\",\"potentialAction\":[{\"@type\":\"SearchAction\",\"target\":{\"@type\":\"EntryPoint\",\"urlTemplate\":\"https:\/\/www.borascamping.se\/?s={search_term_string}\"},\"query-input\":\"required name=search_term_string\"}],\"inLanguage\":\"en-US\"},{\"@type\":\"ImageObject\",\"@id\":\"https:\/\/borascamping.se\/en\/eat\/bistro\/#primaryimage\",\"inLanguage\":\"en-US\",\"url\":\"https:\/\/borascamping.se\/wp-content\/uploads\/2022\/10\/BORAS-CAMP-0123-Photo-Cred-Goran-Assner-scaled.jpg\",\"contentUrl\":\"https:\/\/borascamping.se\/wp-content\/uploads\/2022\/10\/BORAS-CAMP-0123-Photo-Cred-Goran-Assner-scaled.jpg\",\"width\":2560,\"height\":1513},{\"@type\":\"WebPage\",\"@id\":\"https:\/\/borascamping.se\/en\/eat\/bistro\/#webpage\",\"url\":\"https:\/\/borascamping.se\/en\/eat\/bistro\/\",\"name\":\"Bistro - Bor\u00e5s Camping &amp; Vandrarhem\",\"isPartOf\":{\"@id\":\"https:\/\/www.borascamping.se\/#website\"},\"primaryImageOfPage\":{\"@id\":\"https:\/\/borascamping.se\/en\/eat\/bistro\/#primaryimage\"},\"datePublished\":\"2021-03-30T14:53:49+00:00\",\"dateModified\":\"2024-08-23T08:02:41+00:00\",\"breadcrumb\":{\"@id\":\"https:\/\/borascamping.se\/en\/eat\/bistro\/#breadcrumb\"},\"inLanguage\":\"en-US\",\"potentialAction\":[{\"@type\":\"ReadAction\",\"target\":[\"https:\/\/borascamping.se\/en\/eat\/bistro\/\"]}]},{\"@type\":\"BreadcrumbList\",\"@id\":\"https:\/\/borascamping.se\/en\/eat\/bistro\/#breadcrumb\",\"itemListElement\":[{\"@type\":\"ListItem\",\"position\":1,\"name\":\"Eat\",\"item\":\"https:\/\/borascamping.se\/en\/eat\/\"},{\"@type\":\"ListItem\",\"position\":2,\"name\":\"Bistro\"}]}]}<\/script>\n<!-- \/ Yoast SEO plugin. -->","yoast_head_json":{"title":"Bistro - Bor\u00e5s Camping &amp; Vandrarhem","robots":{"index":"index","follow":"follow","max-snippet":"max-snippet:-1","max-image-preview":"max-image-preview:large","max-video-preview":"max-video-preview:-1"},"canonical":"https:\/\/borascamping.se\/en\/eat\/bistro\/","og_locale":"en_US","og_type":"article","og_title":"Bistro - Bor\u00e5s Camping &amp; Vandrarhem","og_description":"Our Bistro has undergone an extensive update in the past year. Enjoy the cosy savanna-like atmosphere, with a playroom and\u2026","og_url":"https:\/\/borascamping.se\/en\/eat\/bistro\/","og_site_name":"Bor\u00e5s Camping &amp; Vandrarhem","article_publisher":"https:\/\/www.facebook.com\/pages\/Bor%c3%a5s-Camping-Saltemad\/184385568239128?__tn__=%2cdkC-R-R&amp%3bamp%3bamp%3bamp%3beid=ARAOyHCpAD0iAON-5UiBjd5J7ifAMMkrFLI7-EYOT2rsfELHShnvOFGP89MbBj6SIvb-j2nW9V2j9Amp&amp%3bamp%3bamp%3bamp%3bhc_ref=ART0GRqRQn90XnrISo2cTV4UDe3jxMV9dotJ1G7bhZI0Ba1R4LGrSFc0wXIBiptbEsI&amp%3bamp%3bamp%3bamp%3bfref=tag","article_modified_time":"2024-08-23T08:02:41+00:00","og_image":[{"width":2560,"height":1513,"url":"https:\/\/borascamping.se\/wp-content\/uploads\/2022\/10\/BORAS-CAMP-0123-Photo-Cred-Goran-Assner-scaled.jpg","type":"image\/jpeg"}],"twitter_card":"summary_large_image","twitter_misc":{"Est. reading time":"2 minutes"},"schema":{"@context":"https:\/\/schema.org","@graph":[{"@type":"WebSite","@id":"https:\/\/www.borascamping.se\/#website","url":"https:\/\/www.borascamping.se\/","name":"Bor\u00e5s Camping &amp; Vandrarhem","description":"Bor\u00e5s roligaste camping med \u00c4ventyrsomr\u00e5de, restaurang, butik, kiosk, relax med bastu, \u00c4ventyrsgolf, kanoter, trampb\u00e5t, SUP, biljard, konferens, frisbeegolf, boule, badplats och mycket mer","potentialAction":[{"@type":"SearchAction","target":{"@type":"EntryPoint","urlTemplate":"https:\/\/www.borascamping.se\/?s={search_term_string}"},"query-input":"required name=search_term_string"}],"inLanguage":"en-US"},{"@type":"ImageObject","@id":"https:\/\/borascamping.se\/en\/eat\/bistro\/#primaryimage","inLanguage":"en-US","url":"https:\/\/borascamping.se\/wp-content\/uploads\/2022\/10\/BORAS-CAMP-0123-Photo-Cred-Goran-Assner-scaled.jpg","contentUrl":"https:\/\/borascamping.se\/wp-content\/uploads\/2022\/10\/BORAS-CAMP-0123-Photo-Cred-Goran-Assner-scaled.jpg","width":2560,"height":1513},{"@type":"WebPage","@id":"https:\/\/borascamping.se\/en\/eat\/bistro\/#webpage","url":"https:\/\/borascamping.se\/en\/eat\/bistro\/","name":"Bistro - Bor\u00e5s Camping &amp; Vandrarhem","isPartOf":{"@id":"https:\/\/www.borascamping.se\/#website"},"primaryImageOfPage":{"@id":"https:\/\/borascamping.se\/en\/eat\/bistro\/#primaryimage"},"datePublished":"2021-03-30T14:53:49+00:00","dateModified":"2024-08-23T08:02:41+00:00","breadcrumb":{"@id":"https:\/\/borascamping.se\/en\/eat\/bistro\/#breadcrumb"},"inLanguage":"en-US","potentialAction":[{"@type":"ReadAction","target":["https:\/\/borascamping.se\/en\/eat\/bistro\/"]}]},{"@type":"BreadcrumbList","@id":"https:\/\/borascamping.se\/en\/eat\/bistro\/#breadcrumb","itemListElement":[{"@type":"ListItem","position":1,"name":"Eat","item":"https:\/\/borascamping.se\/en\/eat\/"},{"@type":"ListItem","position":2,"name":"Bistro"}]}]}},"acf":[],"_links":{"self":[{"href":"https:\/\/borascamping.se\/en\/wp-json\/wp\/v2\/pages\/3116"}],"collection":[{"href":"https:\/\/borascamping.se\/en\/wp-json\/wp\/v2\/pages"}],"about":[{"href":"https:\/\/borascamping.se\/en\/wp-json\/wp\/v2\/types\/page"}],"author":[{"embeddable":true,"href":"https:\/\/borascamping.se\/en\/wp-json\/wp\/v2\/users\/1"}],"replies":[{"embeddable":true,"href":"https:\/\/borascamping.se\/en\/wp-json\/wp\/v2\/comments?post=3116"}],"version-history":[{"count":3,"href":"https:\/\/borascamping.se\/en\/wp-json\/wp\/v2\/pages\/3116\/revisions"}],"predecessor-version":[{"id":4470,"href":"https:\/\/borascamping.se\/en\/wp-json\/wp\/v2\/pages\/3116\/revisions\/4470"}],"up":[{"embeddable":true,"href":"https:\/\/borascamping.se\/en\/wp-json\/wp\/v2\/pages\/3098"}],"wp:featuredmedia":[{"embeddable":true,"href":"https:\/\/borascamping.se\/en\/wp-json\/wp\/v2\/media\/3390"}],"wp:attachment":[{"href":"https:\/\/borascamping.se\/en\/wp-json\/wp\/v2\/media?parent=3116"}],"curies":[{"name":"wp","href":"https:\/\/api.w.org\/{rel}","templated":true}]}}