{"id":3127,"date":"2020-11-19T11:07:06","date_gmt":"2020-11-19T10:07:06","guid":{"rendered":"https:\/\/www.borascamping.se\/lediga-tjanster\/"},"modified":"2022-06-08T08:32:33","modified_gmt":"2022-06-08T06:32:33","slug":"career-page","status":"publish","type":"page","link":"https:\/\/borascamping.se\/en\/career-page\/","title":{"rendered":"Welcome to our career page"},"content":{"rendered":"\n<p> <\/p>\n\n\n\n<h2>Are you ready for a new adventure?<\/h2>\n\n\n\n<p>At Bor\u00e5s Zoo and Camping, we create unforgettable guest experiences every day! Together with our incredible employees, we deliver unique meetings and adventures for all ages.<\/p>\n\n\n\n<p>We are all proud that our individual efforts contribute to making an impression on our guests\u2019 experiences, and our goal is to continuously exceed guests\u2019 expectations. We want Bor\u00e5s Zoo and Camping to be places people are excited to visit over and over again.&nbsp;<\/p>\n\n\n\n<p>Are you naturally good at spreading positivity? Are you passionate about meeting new people? Would you like to take part in creating unforgettable memories for our visitors, children and adults alike? Do you care about animals, nature and the environment; are you responsible; and do you understand the importance of great interactions? Then we are looking for you!<\/p>\n\n\n\n<p>Read more about the work and our available positions <a href=\"https:\/\/jobb.borasdjurpark.se\/\">https:\/\/jobb.borasdjurpark.se\/<\/a><\/p>\n","protected":false},"excerpt":{"rendered":"<p>Are you ready for a new adventure? At Bor\u00e5s Zoo and Camping, we create unforgettable guest experiences every day! Together\u2026<\/p>\n","protected":false},"author":2,"featured_media":2886,"parent":0,"menu_order":0,"comment_status":"closed","ping_status":"closed","template":"","meta":[],"yoast_head":"<!-- This site is optimized with the Yoast SEO plugin v18.3 - https:\/\/yoast.com\/wordpress\/plugins\/seo\/ -->\n<title>Welcome to our career page - Bor\u00e5s Camping &amp; Vandrarhem<\/title>\n<meta name=\"robots\" content=\"index, follow, max-snippet:-1, max-image-preview:large, max-video-preview:-1\" \/>\n<link rel=\"canonical\" href=\"https:\/\/borascamping.se\/en\/career-page\/\" \/>\n<meta property=\"og:locale\" content=\"en_US\" \/>\n<meta property=\"og:type\" content=\"article\" \/>\n<meta property=\"og:title\" content=\"Welcome to our career page - Bor\u00e5s Camping &amp; Vandrarhem\" \/>\n<meta property=\"og:description\" content=\"Are you ready for a new adventure? At Bor\u00e5s Zoo and Camping, we create unforgettable guest experiences every day! Together\u2026\" \/>\n<meta property=\"og:url\" content=\"https:\/\/borascamping.se\/en\/career-page\/\" \/>\n<meta property=\"og:site_name\" content=\"Bor\u00e5s Camping &amp; Vandrarhem\" \/>\n<meta property=\"article:publisher\" content=\"https:\/\/www.facebook.com\/pages\/Bor%c3%a5s-Camping-Saltemad\/184385568239128?__tn__=%2cdkC-R-R&amp;amp%3bamp%3bamp%3bamp%3beid=ARAOyHCpAD0iAON-5UiBjd5J7ifAMMkrFLI7-EYOT2rsfELHShnvOFGP89MbBj6SIvb-j2nW9V2j9Amp&amp;amp%3bamp%3bamp%3bamp%3bhc_ref=ART0GRqRQn90XnrISo2cTV4UDe3jxMV9dotJ1G7bhZI0Ba1R4LGrSFc0wXIBiptbEsI&amp;amp%3bamp%3bamp%3bamp%3bfref=tag\" \/>\n<meta property=\"article:modified_time\" content=\"2022-06-08T06:32:33+00:00\" \/>\n<meta property=\"og:image\" content=\"https:\/\/borascamping.se\/wp-content\/uploads\/2022\/04\/Boras_camping_Cloudberry-256-scaled.jpg\" \/>\n\t<meta property=\"og:image:width\" content=\"2560\" \/>\n\t<meta property=\"og:image:height\" content=\"1707\" \/>\n\t<meta property=\"og:image:type\" content=\"image\/jpeg\" \/>\n<meta name=\"twitter:card\" content=\"summary_large_image\" \/>\n<meta name=\"twitter:label1\" content=\"Est. reading time\" \/>\n\t<meta name=\"twitter:data1\" content=\"1 minute\" \/>\n<script type=\"application\/ld+json\" class=\"yoast-schema-graph\">{\"@context\":\"https:\/\/schema.org\",\"@graph\":[{\"@type\":\"WebSite\",\"@id\":\"https:\/\/www.borascamping.se\/#website\",\"url\":\"https:\/\/www.borascamping.se\/\",\"name\":\"Bor\u00e5s Camping &amp; Vandrarhem\",\"description\":\"Bor\u00e5s roligaste camping med \u00c4ventyrsomr\u00e5de, restaurang, butik, kiosk, relax med bastu, \u00c4ventyrsgolf, kanoter, trampb\u00e5t, SUP, biljard, konferens, frisbeegolf, boule, badplats och mycket mer\",\"potentialAction\":[{\"@type\":\"SearchAction\",\"target\":{\"@type\":\"EntryPoint\",\"urlTemplate\":\"https:\/\/www.borascamping.se\/?s={search_term_string}\"},\"query-input\":\"required name=search_term_string\"}],\"inLanguage\":\"en-US\"},{\"@type\":\"ImageObject\",\"@id\":\"https:\/\/borascamping.se\/en\/career-page\/#primaryimage\",\"inLanguage\":\"en-US\",\"url\":\"https:\/\/borascamping.se\/wp-content\/uploads\/2022\/04\/Boras_camping_Cloudberry-256-scaled.jpg\",\"contentUrl\":\"https:\/\/borascamping.se\/wp-content\/uploads\/2022\/04\/Boras_camping_Cloudberry-256-scaled.jpg\",\"width\":2560,\"height\":1707},{\"@type\":\"WebPage\",\"@id\":\"https:\/\/borascamping.se\/en\/career-page\/#webpage\",\"url\":\"https:\/\/borascamping.se\/en\/career-page\/\",\"name\":\"Welcome to our career page - Bor\u00e5s Camping &amp; Vandrarhem\",\"isPartOf\":{\"@id\":\"https:\/\/www.borascamping.se\/#website\"},\"primaryImageOfPage\":{\"@id\":\"https:\/\/borascamping.se\/en\/career-page\/#primaryimage\"},\"datePublished\":\"2020-11-19T10:07:06+00:00\",\"dateModified\":\"2022-06-08T06:32:33+00:00\",\"breadcrumb\":{\"@id\":\"https:\/\/borascamping.se\/en\/career-page\/#breadcrumb\"},\"inLanguage\":\"en-US\",\"potentialAction\":[{\"@type\":\"ReadAction\",\"target\":[\"https:\/\/borascamping.se\/en\/career-page\/\"]}]},{\"@type\":\"BreadcrumbList\",\"@id\":\"https:\/\/borascamping.se\/en\/career-page\/#breadcrumb\",\"itemListElement\":[{\"@type\":\"ListItem\",\"position\":1,\"name\":\"Welcome to our career page\"}]}]}<\/script>\n<!-- \/ Yoast SEO plugin. -->","yoast_head_json":{"title":"Welcome to our career page - Bor\u00e5s Camping &amp; Vandrarhem","robots":{"index":"index","follow":"follow","max-snippet":"max-snippet:-1","max-image-preview":"max-image-preview:large","max-video-preview":"max-video-preview:-1"},"canonical":"https:\/\/borascamping.se\/en\/career-page\/","og_locale":"en_US","og_type":"article","og_title":"Welcome to our career page - Bor\u00e5s Camping &amp; Vandrarhem","og_description":"Are you ready for a new adventure? At Bor\u00e5s Zoo and Camping, we create unforgettable guest experiences every day! Together\u2026","og_url":"https:\/\/borascamping.se\/en\/career-page\/","og_site_name":"Bor\u00e5s Camping &amp; Vandrarhem","article_publisher":"https:\/\/www.facebook.com\/pages\/Bor%c3%a5s-Camping-Saltemad\/184385568239128?__tn__=%2cdkC-R-R&amp%3bamp%3bamp%3bamp%3beid=ARAOyHCpAD0iAON-5UiBjd5J7ifAMMkrFLI7-EYOT2rsfELHShnvOFGP89MbBj6SIvb-j2nW9V2j9Amp&amp%3bamp%3bamp%3bamp%3bhc_ref=ART0GRqRQn90XnrISo2cTV4UDe3jxMV9dotJ1G7bhZI0Ba1R4LGrSFc0wXIBiptbEsI&amp%3bamp%3bamp%3bamp%3bfref=tag","article_modified_time":"2022-06-08T06:32:33+00:00","og_image":[{"width":2560,"height":1707,"url":"https:\/\/borascamping.se\/wp-content\/uploads\/2022\/04\/Boras_camping_Cloudberry-256-scaled.jpg","type":"image\/jpeg"}],"twitter_card":"summary_large_image","twitter_misc":{"Est. reading time":"1 minute"},"schema":{"@context":"https:\/\/schema.org","@graph":[{"@type":"WebSite","@id":"https:\/\/www.borascamping.se\/#website","url":"https:\/\/www.borascamping.se\/","name":"Bor\u00e5s Camping &amp; Vandrarhem","description":"Bor\u00e5s roligaste camping med \u00c4ventyrsomr\u00e5de, restaurang, butik, kiosk, relax med bastu, \u00c4ventyrsgolf, kanoter, trampb\u00e5t, SUP, biljard, konferens, frisbeegolf, boule, badplats och mycket mer","potentialAction":[{"@type":"SearchAction","target":{"@type":"EntryPoint","urlTemplate":"https:\/\/www.borascamping.se\/?s={search_term_string}"},"query-input":"required name=search_term_string"}],"inLanguage":"en-US"},{"@type":"ImageObject","@id":"https:\/\/borascamping.se\/en\/career-page\/#primaryimage","inLanguage":"en-US","url":"https:\/\/borascamping.se\/wp-content\/uploads\/2022\/04\/Boras_camping_Cloudberry-256-scaled.jpg","contentUrl":"https:\/\/borascamping.se\/wp-content\/uploads\/2022\/04\/Boras_camping_Cloudberry-256-scaled.jpg","width":2560,"height":1707},{"@type":"WebPage","@id":"https:\/\/borascamping.se\/en\/career-page\/#webpage","url":"https:\/\/borascamping.se\/en\/career-page\/","name":"Welcome to our career page - Bor\u00e5s Camping &amp; Vandrarhem","isPartOf":{"@id":"https:\/\/www.borascamping.se\/#website"},"primaryImageOfPage":{"@id":"https:\/\/borascamping.se\/en\/career-page\/#primaryimage"},"datePublished":"2020-11-19T10:07:06+00:00","dateModified":"2022-06-08T06:32:33+00:00","breadcrumb":{"@id":"https:\/\/borascamping.se\/en\/career-page\/#breadcrumb"},"inLanguage":"en-US","potentialAction":[{"@type":"ReadAction","target":["https:\/\/borascamping.se\/en\/career-page\/"]}]},{"@type":"BreadcrumbList","@id":"https:\/\/borascamping.se\/en\/career-page\/#breadcrumb","itemListElement":[{"@type":"ListItem","position":1,"name":"Welcome to our career page"}]}]}},"acf":[],"_links":{"self":[{"href":"https:\/\/borascamping.se\/en\/wp-json\/wp\/v2\/pages\/3127"}],"collection":[{"href":"https:\/\/borascamping.se\/en\/wp-json\/wp\/v2\/pages"}],"about":[{"href":"https:\/\/borascamping.se\/en\/wp-json\/wp\/v2\/types\/page"}],"author":[{"embeddable":true,"href":"https:\/\/borascamping.se\/en\/wp-json\/wp\/v2\/users\/2"}],"replies":[{"embeddable":true,"href":"https:\/\/borascamping.se\/en\/wp-json\/wp\/v2\/comments?post=3127"}],"version-history":[{"count":3,"href":"https:\/\/borascamping.se\/en\/wp-json\/wp\/v2\/pages\/3127\/revisions"}],"predecessor-version":[{"id":3131,"href":"https:\/\/borascamping.se\/en\/wp-json\/wp\/v2\/pages\/3127\/revisions\/3131"}],"wp:featuredmedia":[{"embeddable":true,"href":"https:\/\/borascamping.se\/en\/wp-json\/wp\/v2\/media\/2886"}],"wp:attachment":[{"href":"https:\/\/borascamping.se\/en\/wp-json\/wp\/v2\/media?parent=3127"}],"curies":[{"name":"wp","href":"https:\/\/api.w.org\/{rel}","templated":true}]}}