{"id":3145,"date":"2020-03-17T09:59:16","date_gmt":"2020-03-17T08:59:16","guid":{"rendered":"https:\/\/www.borascamping.se\/info-covid-19-coronavirus-2\/"},"modified":"2022-06-08T09:43:09","modified_gmt":"2022-06-08T07:43:09","slug":"covid-19","status":"publish","type":"page","link":"https:\/\/borascamping.se\/en\/covid-19\/","title":{"rendered":"COVID-19\/CORONAVIRUS INFO"},"content":{"rendered":"\n<p><strong>INFORMATION FOR VISITORS TO BOR\u00c5S DJURPARK &amp; CAMPING<\/strong>&nbsp;<strong>REGARDING COVID-19 AND THE CORONAVIRUS<\/strong><\/p>\n\n\n\n<p>The safety and well-being of our guests, staff and animals are our priority and we will take every necessary precaution to ensure this. Like many other institutions, we are actively monitoring the situation regarding the outbreak of COVID-19\/coronavirus, and following the guidelines of the Public Health Agency of Sweden and V\u00e4stra G\u00f6taland region.<\/p>\n\n\n\n<p>In accordance with guidelines from the health authorities, our business is currently operating as usual and standard terms for visits continue to apply.<\/p>\n\n\n\n<p>If you plan to visit Bor\u00e5s Djurpark &amp; Camping from an area that has been directly affected by the coronavirus and\/or if you have symptoms similar to those associated with the virus (such as fever, cough, difficulty breathing), we kindly ask you to refrain from visiting and to contact the 1177 healthcare helpline instead.<\/p>\n\n\n\n<p>If you have questions regarding a planned reservation, please contact us at +46 (0)33-4304800.<\/p>\n\n\n\n<p>For more information: read and follow the guidelines of the Public Health Agency of Sweden and the respective regional infectious disease unit.<\/p>\n\n\n\n<p>During your visit, we want to assure you that Bor\u00e5s Djurpark &amp; Camping works proactively to minimise the risk of the spread of disease, including reviews of infection protection measures and cleaning routines throughout the facility.<\/p>\n\n\n\n<p>We will continue to act quickly if obligated to do so and take every necessary measure to protect our guests, staff and animals.<\/p>\n\n\n\n<p>We ask all of our guests to respect and maintain a high standard of personal hygiene while visiting Bor\u00e5s Djurpark &amp; Camping.<\/p>\n\n\n\n<p><strong>There are simple things you can do to prevent the spread of the virus.<\/strong><\/p>\n\n\n\n<p>\u2022 Avoid touching your face and eyes and avoid close contact with sick people.<\/p>\n\n\n\n<p>\u2022 Wash your hands regularly with soap and warm water, especially after using the toilet and before eating. Hand sanitizer can be a good complement to handwashing.<\/p>\n\n\n\n<p>\u2022 By coughing and sneezing into your elbow or a tissue, you prevent the infection from spreading throughout your surroundings and from contaminating your hands.<\/p>\n\n\n\n<p>\u2022 Stay home when you are sick to avoid infecting people in the community and around you.<\/p>\n\n\n\n<p>Kind regards, from management and the staff at Bor\u00e5s Djurpark &amp; Camping<\/p>\n","protected":false},"excerpt":{"rendered":"<p>INFORMATION FOR VISITORS TO BOR\u00c5S DJURPARK &amp; CAMPING&nbsp;REGARDING COVID-19 AND THE CORONAVIRUS The safety and well-being of our guests, staff\u2026<\/p>\n","protected":false},"author":2,"featured_media":0,"parent":0,"menu_order":0,"comment_status":"closed","ping_status":"closed","template":"","meta":[],"yoast_head":"<!-- This site is optimized with the Yoast SEO plugin v18.3 - https:\/\/yoast.com\/wordpress\/plugins\/seo\/ -->\n<title>COVID-19\/CORONAVIRUS INFO - Bor\u00e5s Camping &amp; Vandrarhem<\/title>\n<meta name=\"robots\" content=\"index, follow, max-snippet:-1, max-image-preview:large, max-video-preview:-1\" \/>\n<link rel=\"canonical\" href=\"https:\/\/borascamping.se\/en\/covid-19\/\" \/>\n<meta property=\"og:locale\" content=\"en_US\" \/>\n<meta property=\"og:type\" content=\"article\" \/>\n<meta property=\"og:title\" content=\"COVID-19\/CORONAVIRUS INFO - Bor\u00e5s Camping &amp; Vandrarhem\" \/>\n<meta property=\"og:description\" content=\"INFORMATION FOR VISITORS TO BOR\u00c5S DJURPARK &amp; CAMPING&nbsp;REGARDING COVID-19 AND THE CORONAVIRUS The safety and well-being of our guests, staff\u2026\" \/>\n<meta property=\"og:url\" content=\"https:\/\/borascamping.se\/en\/covid-19\/\" \/>\n<meta property=\"og:site_name\" content=\"Bor\u00e5s Camping &amp; Vandrarhem\" \/>\n<meta property=\"article:publisher\" content=\"https:\/\/www.facebook.com\/pages\/Bor%c3%a5s-Camping-Saltemad\/184385568239128?__tn__=%2cdkC-R-R&amp;amp%3bamp%3bamp%3bamp%3beid=ARAOyHCpAD0iAON-5UiBjd5J7ifAMMkrFLI7-EYOT2rsfELHShnvOFGP89MbBj6SIvb-j2nW9V2j9Amp&amp;amp%3bamp%3bamp%3bamp%3bhc_ref=ART0GRqRQn90XnrISo2cTV4UDe3jxMV9dotJ1G7bhZI0Ba1R4LGrSFc0wXIBiptbEsI&amp;amp%3bamp%3bamp%3bamp%3bfref=tag\" \/>\n<meta property=\"article:modified_time\" content=\"2022-06-08T07:43:09+00:00\" \/>\n<meta name=\"twitter:card\" content=\"summary_large_image\" \/>\n<meta name=\"twitter:label1\" content=\"Est. reading time\" \/>\n\t<meta name=\"twitter:data1\" content=\"2 minutes\" \/>\n<script type=\"application\/ld+json\" class=\"yoast-schema-graph\">{\"@context\":\"https:\/\/schema.org\",\"@graph\":[{\"@type\":\"WebSite\",\"@id\":\"https:\/\/www.borascamping.se\/#website\",\"url\":\"https:\/\/www.borascamping.se\/\",\"name\":\"Bor\u00e5s Camping &amp; Vandrarhem\",\"description\":\"Bor\u00e5s roligaste camping med \u00c4ventyrsomr\u00e5de, restaurang, butik, kiosk, relax med bastu, \u00c4ventyrsgolf, kanoter, trampb\u00e5t, SUP, biljard, konferens, frisbeegolf, boule, badplats och mycket mer\",\"potentialAction\":[{\"@type\":\"SearchAction\",\"target\":{\"@type\":\"EntryPoint\",\"urlTemplate\":\"https:\/\/www.borascamping.se\/?s={search_term_string}\"},\"query-input\":\"required name=search_term_string\"}],\"inLanguage\":\"en-US\"},{\"@type\":\"WebPage\",\"@id\":\"https:\/\/borascamping.se\/en\/covid-19\/#webpage\",\"url\":\"https:\/\/borascamping.se\/en\/covid-19\/\",\"name\":\"COVID-19\/CORONAVIRUS INFO - Bor\u00e5s Camping &amp; Vandrarhem\",\"isPartOf\":{\"@id\":\"https:\/\/www.borascamping.se\/#website\"},\"datePublished\":\"2020-03-17T08:59:16+00:00\",\"dateModified\":\"2022-06-08T07:43:09+00:00\",\"breadcrumb\":{\"@id\":\"https:\/\/borascamping.se\/en\/covid-19\/#breadcrumb\"},\"inLanguage\":\"en-US\",\"potentialAction\":[{\"@type\":\"ReadAction\",\"target\":[\"https:\/\/borascamping.se\/en\/covid-19\/\"]}]},{\"@type\":\"BreadcrumbList\",\"@id\":\"https:\/\/borascamping.se\/en\/covid-19\/#breadcrumb\",\"itemListElement\":[{\"@type\":\"ListItem\",\"position\":1,\"name\":\"COVID-19\/CORONAVIRUS INFO\"}]}]}<\/script>\n<!-- \/ Yoast SEO plugin. -->","yoast_head_json":{"title":"COVID-19\/CORONAVIRUS INFO - Bor\u00e5s Camping &amp; Vandrarhem","robots":{"index":"index","follow":"follow","max-snippet":"max-snippet:-1","max-image-preview":"max-image-preview:large","max-video-preview":"max-video-preview:-1"},"canonical":"https:\/\/borascamping.se\/en\/covid-19\/","og_locale":"en_US","og_type":"article","og_title":"COVID-19\/CORONAVIRUS INFO - Bor\u00e5s Camping &amp; Vandrarhem","og_description":"INFORMATION FOR VISITORS TO BOR\u00c5S DJURPARK &amp; CAMPING&nbsp;REGARDING COVID-19 AND THE CORONAVIRUS The safety and well-being of our guests, staff\u2026","og_url":"https:\/\/borascamping.se\/en\/covid-19\/","og_site_name":"Bor\u00e5s Camping &amp; Vandrarhem","article_publisher":"https:\/\/www.facebook.com\/pages\/Bor%c3%a5s-Camping-Saltemad\/184385568239128?__tn__=%2cdkC-R-R&amp%3bamp%3bamp%3bamp%3beid=ARAOyHCpAD0iAON-5UiBjd5J7ifAMMkrFLI7-EYOT2rsfELHShnvOFGP89MbBj6SIvb-j2nW9V2j9Amp&amp%3bamp%3bamp%3bamp%3bhc_ref=ART0GRqRQn90XnrISo2cTV4UDe3jxMV9dotJ1G7bhZI0Ba1R4LGrSFc0wXIBiptbEsI&amp%3bamp%3bamp%3bamp%3bfref=tag","article_modified_time":"2022-06-08T07:43:09+00:00","twitter_card":"summary_large_image","twitter_misc":{"Est. reading time":"2 minutes"},"schema":{"@context":"https:\/\/schema.org","@graph":[{"@type":"WebSite","@id":"https:\/\/www.borascamping.se\/#website","url":"https:\/\/www.borascamping.se\/","name":"Bor\u00e5s Camping &amp; Vandrarhem","description":"Bor\u00e5s roligaste camping med \u00c4ventyrsomr\u00e5de, restaurang, butik, kiosk, relax med bastu, \u00c4ventyrsgolf, kanoter, trampb\u00e5t, SUP, biljard, konferens, frisbeegolf, boule, badplats och mycket mer","potentialAction":[{"@type":"SearchAction","target":{"@type":"EntryPoint","urlTemplate":"https:\/\/www.borascamping.se\/?s={search_term_string}"},"query-input":"required name=search_term_string"}],"inLanguage":"en-US"},{"@type":"WebPage","@id":"https:\/\/borascamping.se\/en\/covid-19\/#webpage","url":"https:\/\/borascamping.se\/en\/covid-19\/","name":"COVID-19\/CORONAVIRUS INFO - Bor\u00e5s Camping &amp; Vandrarhem","isPartOf":{"@id":"https:\/\/www.borascamping.se\/#website"},"datePublished":"2020-03-17T08:59:16+00:00","dateModified":"2022-06-08T07:43:09+00:00","breadcrumb":{"@id":"https:\/\/borascamping.se\/en\/covid-19\/#breadcrumb"},"inLanguage":"en-US","potentialAction":[{"@type":"ReadAction","target":["https:\/\/borascamping.se\/en\/covid-19\/"]}]},{"@type":"BreadcrumbList","@id":"https:\/\/borascamping.se\/en\/covid-19\/#breadcrumb","itemListElement":[{"@type":"ListItem","position":1,"name":"COVID-19\/CORONAVIRUS INFO"}]}]}},"acf":[],"_links":{"self":[{"href":"https:\/\/borascamping.se\/en\/wp-json\/wp\/v2\/pages\/3145"}],"collection":[{"href":"https:\/\/borascamping.se\/en\/wp-json\/wp\/v2\/pages"}],"about":[{"href":"https:\/\/borascamping.se\/en\/wp-json\/wp\/v2\/types\/page"}],"author":[{"embeddable":true,"href":"https:\/\/borascamping.se\/en\/wp-json\/wp\/v2\/users\/2"}],"replies":[{"embeddable":true,"href":"https:\/\/borascamping.se\/en\/wp-json\/wp\/v2\/comments?post=3145"}],"version-history":[{"count":1,"href":"https:\/\/borascamping.se\/en\/wp-json\/wp\/v2\/pages\/3145\/revisions"}],"predecessor-version":[{"id":3146,"href":"https:\/\/borascamping.se\/en\/wp-json\/wp\/v2\/pages\/3145\/revisions\/3146"}],"wp:attachment":[{"href":"https:\/\/borascamping.se\/en\/wp-json\/wp\/v2\/media?parent=3145"}],"curies":[{"name":"wp","href":"https:\/\/api.w.org\/{rel}","templated":true}]}}