{"id":3376,"date":"2022-09-19T08:19:37","date_gmt":"2022-09-19T06:19:37","guid":{"rendered":"https:\/\/borascamping.se\/?page_id=3376"},"modified":"2025-01-13T08:29:03","modified_gmt":"2025-01-13T07:29:03","slug":"glamping-sky-vault","status":"publish","type":"page","link":"https:\/\/borascamping.se\/en\/glamping-sky-vault\/","title":{"rendered":"GLAMPING &#8211; SKY VAULT"},"content":{"rendered":"\n<p>Stay a night in the Sky Vault &#8211; a glass igloo!<br>OPEN ALL YEAR AROUND<\/p>\n\n\n\n<p>Experience something out of the ordinary and fall asleep under the stars in the Sky Vault at Bor\u00e5s Camping! As the only accommodation in Sweden, we offer accommodation in a unique glass igloo. Crawl into a comfortably made bed, draw the curtain around you and look up at the stars, watch the autumn rain fall or watch the first snowflakes fall towards you.<\/p>\n\n\n\n<p>With us at Bor\u00e5s camping, you can experience this unique accommodation!<\/p>\n\n\n\n<p class=\"mt-4 mb-0\"><a class=\"btn btn-lg btn-primary\" href=\"https:\/\/online.bookvisit.com\/accommodation?channelid=99e5f31d-dd7f-40da-a2c1-5c06213b1894&#038;currency=SEK&#038;langid=2\" target=\"_blank\" rel=\"noopener\">Book online<\/a><\/p>\n\n\n\n<div style=\"height:20px\" aria-hidden=\"true\" class=\"wp-block-spacer\"><\/div>\n\n\n\n<p>Facts<br>2 glass igloos, Sky Vault<br>1 queen-size double bed (160 cm)<br>2 mattresses on the floor for children (70 x160cm)<br>1 mini fridge<\/p>\n\n\n\n<p>SHOWER and WC in nearby service building<\/p>\n\n\n\n<p>PARKING included, outside the accommodation for 1st car<\/p>\n\n\n\n<p>KITCHEN in nearby service building, simpler kitchen equipment available<\/p>\n\n\n\n<p>SHEETS are included, the bed is made<br>CLEANING included (guest is responsible for washing their dishes and throwing away their rubbish)<\/p>\n\n\n\n<p>BREAKFAST can be ordered via our reception, in high season we have a breakfast buffet, in low season breakfast packages are available to order.<\/p>\n\n\n\n<p>RESTAURANT \u2013 our restaurant is open daily, see current opening hours at the bottom of the page and menu on the restaurant tab.<\/p>\n\n\n\n<p>SAUNA &#8211; book our sauna! We have 2 relaxation areas with sauna and shower, book one of them just for yourself. More info under activities, adventure area.<\/p>\n\n\n\n<p>The campsite has year-round:<br>minigolf, canoes, Frisbee golf course, boule court, SUP, Billiards, outdoor gym, playgrounds, barbecue areas, restaurant, shop, conference facilities, pentathlon, sauna, swimming (outdoors in the river)<\/p>\n\n\n\n<p>During high season in summer there are also:<br>Pedal boats, kiosk<\/p>\n\n\n\n<p class=\"mt-4 mb-0\"><a class=\"btn btn-lg btn-primary\" href=\"https:\/\/online.bookvisit.com\/accommodation?channelid=99e5f31d-dd7f-40da-a2c1-5c06213b1894&#038;currency=SEK&#038;langid=2\" target=\"_blank\" rel=\"noopener\">Book online<\/a><\/p>\n\n\n\n<div style=\"height:20px\" aria-hidden=\"true\" class=\"wp-block-spacer\"><\/div>\n\n\n\n<p>or contact us at<br>email: info@borascamping.se<br>telephone: 033-430 48 00<\/p>\n\n\n\n<p>You who live with us have discounted admission to Bor\u00e5s Zoo through us, contact us for ticket purchases.<br>WELCOME!<\/p>\n","protected":false},"excerpt":{"rendered":"<p>Stay a night in the Sky Vault &#8211; a glass igloo!OPEN ALL YEAR AROUND Experience something out of the ordinary\u2026<\/p>\n","protected":false},"author":2,"featured_media":0,"parent":0,"menu_order":0,"comment_status":"closed","ping_status":"closed","template":"","meta":[],"yoast_head":"<!-- This site is optimized with the Yoast SEO plugin v18.3 - https:\/\/yoast.com\/wordpress\/plugins\/seo\/ -->\n<title>GLAMPING - SKY VAULT - Bor\u00e5s Camping &amp; Vandrarhem<\/title>\n<meta name=\"robots\" content=\"index, follow, max-snippet:-1, max-image-preview:large, max-video-preview:-1\" \/>\n<link rel=\"canonical\" href=\"https:\/\/borascamping.se\/en\/glamping-sky-vault\/\" \/>\n<meta property=\"og:locale\" content=\"en_US\" \/>\n<meta property=\"og:type\" content=\"article\" \/>\n<meta property=\"og:title\" content=\"GLAMPING - SKY VAULT - Bor\u00e5s Camping &amp; Vandrarhem\" \/>\n<meta property=\"og:description\" content=\"Stay a night in the Sky Vault &#8211; a glass igloo!OPEN ALL YEAR AROUND Experience something out of the ordinary\u2026\" \/>\n<meta property=\"og:url\" content=\"https:\/\/borascamping.se\/en\/glamping-sky-vault\/\" \/>\n<meta property=\"og:site_name\" content=\"Bor\u00e5s Camping &amp; Vandrarhem\" \/>\n<meta property=\"article:publisher\" content=\"https:\/\/www.facebook.com\/pages\/Bor%c3%a5s-Camping-Saltemad\/184385568239128?__tn__=%2cdkC-R-R&amp;amp%3bamp%3bamp%3bamp%3beid=ARAOyHCpAD0iAON-5UiBjd5J7ifAMMkrFLI7-EYOT2rsfELHShnvOFGP89MbBj6SIvb-j2nW9V2j9Amp&amp;amp%3bamp%3bamp%3bamp%3bhc_ref=ART0GRqRQn90XnrISo2cTV4UDe3jxMV9dotJ1G7bhZI0Ba1R4LGrSFc0wXIBiptbEsI&amp;amp%3bamp%3bamp%3bamp%3bfref=tag\" \/>\n<meta property=\"article:modified_time\" content=\"2025-01-13T07:29:03+00:00\" \/>\n<meta name=\"twitter:card\" content=\"summary_large_image\" \/>\n<meta name=\"twitter:label1\" content=\"Est. reading time\" \/>\n\t<meta name=\"twitter:data1\" content=\"2 minutes\" \/>\n<script type=\"application\/ld+json\" class=\"yoast-schema-graph\">{\"@context\":\"https:\/\/schema.org\",\"@graph\":[{\"@type\":\"WebSite\",\"@id\":\"https:\/\/www.borascamping.se\/#website\",\"url\":\"https:\/\/www.borascamping.se\/\",\"name\":\"Bor\u00e5s Camping &amp; Vandrarhem\",\"description\":\"Bor\u00e5s roligaste camping med \u00c4ventyrsomr\u00e5de, restaurang, butik, kiosk, relax med bastu, \u00c4ventyrsgolf, kanoter, trampb\u00e5t, SUP, biljard, konferens, frisbeegolf, boule, badplats och mycket mer\",\"potentialAction\":[{\"@type\":\"SearchAction\",\"target\":{\"@type\":\"EntryPoint\",\"urlTemplate\":\"https:\/\/www.borascamping.se\/?s={search_term_string}\"},\"query-input\":\"required name=search_term_string\"}],\"inLanguage\":\"en-US\"},{\"@type\":\"WebPage\",\"@id\":\"https:\/\/borascamping.se\/en\/glamping-sky-vault\/#webpage\",\"url\":\"https:\/\/borascamping.se\/en\/glamping-sky-vault\/\",\"name\":\"GLAMPING - SKY VAULT - Bor\u00e5s Camping &amp; Vandrarhem\",\"isPartOf\":{\"@id\":\"https:\/\/www.borascamping.se\/#website\"},\"datePublished\":\"2022-09-19T06:19:37+00:00\",\"dateModified\":\"2025-01-13T07:29:03+00:00\",\"breadcrumb\":{\"@id\":\"https:\/\/borascamping.se\/en\/glamping-sky-vault\/#breadcrumb\"},\"inLanguage\":\"en-US\",\"potentialAction\":[{\"@type\":\"ReadAction\",\"target\":[\"https:\/\/borascamping.se\/en\/glamping-sky-vault\/\"]}]},{\"@type\":\"BreadcrumbList\",\"@id\":\"https:\/\/borascamping.se\/en\/glamping-sky-vault\/#breadcrumb\",\"itemListElement\":[{\"@type\":\"ListItem\",\"position\":1,\"name\":\"GLAMPING &#8211; SKY VAULT\"}]}]}<\/script>\n<!-- \/ Yoast SEO plugin. -->","yoast_head_json":{"title":"GLAMPING - SKY VAULT - Bor\u00e5s Camping &amp; Vandrarhem","robots":{"index":"index","follow":"follow","max-snippet":"max-snippet:-1","max-image-preview":"max-image-preview:large","max-video-preview":"max-video-preview:-1"},"canonical":"https:\/\/borascamping.se\/en\/glamping-sky-vault\/","og_locale":"en_US","og_type":"article","og_title":"GLAMPING - SKY VAULT - Bor\u00e5s Camping &amp; Vandrarhem","og_description":"Stay a night in the Sky Vault &#8211; a glass igloo!OPEN ALL YEAR AROUND Experience something out of the ordinary\u2026","og_url":"https:\/\/borascamping.se\/en\/glamping-sky-vault\/","og_site_name":"Bor\u00e5s Camping &amp; Vandrarhem","article_publisher":"https:\/\/www.facebook.com\/pages\/Bor%c3%a5s-Camping-Saltemad\/184385568239128?__tn__=%2cdkC-R-R&amp%3bamp%3bamp%3bamp%3beid=ARAOyHCpAD0iAON-5UiBjd5J7ifAMMkrFLI7-EYOT2rsfELHShnvOFGP89MbBj6SIvb-j2nW9V2j9Amp&amp%3bamp%3bamp%3bamp%3bhc_ref=ART0GRqRQn90XnrISo2cTV4UDe3jxMV9dotJ1G7bhZI0Ba1R4LGrSFc0wXIBiptbEsI&amp%3bamp%3bamp%3bamp%3bfref=tag","article_modified_time":"2025-01-13T07:29:03+00:00","twitter_card":"summary_large_image","twitter_misc":{"Est. reading time":"2 minutes"},"schema":{"@context":"https:\/\/schema.org","@graph":[{"@type":"WebSite","@id":"https:\/\/www.borascamping.se\/#website","url":"https:\/\/www.borascamping.se\/","name":"Bor\u00e5s Camping &amp; Vandrarhem","description":"Bor\u00e5s roligaste camping med \u00c4ventyrsomr\u00e5de, restaurang, butik, kiosk, relax med bastu, \u00c4ventyrsgolf, kanoter, trampb\u00e5t, SUP, biljard, konferens, frisbeegolf, boule, badplats och mycket mer","potentialAction":[{"@type":"SearchAction","target":{"@type":"EntryPoint","urlTemplate":"https:\/\/www.borascamping.se\/?s={search_term_string}"},"query-input":"required name=search_term_string"}],"inLanguage":"en-US"},{"@type":"WebPage","@id":"https:\/\/borascamping.se\/en\/glamping-sky-vault\/#webpage","url":"https:\/\/borascamping.se\/en\/glamping-sky-vault\/","name":"GLAMPING - SKY VAULT - Bor\u00e5s Camping &amp; Vandrarhem","isPartOf":{"@id":"https:\/\/www.borascamping.se\/#website"},"datePublished":"2022-09-19T06:19:37+00:00","dateModified":"2025-01-13T07:29:03+00:00","breadcrumb":{"@id":"https:\/\/borascamping.se\/en\/glamping-sky-vault\/#breadcrumb"},"inLanguage":"en-US","potentialAction":[{"@type":"ReadAction","target":["https:\/\/borascamping.se\/en\/glamping-sky-vault\/"]}]},{"@type":"BreadcrumbList","@id":"https:\/\/borascamping.se\/en\/glamping-sky-vault\/#breadcrumb","itemListElement":[{"@type":"ListItem","position":1,"name":"GLAMPING &#8211; SKY VAULT"}]}]}},"acf":[],"_links":{"self":[{"href":"https:\/\/borascamping.se\/en\/wp-json\/wp\/v2\/pages\/3376"}],"collection":[{"href":"https:\/\/borascamping.se\/en\/wp-json\/wp\/v2\/pages"}],"about":[{"href":"https:\/\/borascamping.se\/en\/wp-json\/wp\/v2\/types\/page"}],"author":[{"embeddable":true,"href":"https:\/\/borascamping.se\/en\/wp-json\/wp\/v2\/users\/2"}],"replies":[{"embeddable":true,"href":"https:\/\/borascamping.se\/en\/wp-json\/wp\/v2\/comments?post=3376"}],"version-history":[{"count":16,"href":"https:\/\/borascamping.se\/en\/wp-json\/wp\/v2\/pages\/3376\/revisions"}],"predecessor-version":[{"id":4572,"href":"https:\/\/borascamping.se\/en\/wp-json\/wp\/v2\/pages\/3376\/revisions\/4572"}],"wp:attachment":[{"href":"https:\/\/borascamping.se\/en\/wp-json\/wp\/v2\/media?parent=3376"}],"curies":[{"name":"wp","href":"https:\/\/api.w.org\/{rel}","templated":true}]}}