{"id":3571,"date":"2023-01-04T09:15:28","date_gmt":"2023-01-04T08:15:28","guid":{"rendered":"https:\/\/borascamping.se\/accommodations\/boka\/"},"modified":"2023-01-16T11:27:47","modified_gmt":"2023-01-16T10:27:47","slug":"boka","status":"publish","type":"page","link":"https:\/\/borascamping.se\/en\/accommodations\/boka\/","title":{"rendered":"BOKA"},"content":{"rendered":"\n<div style=\"height:50px\" aria-hidden=\"true\" class=\"wp-block-spacer\"><\/div>\n\n\n\n<script charset=\"UTF-8\" type=\"text\/javascript\" src=\"https:\/\/online.bookvisit.com\/Content\/flexwidget\/FlexWidgetFullScripts.min.js\"><\/script>\n<script charset=\"UTF-8\" type=\"text\/javascript\">\n(function($) {\n$.ajax({\ndataType: 'json',\nurl: 'https:\/\/online.bookvisit.com\/v2\/widget\/getwidget?channelId=99e5f31d-dd7f-40da-a2c1-5c06213b1894&culture=en-GB&containerId=widgetContainer&layout=Large3Columns&large=true&openOption=NewWindow&displayPromoCode=False&displayCorpCode=False&displayIATACode=False&jsoncallback=?',\nxhrFields: { withCredentials: true },\nsuccess: function(json) {\n$('#widgetContainer').html(json.Widget);\n}\n});\n})(bvJQuery);\n<\/script>\n\n<div id=\"widgetContainer\"><\/div>\n\n\n\n<div style=\"height:50px\" aria-hidden=\"true\" class=\"wp-block-spacer\"><\/div>\n\n\n\n<h3>BOKA BOENDE<\/h3>\n\n\n\n<p>V\u00e4lkommen till Bor\u00e5s Campings onlinebokning. <br>Om ni inte hittar vad ni s\u00f6ker kontakta oss f\u00f6r personlig service.<\/p>\n\n\n\n<h3>BRA SAKER ATT K\u00c4NNA TILL<\/h3>\n\n\n\n<p>1) Camping \u00e4r \u00f6ppen \u00e5ret runt<br>2) Under perioden 21\/6 &#8211; 15\/8 s\u00e5 har vi fullservice och receptionen \u00e4r \u00f6ppen<\/p>\n\n\n\n<p>\u00d6ppettider hittar ni l\u00e4ngst ner p\u00e5 sidan<br><br>3) Ingen extra bokningsavgift vid onlinebokning, tillkommer d\u00e4remot en avgift vid eventuell avbokning (om val av fri avbokning har gjorts).<br><br>4) F\u00f6r att boka stuga hos oss m\u00e5ste du vara 20 \u00e5r gammal.<\/p>\n\n\n\n<p>5) Vi reserverar oss alltid f\u00f6r f\u00f6r\u00e4ndringar av plats- eller stugnummer.<\/p>\n\n\n\n<h3>F\u00d6R PERSONLIG SERVICE<\/h3>\n\n\n\n<p>Tel: +46-(0) 33 430 48 00<br>E-post:&nbsp;<a href=\"mailto:info@borascamping.se\">info@borascamping.se<\/a><br><em>Om- och avbokning g\u00f6r ni genom att kontakta ansvarig f\u00f6rmedlare&nbsp;<a href=\"http:\/\/www.camping.se\/\" target=\"_blank\" rel=\"noreferrer noopener\">www.camping.se<\/a>.<\/em><\/p>\n\n\n\n<h3>ANSVARIG F\u00d6RMEDLARE<\/h3>\n\n\n\n<p>Alla bokningar som g\u00f6rs p\u00e5 v\u00e5r hemsida hanteras av&nbsp;<a href=\"http:\/\/www.camping.se\/\" target=\"_blank\" rel=\"noreferrer noopener\">www.camping.se<\/a>. Du har alltid \u00f6ppet k\u00f6p i 24h och resegaranti n\u00e4r du bokar genom&nbsp;<a href=\"http:\/\/www.camping.se\/\" target=\"_blank\" rel=\"noreferrer noopener\">www.camping.se<\/a>.<\/p>\n\n\n\n<p>Camping.se \u00e4r en del av SCR Svensk Camping.<\/p>\n\n\n\n<p>E-post:&nbsp;<a href=\"mailto:service@camping.se\">service@camping.se<\/a><br>Webbplats:&nbsp;<a href=\"http:\/\/www.camping.se\/gastservice\" target=\"_blank\" rel=\"noreferrer noopener\">www.camping.se\/gastservice<\/a><br>Tel +46 (0)771-117 117<\/p>\n","protected":false},"excerpt":{"rendered":"<p>BOKA BOENDE V\u00e4lkommen till Bor\u00e5s Campings onlinebokning. Om ni inte hittar vad ni s\u00f6ker kontakta oss f\u00f6r personlig service. BRA\u2026<\/p>\n","protected":false},"author":4,"featured_media":0,"parent":1159,"menu_order":0,"comment_status":"closed","ping_status":"closed","template":"","meta":[],"yoast_head":"<!-- This site is optimized with the Yoast SEO plugin v18.3 - https:\/\/yoast.com\/wordpress\/plugins\/seo\/ -->\n<title>BOKA - Bor\u00e5s Camping &amp; Vandrarhem<\/title>\n<meta name=\"robots\" content=\"index, follow, max-snippet:-1, max-image-preview:large, max-video-preview:-1\" \/>\n<link rel=\"canonical\" href=\"https:\/\/borascamping.se\/en\/accommodations\/boka\/\" \/>\n<meta property=\"og:locale\" content=\"en_US\" \/>\n<meta property=\"og:type\" content=\"article\" \/>\n<meta property=\"og:title\" content=\"BOKA - Bor\u00e5s Camping &amp; Vandrarhem\" \/>\n<meta property=\"og:description\" content=\"BOKA BOENDE V\u00e4lkommen till Bor\u00e5s Campings onlinebokning. Om ni inte hittar vad ni s\u00f6ker kontakta oss f\u00f6r personlig service. BRA\u2026\" \/>\n<meta property=\"og:url\" content=\"https:\/\/borascamping.se\/en\/accommodations\/boka\/\" \/>\n<meta property=\"og:site_name\" content=\"Bor\u00e5s Camping &amp; Vandrarhem\" \/>\n<meta property=\"article:publisher\" content=\"https:\/\/www.facebook.com\/pages\/Bor%c3%a5s-Camping-Saltemad\/184385568239128?__tn__=%2cdkC-R-R&amp;amp%3bamp%3bamp%3bamp%3beid=ARAOyHCpAD0iAON-5UiBjd5J7ifAMMkrFLI7-EYOT2rsfELHShnvOFGP89MbBj6SIvb-j2nW9V2j9Amp&amp;amp%3bamp%3bamp%3bamp%3bhc_ref=ART0GRqRQn90XnrISo2cTV4UDe3jxMV9dotJ1G7bhZI0Ba1R4LGrSFc0wXIBiptbEsI&amp;amp%3bamp%3bamp%3bamp%3bfref=tag\" \/>\n<meta property=\"article:modified_time\" content=\"2023-01-16T10:27:47+00:00\" \/>\n<meta name=\"twitter:card\" content=\"summary_large_image\" \/>\n<meta name=\"twitter:label1\" content=\"Est. reading time\" \/>\n\t<meta name=\"twitter:data1\" content=\"1 minute\" \/>\n<script type=\"application\/ld+json\" class=\"yoast-schema-graph\">{\"@context\":\"https:\/\/schema.org\",\"@graph\":[{\"@type\":\"WebSite\",\"@id\":\"https:\/\/164.92.144.183\/#website\",\"url\":\"https:\/\/164.92.144.183\/\",\"name\":\"Bor\u00e5s Camping &amp; Vandrarhem\",\"description\":\"Bor\u00e5s roligaste camping med \u00c4ventyrsomr\u00e5de, restaurang, butik, kiosk, relax med bastu, \u00c4ventyrsgolf, kanoter, trampb\u00e5t, SUP, biljard, konferens, frisbeegolf, boule, badplats och mycket mer\",\"potentialAction\":[{\"@type\":\"SearchAction\",\"target\":{\"@type\":\"EntryPoint\",\"urlTemplate\":\"https:\/\/164.92.144.183\/?s={search_term_string}\"},\"query-input\":\"required name=search_term_string\"}],\"inLanguage\":\"en-US\"},{\"@type\":\"WebPage\",\"@id\":\"https:\/\/borascamping.se\/en\/accommodations\/boka\/#webpage\",\"url\":\"https:\/\/borascamping.se\/en\/accommodations\/boka\/\",\"name\":\"BOKA - Bor\u00e5s Camping &amp; Vandrarhem\",\"isPartOf\":{\"@id\":\"https:\/\/164.92.144.183\/#website\"},\"datePublished\":\"2023-01-04T08:15:28+00:00\",\"dateModified\":\"2023-01-16T10:27:47+00:00\",\"breadcrumb\":{\"@id\":\"https:\/\/borascamping.se\/en\/accommodations\/boka\/#breadcrumb\"},\"inLanguage\":\"en-US\",\"potentialAction\":[{\"@type\":\"ReadAction\",\"target\":[\"https:\/\/borascamping.se\/en\/accommodations\/boka\/\"]}]},{\"@type\":\"BreadcrumbList\",\"@id\":\"https:\/\/borascamping.se\/en\/accommodations\/boka\/#breadcrumb\",\"itemListElement\":[{\"@type\":\"ListItem\",\"position\":1,\"name\":\"Accommodations\",\"item\":\"https:\/\/borascamping.se\/en\/accommodations\/\"},{\"@type\":\"ListItem\",\"position\":2,\"name\":\"BOKA\"}]}]}<\/script>\n<!-- \/ Yoast SEO plugin. -->","yoast_head_json":{"title":"BOKA - Bor\u00e5s Camping &amp; Vandrarhem","robots":{"index":"index","follow":"follow","max-snippet":"max-snippet:-1","max-image-preview":"max-image-preview:large","max-video-preview":"max-video-preview:-1"},"canonical":"https:\/\/borascamping.se\/en\/accommodations\/boka\/","og_locale":"en_US","og_type":"article","og_title":"BOKA - Bor\u00e5s Camping &amp; Vandrarhem","og_description":"BOKA BOENDE V\u00e4lkommen till Bor\u00e5s Campings onlinebokning. Om ni inte hittar vad ni s\u00f6ker kontakta oss f\u00f6r personlig service. BRA\u2026","og_url":"https:\/\/borascamping.se\/en\/accommodations\/boka\/","og_site_name":"Bor\u00e5s Camping &amp; Vandrarhem","article_publisher":"https:\/\/www.facebook.com\/pages\/Bor%c3%a5s-Camping-Saltemad\/184385568239128?__tn__=%2cdkC-R-R&amp%3bamp%3bamp%3bamp%3beid=ARAOyHCpAD0iAON-5UiBjd5J7ifAMMkrFLI7-EYOT2rsfELHShnvOFGP89MbBj6SIvb-j2nW9V2j9Amp&amp%3bamp%3bamp%3bamp%3bhc_ref=ART0GRqRQn90XnrISo2cTV4UDe3jxMV9dotJ1G7bhZI0Ba1R4LGrSFc0wXIBiptbEsI&amp%3bamp%3bamp%3bamp%3bfref=tag","article_modified_time":"2023-01-16T10:27:47+00:00","twitter_card":"summary_large_image","twitter_misc":{"Est. reading time":"1 minute"},"schema":{"@context":"https:\/\/schema.org","@graph":[{"@type":"WebSite","@id":"https:\/\/164.92.144.183\/#website","url":"https:\/\/164.92.144.183\/","name":"Bor\u00e5s Camping &amp; Vandrarhem","description":"Bor\u00e5s roligaste camping med \u00c4ventyrsomr\u00e5de, restaurang, butik, kiosk, relax med bastu, \u00c4ventyrsgolf, kanoter, trampb\u00e5t, SUP, biljard, konferens, frisbeegolf, boule, badplats och mycket mer","potentialAction":[{"@type":"SearchAction","target":{"@type":"EntryPoint","urlTemplate":"https:\/\/164.92.144.183\/?s={search_term_string}"},"query-input":"required name=search_term_string"}],"inLanguage":"en-US"},{"@type":"WebPage","@id":"https:\/\/borascamping.se\/en\/accommodations\/boka\/#webpage","url":"https:\/\/borascamping.se\/en\/accommodations\/boka\/","name":"BOKA - Bor\u00e5s Camping &amp; Vandrarhem","isPartOf":{"@id":"https:\/\/164.92.144.183\/#website"},"datePublished":"2023-01-04T08:15:28+00:00","dateModified":"2023-01-16T10:27:47+00:00","breadcrumb":{"@id":"https:\/\/borascamping.se\/en\/accommodations\/boka\/#breadcrumb"},"inLanguage":"en-US","potentialAction":[{"@type":"ReadAction","target":["https:\/\/borascamping.se\/en\/accommodations\/boka\/"]}]},{"@type":"BreadcrumbList","@id":"https:\/\/borascamping.se\/en\/accommodations\/boka\/#breadcrumb","itemListElement":[{"@type":"ListItem","position":1,"name":"Accommodations","item":"https:\/\/borascamping.se\/en\/accommodations\/"},{"@type":"ListItem","position":2,"name":"BOKA"}]}]}},"acf":[],"_links":{"self":[{"href":"https:\/\/borascamping.se\/en\/wp-json\/wp\/v2\/pages\/3571"}],"collection":[{"href":"https:\/\/borascamping.se\/en\/wp-json\/wp\/v2\/pages"}],"about":[{"href":"https:\/\/borascamping.se\/en\/wp-json\/wp\/v2\/types\/page"}],"author":[{"embeddable":true,"href":"https:\/\/borascamping.se\/en\/wp-json\/wp\/v2\/users\/4"}],"replies":[{"embeddable":true,"href":"https:\/\/borascamping.se\/en\/wp-json\/wp\/v2\/comments?post=3571"}],"version-history":[{"count":2,"href":"https:\/\/borascamping.se\/en\/wp-json\/wp\/v2\/pages\/3571\/revisions"}],"predecessor-version":[{"id":3574,"href":"https:\/\/borascamping.se\/en\/wp-json\/wp\/v2\/pages\/3571\/revisions\/3574"}],"up":[{"embeddable":true,"href":"https:\/\/borascamping.se\/en\/wp-json\/wp\/v2\/pages\/1159"}],"wp:attachment":[{"href":"https:\/\/borascamping.se\/en\/wp-json\/wp\/v2\/media?parent=3571"}],"curies":[{"name":"wp","href":"https:\/\/api.w.org\/{rel}","templated":true}]}}